{"id":9472,"date":"2020-12-07T13:35:07","date_gmt":"2020-12-07T18:35:07","guid":{"rendered":"https:\/\/tempo2.solutionorange.com\/cactusfleuri\/?page_id=9472"},"modified":"2025-07-23T13:34:22","modified_gmt":"2025-07-23T17:34:22","slug":"emplois-et-stages","status":"publish","type":"page","link":"https:\/\/www.cactusfleuri.ca\/en\/emplois-et-stages\/","title":{"rendered":"Jobs and Internships"},"content":{"rendered":"<div id=\"fws_6a09ac0d6eec8\"  data-column-margin=\"20px\" data-midnight=\"dark\"  class=\"wpb_row vc_row-fluid vc_row vc_row-o-equal-height vc_row-flex vc_row-o-content-top  top_margin_40px\"  style=\"padding-top: 0px; padding-bottom: 0px; \"><div class=\"row-bg-wrap\" data-bg-animation=\"none\" data-bg-animation-delay=\"\" data-bg-overlay=\"false\"><div class=\"inner-wrap row-bg-layer\" ><div class=\"row-bg viewport-desktop\"  style=\"\"><\/div><\/div><\/div><div class=\"row_col_wrap_12 col span_12 dark left\">\n\t<div  class=\"vc_col-sm-12 wpb_column column_container vc_column_container col nectar-sticky-column no-extra-padding inherit_tablet inherit_phone\"  data-padding-pos=\"top\" data-has-bg-color=\"false\" data-bg-color=\"\" data-bg-opacity=\"1\" data-animation=\"\" data-delay=\"0\" >\n\t\t<div class=\"vc_column-inner\" >\n\t\t\t<div class=\"wpb_wrapper\">\n\t\t\t\t<h1 style=\"color: #c15405;text-align: left\" class=\"vc_custom_heading\" >Work in a tropical atmosphere all year round, right here in Quebec.<\/h1>\n<div class=\"wpb_text_column wpb_content_element\" >\n\t<div class=\"wpb_wrapper\">\n\t\t<h2>Unique experience!<\/h2>\n\t<\/div>\n<\/div>\n\n\n\n\n<div class=\"wpb_text_column wpb_content_element\" >\n\t<div class=\"wpb_wrapper\">\n\t\t<h4>If you dream of a change of scenery, of having your hands in the soil, and you\u2019re passionate about plants, we might have a spot for you!<\/h4>\n\t<\/div>\n<\/div>\n\n\n\n<div class=\"divider-wrap\" data-alignment=\"default\"><div style=\"margin-top: 12.5px; height: 4px; margin-bottom: 12.5px;\" data-width=\"100%\" data-animate=\"\" data-animation-delay=\"\" data-color=\"default\" class=\"divider-border\"><\/div><\/div>\n\t\t\t<\/div> \n\t\t<\/div>\n\t<\/div> \n<\/div><\/div>\n\t\t<div id=\"fws_6a09ac0d6f793\"  data-column-margin=\"20px\" data-midnight=\"dark\"  class=\"wpb_row vc_row-fluid vc_row vc_row-o-equal-height vc_row-flex vc_row-o-content-top\"  style=\"padding-top: 0px; padding-bottom: 0px; \"><div class=\"row-bg-wrap\" data-bg-animation=\"none\" data-bg-animation-delay=\"\" data-bg-overlay=\"false\"><div class=\"inner-wrap row-bg-layer\" ><div class=\"row-bg viewport-desktop\"  style=\"\"><\/div><\/div><\/div><div class=\"row_col_wrap_12 col span_12 dark left\">\n\t<div  class=\"vc_col-sm-6 wpb_column column_container vc_column_container col nectar-sticky-column no-extra-padding inherit_tablet inherit_phone\"  data-padding-pos=\"top\" data-has-bg-color=\"false\" data-bg-color=\"\" data-bg-opacity=\"1\" data-animation=\"\" data-delay=\"0\" >\n\t\t<div class=\"vc_column-inner\" >\n\t\t\t<div class=\"wpb_wrapper\">\n\t\t\t\t\n<div class=\"wpb_text_column wpb_content_element\" >\n\t<div class=\"wpb_wrapper\">\n\t\t<p>Our team is woven from people from different backgrounds with diverse experiences \u2014 a big family with unique faces and personalities. Each member brings their own strengths, and it\u2019s this blend that makes up our essence!<\/p>\n<p>If the adventure interests you, positions and opportunities open up regularly, so don\u2019t hesitate to send us your application and a short note about what motivates you to join the team and work in production greenhouses or customer service. If you\u2019re motivated and passionate, we need you! Every application is kept on file and reviewed when a position opens.<\/p>\n<p>Hope to see you soon<\/p>\n\t<\/div>\n<\/div>\n\n\n\n\n<div class=\"wpb_text_column wpb_content_element\" >\n\t<div class=\"wpb_wrapper\">\n\t\t<p>Contact:<br \/>\n<a href=\"mailto:melanie@cactusfleuri.com\"><strong>melanie@cactusfleuri.com<\/strong><\/a><\/p>\n\t<\/div>\n<\/div>\n\n\n\n<div class=\"img-with-aniamtion-wrap\" data-max-width=\"100%\" data-max-width-mobile=\"default\" data-shadow=\"small_depth\" data-animation=\"none\" >\n      <div class=\"inner\">\n        <div class=\"hover-wrap\"> \n          <div class=\"hover-wrap-inner\">\n            <img loading=\"lazy\" decoding=\"async\" class=\"img-with-animation skip-lazy\" data-delay=\"0\" height=\"1133\" width=\"1920\" data-animation=\"none\" src=\"https:\/\/www.cactusfleuri.ca\/wp-content\/uploads\/2025\/07\/POUPONNIERE.jpg\" alt=\"Pouponni\u00e8re\" srcset=\"https:\/\/www.cactusfleuri.ca\/wp-content\/uploads\/2025\/07\/POUPONNIERE.jpg 1920w, https:\/\/www.cactusfleuri.ca\/wp-content\/uploads\/2025\/07\/POUPONNIERE-600x354.jpg 600w, https:\/\/www.cactusfleuri.ca\/wp-content\/uploads\/2025\/07\/POUPONNIERE-300x177.jpg 300w, https:\/\/www.cactusfleuri.ca\/wp-content\/uploads\/2025\/07\/POUPONNIERE-1024x604.jpg 1024w, https:\/\/www.cactusfleuri.ca\/wp-content\/uploads\/2025\/07\/POUPONNIERE-768x453.jpg 768w, https:\/\/www.cactusfleuri.ca\/wp-content\/uploads\/2025\/07\/POUPONNIERE-1536x906.jpg 1536w, https:\/\/www.cactusfleuri.ca\/wp-content\/uploads\/2025\/07\/POUPONNIERE-18x12.jpg 18w\" sizes=\"auto, (max-width: 1920px) 100vw, 1920px\" \/>\n          <\/div>\n        <\/div>\n      <\/div>\n    <\/div>\n<div class=\"wpb_text_column wpb_content_element  wpb_animate_when_almost_visible wpb_bounceIn bounceIn\" >\n\t<div class=\"wpb_wrapper\">\n\t\t<blockquote>\n<h5 style=\"text-align: left;\">Meet the passionate founders behind our story \u2014 watch the video!<\/h5>\n<\/blockquote>\n\t<\/div>\n<\/div>\n\n\n\n<div class=\"tilt-button-wrap\"> <div class=\"tilt-button-inner\"><a class=\"nectar-button jumbo regular-tilt accent-color tilt has-icon  wpb_animate_when_almost_visible wpb_pulse pulse regular-button\"  style=\"\"  href=\"https:\/\/www.youtube.com\/watch?v=1yERQJr6uuA\" data-color-override=\"false\" data-hover-color-override=\"false\" data-hover-text-color-override=\"#fff\"><span>Le Cactus Fleuri et sa mission employeur<\/span><i  class=\"fa fa-video-camera\"><\/i><\/a><\/div><\/div>\n\t\t\t<\/div> \n\t\t<\/div>\n\t<\/div> \n\n\t<div  class=\"vc_col-sm-6 wpb_column column_container vc_column_container col no-extra-padding el_spacing_10px inherit_tablet inherit_phone\"  data-padding-pos=\"all\" data-has-bg-color=\"false\" data-bg-color=\"\" data-bg-opacity=\"1\" data-animation=\"\" data-delay=\"0\" >\n\t\t<div class=\"vc_column-inner\" >\n\t\t\t<div class=\"wpb_wrapper\">\n\t\t\t\t<div class=\"img-with-aniamtion-wrap\" data-max-width=\"100%\" data-max-width-mobile=\"default\" data-shadow=\"small_depth\" data-animation=\"none\" >\n      <div class=\"inner\">\n        <div class=\"hover-wrap\"> \n          <div class=\"hover-wrap-inner\">\n            <img loading=\"lazy\" decoding=\"async\" class=\"img-with-animation skip-lazy\" data-delay=\"0\" height=\"1510\" width=\"1920\" data-animation=\"none\" src=\"https:\/\/www.cactusfleuri.ca\/wp-content\/uploads\/2025\/07\/EMPLOYEES.jpg\" alt=\"Un emploi stimulant\" srcset=\"https:\/\/www.cactusfleuri.ca\/wp-content\/uploads\/2025\/07\/EMPLOYEES.jpg 1920w, https:\/\/www.cactusfleuri.ca\/wp-content\/uploads\/2025\/07\/EMPLOYEES-600x472.jpg 600w, https:\/\/www.cactusfleuri.ca\/wp-content\/uploads\/2025\/07\/EMPLOYEES-300x236.jpg 300w, https:\/\/www.cactusfleuri.ca\/wp-content\/uploads\/2025\/07\/EMPLOYEES-1024x805.jpg 1024w, https:\/\/www.cactusfleuri.ca\/wp-content\/uploads\/2025\/07\/EMPLOYEES-768x604.jpg 768w, https:\/\/www.cactusfleuri.ca\/wp-content\/uploads\/2025\/07\/EMPLOYEES-1536x1208.jpg 1536w, https:\/\/www.cactusfleuri.ca\/wp-content\/uploads\/2025\/07\/EMPLOYEES-15x12.jpg 15w\" sizes=\"auto, (max-width: 1920px) 100vw, 1920px\" \/>\n          <\/div>\n        <\/div>\n      <\/div>\n    <\/div><div class=\"img-with-aniamtion-wrap\" data-max-width=\"100%\" data-max-width-mobile=\"default\" data-shadow=\"small_depth\" data-animation=\"none\" >\n      <div class=\"inner\">\n        <div class=\"hover-wrap\"> \n          <div class=\"hover-wrap-inner\">\n            <img loading=\"lazy\" decoding=\"async\" class=\"img-with-animation skip-lazy\" data-delay=\"0\" height=\"1920\" width=\"1440\" data-animation=\"none\" src=\"https:\/\/www.cactusfleuri.ca\/wp-content\/uploads\/2025\/07\/Travaille-en-serres-Le-Cactus-Fleuri-1920pxComp.jpg\" alt=\"travaille en serres le cactus fleuri\" srcset=\"https:\/\/www.cactusfleuri.ca\/wp-content\/uploads\/2025\/07\/Travaille-en-serres-Le-Cactus-Fleuri-1920pxComp.jpg 1440w, https:\/\/www.cactusfleuri.ca\/wp-content\/uploads\/2025\/07\/Travaille-en-serres-Le-Cactus-Fleuri-1920pxComp-600x800.jpg 600w, https:\/\/www.cactusfleuri.ca\/wp-content\/uploads\/2025\/07\/Travaille-en-serres-Le-Cactus-Fleuri-1920pxComp-225x300.jpg 225w, https:\/\/www.cactusfleuri.ca\/wp-content\/uploads\/2025\/07\/Travaille-en-serres-Le-Cactus-Fleuri-1920pxComp-768x1024.jpg 768w, https:\/\/www.cactusfleuri.ca\/wp-content\/uploads\/2025\/07\/Travaille-en-serres-Le-Cactus-Fleuri-1920pxComp-1152x1536.jpg 1152w, https:\/\/www.cactusfleuri.ca\/wp-content\/uploads\/2025\/07\/Travaille-en-serres-Le-Cactus-Fleuri-1920pxComp-9x12.jpg 9w\" sizes=\"auto, (max-width: 1440px) 100vw, 1440px\" \/>\n          <\/div>\n        <\/div>\n      <\/div>\n    <\/div>\n\t\t\t<\/div> \n\t\t<\/div>\n\t<\/div> \n<\/div><\/div>\n\t\t<div id=\"fws_6a09ac0d70803\"  data-column-margin=\"default\" data-midnight=\"dark\"  class=\"wpb_row vc_row-fluid vc_row\"  style=\"padding-top: 0px; padding-bottom: 0px; \"><div class=\"row-bg-wrap\" data-bg-animation=\"none\" data-bg-animation-delay=\"\" data-bg-overlay=\"false\"><div class=\"inner-wrap row-bg-layer\" ><div class=\"row-bg viewport-desktop\"  style=\"\"><\/div><\/div><\/div><div class=\"row_col_wrap_12 col span_12 dark left\">\n\t<div  class=\"vc_col-sm-12 wpb_column column_container vc_column_container col no-extra-padding inherit_tablet inherit_phone\"  data-padding-pos=\"all\" data-has-bg-color=\"false\" data-bg-color=\"\" data-bg-opacity=\"1\" data-animation=\"\" data-delay=\"0\" >\n\t\t<div class=\"vc_column-inner\" >\n\t\t\t<div class=\"wpb_wrapper\">\n\t\t\t\t<div class=\"divider-wrap\" data-alignment=\"default\"><div style=\"margin-top: 12.5px; height: 4px; margin-bottom: 12.5px;\" data-width=\"100%\" data-animate=\"\" data-animation-delay=\"\" data-color=\"extra-color-2\" class=\"divider-border\"><\/div><\/div><h3 style=\"color: #c15405;text-align: left\" class=\"vc_custom_heading\" >Internship in a company<\/h3>\n<div class=\"wpb_text_column wpb_content_element\" >\n\t<div class=\"wpb_wrapper\">\n\t\t<h4>Every year, we give dozens of students the chance to get hands-on experience in our greenhouses.<\/h4>\n\t<\/div>\n<\/div>\n\n\n\n\n<div class=\"wpb_text_column wpb_content_element\" >\n\t<div class=\"wpb_wrapper\">\n\t\t<p>We\u2019re always happy to welcome students and training groups. It\u2019s such a rewarding experience to share our daily work with you and show what the profession is really like. Over the years, we\u2019ve hosted hundreds of interns from a wide range of fields \u2014 horticulture, agriculture, biology, and more.<\/p>\n<p>Contact us to learn more!<\/p>\n\t<\/div>\n<\/div>\n\n\n\n<a class=\"nectar-button large see-through-2  has-icon\"  style=\"margin-top: 20px; \"  href=\"https:\/\/www.cactusfleuri.ca\/en\/contact\/\" data-color-override=\"false\" data-hover-color-override=\"false\" data-hover-text-color-override=\"#ffffff\"><span>Contact<\/span><i  class=\"icon-button-arrow\"><\/i><\/a>\n\t\t\t<\/div> \n\t\t<\/div>\n\t<\/div> \n<\/div><\/div>\n\t\t<div id=\"fws_6a09ac0d71036\"  data-column-margin=\"default\" data-midnight=\"dark\"  class=\"wpb_row vc_row-fluid vc_row\"  style=\"padding-top: 0px; padding-bottom: 0px; \"><div class=\"row-bg-wrap\" data-bg-animation=\"none\" data-bg-animation-delay=\"\" data-bg-overlay=\"false\"><div class=\"inner-wrap row-bg-layer\" ><div class=\"row-bg viewport-desktop\"  style=\"\"><\/div><\/div><\/div><div class=\"row_col_wrap_12 col span_12 dark left\">\n\t<div  class=\"vc_col-sm-3 wpb_column column_container vc_column_container col no-extra-padding inherit_tablet inherit_phone\"  data-padding-pos=\"all\" data-has-bg-color=\"false\" data-bg-color=\"\" data-bg-opacity=\"1\" data-animation=\"\" data-delay=\"0\" >\n\t\t<div class=\"vc_column-inner\" >\n\t\t\t<div class=\"wpb_wrapper\">\n\t\t\t\t<div class=\"img-with-aniamtion-wrap\" data-max-width=\"100%\" data-max-width-mobile=\"default\" data-shadow=\"none\" data-animation=\"none\" >\n      <div class=\"inner\">\n        <div class=\"hover-wrap\"> \n          <div class=\"hover-wrap-inner\">\n            <img loading=\"lazy\" decoding=\"async\" class=\"img-with-animation skip-lazy\" data-delay=\"0\" height=\"1302\" width=\"1307\" data-animation=\"none\" src=\"https:\/\/www.cactusfleuri.ca\/wp-content\/uploads\/2025\/07\/Melanie-scaled-1-e1753281603339.jpg\" alt=\"Directrice g\u00e9n\u00e9rale Le Cactus Fleuri\" srcset=\"https:\/\/www.cactusfleuri.ca\/wp-content\/uploads\/2025\/07\/Melanie-scaled-1-e1753281603339.jpg 1307w, https:\/\/www.cactusfleuri.ca\/wp-content\/uploads\/2025\/07\/Melanie-scaled-1-e1753281603339-300x300.jpg 300w, https:\/\/www.cactusfleuri.ca\/wp-content\/uploads\/2025\/07\/Melanie-scaled-1-e1753281603339-150x150.jpg 150w, https:\/\/www.cactusfleuri.ca\/wp-content\/uploads\/2025\/07\/Melanie-scaled-1-e1753281603339-600x598.jpg 600w, https:\/\/www.cactusfleuri.ca\/wp-content\/uploads\/2025\/07\/Melanie-scaled-1-e1753281603339-1024x1020.jpg 1024w, https:\/\/www.cactusfleuri.ca\/wp-content\/uploads\/2025\/07\/Melanie-scaled-1-e1753281603339-768x765.jpg 768w, https:\/\/www.cactusfleuri.ca\/wp-content\/uploads\/2025\/07\/Melanie-scaled-1-e1753281603339-12x12.jpg 12w, https:\/\/www.cactusfleuri.ca\/wp-content\/uploads\/2025\/07\/Melanie-scaled-1-e1753281603339-100x100.jpg 100w, https:\/\/www.cactusfleuri.ca\/wp-content\/uploads\/2025\/07\/Melanie-scaled-1-e1753281603339-140x140.jpg 140w, https:\/\/www.cactusfleuri.ca\/wp-content\/uploads\/2025\/07\/Melanie-scaled-1-e1753281603339-350x350.jpg 350w\" sizes=\"auto, (max-width: 1307px) 100vw, 1307px\" \/>\n          <\/div>\n        <\/div>\n      <\/div>\n    <\/div>\n\t\t\t<\/div> \n\t\t<\/div>\n\t<\/div> \n\n\t<div  class=\"vc_col-sm-9 wpb_column column_container vc_column_container col no-extra-padding inherit_tablet inherit_phone\"  data-padding-pos=\"all\" data-has-bg-color=\"false\" data-bg-color=\"\" data-bg-opacity=\"1\" data-animation=\"\" data-delay=\"0\" >\n\t\t<div class=\"vc_column-inner\" >\n\t\t\t<div class=\"wpb_wrapper\">\n\t\t\t\t<div class=\"divider-wrap\" data-alignment=\"default\"><div style=\"margin-top: 12.5px; height: 1px; margin-bottom: 12.5px;\" data-width=\"100%\" data-animate=\"\" data-animation-delay=\"\" data-color=\"default\" class=\"divider-border\"><\/div><\/div>\n<div class=\"wpb_text_column wpb_content_element\" >\n\t<div class=\"wpb_wrapper\">\n\t\t<h6>Person responsible for the protection of personal information<\/h6>\n<p>M\u00e9lanie Br\u00fbl\u00e9<br \/>\nGeneral Director<br \/>\n__________<\/p>\n<p>450.795.3383 post 207<\/p>\n<p><a href=\"mailto:melanie@cactusfleuri.com\">melanie@cactusfleuri.com<\/a><\/p>\n\t<\/div>\n<\/div>\n\n\n\n<div class=\"divider-wrap\" data-alignment=\"default\"><div style=\"margin-top: 12.5px; height: 1px; margin-bottom: 12.5px;\" data-width=\"100%\" data-animate=\"\" data-animation-delay=\"\" data-color=\"default\" class=\"divider-border\"><\/div><\/div>\n\t\t\t<\/div> \n\t\t<\/div>\n\t<\/div> \n<\/div><\/div>","protected":false},"excerpt":{"rendered":"Travaillez dans une ambiance tropicale toute l'ann\u00e9e, ici au Qu\u00e9bec Exp\u00e9rience unique ! Si tu r\u00eaves de d\u00e9paysement, d'avoir les mains dans la terre et que tu es passionn\u00e9 par...","protected":false},"author":3,"featured_media":0,"parent":0,"menu_order":0,"comment_status":"closed","ping_status":"closed","template":"","meta":{"_seopress_robots_primary_cat":"","_seopress_titles_title":"Emplois et Stages | Le Cactus Fleuri","_seopress_titles_desc":"Faire carri\u00e8re dans l'horticulture ornementale au sein d'un environnement exotique, postes \u00e0 l'ann\u00e9e.","_seopress_robots_index":"","_seopress_analysis_target_kw":"emploi,stage,horticulture,serre,production,vente,conseil,formation","footnotes":""},"class_list":["post-9472","page","type-page","status-publish"],"_links":{"self":[{"href":"https:\/\/www.cactusfleuri.ca\/en\/wp-json\/wp\/v2\/pages\/9472","targetHints":{"allow":["GET"]}}],"collection":[{"href":"https:\/\/www.cactusfleuri.ca\/en\/wp-json\/wp\/v2\/pages"}],"about":[{"href":"https:\/\/www.cactusfleuri.ca\/en\/wp-json\/wp\/v2\/types\/page"}],"author":[{"embeddable":true,"href":"https:\/\/www.cactusfleuri.ca\/en\/wp-json\/wp\/v2\/users\/3"}],"replies":[{"embeddable":true,"href":"https:\/\/www.cactusfleuri.ca\/en\/wp-json\/wp\/v2\/comments?post=9472"}],"version-history":[{"count":73,"href":"https:\/\/www.cactusfleuri.ca\/en\/wp-json\/wp\/v2\/pages\/9472\/revisions"}],"predecessor-version":[{"id":15047,"href":"https:\/\/www.cactusfleuri.ca\/en\/wp-json\/wp\/v2\/pages\/9472\/revisions\/15047"}],"wp:attachment":[{"href":"https:\/\/www.cactusfleuri.ca\/en\/wp-json\/wp\/v2\/media?parent=9472"}],"curies":[{"name":"wp","href":"https:\/\/api.w.org\/{rel}","templated":true}]}}