{"id":8616,"date":"2020-11-04T14:37:46","date_gmt":"2020-11-04T19:37:46","guid":{"rendered":"https:\/\/tempo2.solutionorange.com\/cactusfleuri\/?page_id=8616"},"modified":"2025-07-23T13:12:52","modified_gmt":"2025-07-23T17:12:52","slug":"campagnes-de-financement","status":"publish","type":"page","link":"https:\/\/www.cactusfleuri.ca\/en\/campagnes-de-financement\/","title":{"rendered":"Fundraising campaign"},"content":{"rendered":"<div id=\"fws_6a09ac0ed74cd\"  data-column-margin=\"default\" data-midnight=\"dark\"  class=\"wpb_row vc_row-fluid vc_row\"  style=\"padding-top: 0px; padding-bottom: 0px; \"><div class=\"row-bg-wrap\" data-bg-animation=\"none\" data-bg-animation-delay=\"\" data-bg-overlay=\"false\"><div class=\"inner-wrap row-bg-layer\" ><div class=\"row-bg viewport-desktop\"  style=\"\"><\/div><\/div><\/div><div class=\"row_col_wrap_12 col span_12 dark left\">\n\t<div  class=\"vc_col-sm-12 wpb_column column_container vc_column_container col no-extra-padding inherit_tablet inherit_phone\"  data-padding-pos=\"top-bottom\" data-has-bg-color=\"false\" data-bg-color=\"\" data-bg-opacity=\"1\" data-animation=\"\" data-delay=\"0\" >\n\t\t<div class=\"vc_column-inner\" >\n\t\t\t<div class=\"wpb_wrapper\">\n\t\t\t\t<div class=\"divider-wrap\" data-alignment=\"default\"><div style=\"height: 25px;\" class=\"divider\"><\/div><\/div><h1 style=\"color: #c15405;text-align: left\" class=\"vc_custom_heading\" >For a green campaign with a spicy touch.<\/h1>\n<div class=\"wpb_text_column wpb_content_element\" >\n\t<div class=\"wpb_wrapper\">\n\t\t<h2><span class=\"span-bleu\">Raise funds for all your activities!<\/span><\/h2>\n\t<\/div>\n<\/div>\n\n\n\n<div class=\"divider-wrap\" data-alignment=\"default\"><div style=\"margin-top: 12.5px; height: 4px; margin-bottom: 12.5px;\" data-width=\"100%\" data-animate=\"\" data-animation-delay=\"\" data-color=\"default\" class=\"divider-border\"><\/div><\/div><div class=\"iwithtext\"><div class=\"iwt-icon\"> <i class=\"icon-default-style steadysets-icon-sun accent-color\"><\/i> <\/div><div class=\"iwt-text\"> \n<h5>Proudly grown in Quebec<\/h5>\n <\/div><div class=\"clear\"><\/div><\/div><div class=\"iwithtext\"><div class=\"iwt-icon\"> <i class=\"icon-default-style steadysets-icon-sun accent-color\"><\/i> <\/div><div class=\"iwt-text\"> \n<h5>Eco-friendly greenhouses with low GHG emissions<\/h5>\n <\/div><div class=\"clear\"><\/div><\/div><div class=\"iwithtext\"><div class=\"iwt-icon\"> <i class=\"icon-default-style steadysets-icon-sun accent-color\"><\/i> <\/div><div class=\"iwt-text\"> \n<h5>A generous profit margin of over 50% to help fund your projects<\/h5>\n <\/div><div class=\"clear\"><\/div><\/div><div class=\"divider-wrap\" data-alignment=\"default\"><div style=\"margin-top: 12.5px; height: 4px; margin-bottom: 12.5px;\" data-width=\"100%\" data-animate=\"\" data-animation-delay=\"\" data-color=\"default\" class=\"divider-border\"><\/div><\/div>\n\t\t\t<\/div> \n\t\t<\/div>\n\t<\/div> \n<\/div><\/div>\n\t\t<div id=\"fws_6a09ac0ed7e69\"  data-column-margin=\"20px\" data-midnight=\"dark\"  class=\"wpb_row vc_row-fluid vc_row\"  style=\"padding-top: 0px; padding-bottom: 0px; \"><div class=\"row-bg-wrap\" data-bg-animation=\"none\" data-bg-animation-delay=\"\" data-bg-overlay=\"false\"><div class=\"inner-wrap row-bg-layer\" ><div class=\"row-bg viewport-desktop\"  style=\"\"><\/div><\/div><\/div><div class=\"row_col_wrap_12 col span_12 dark left\">\n\t<div  class=\"vc_col-sm-6 wpb_column column_container vc_column_container col no-extra-padding el_spacing_10px inherit_tablet inherit_phone\"  data-padding-pos=\"all\" data-has-bg-color=\"false\" data-bg-color=\"\" data-bg-opacity=\"1\" data-animation=\"\" data-delay=\"0\" >\n\t\t<div class=\"vc_column-inner\" >\n\t\t\t<div class=\"wpb_wrapper\">\n\t\t\t\t\n<div class=\"wpb_text_column wpb_content_element\" >\n\t<div class=\"wpb_wrapper\">\n\t\t<h5>Make your campaign a real success by offering cacti and succulents \u2014 a trendy, in-demand product that will make you stand out for sure.<\/h5>\n<p>Call on the specialists in cacti and succulents to boost your profits! Whether you\u2019re raising funds for sports activities, trips, student projects, humanitarian causes, or graduation events, we\u2019re here to support you. Our fundraising campaigns are simple and hassle-free \u2014 every order is carefully prepared and delivered by our team. To date, more than 200 associations and organizations have trusted us to launch their projects. Our experience will guide you every step of the way to make your campaign a true success.<\/p>\n<h5>Contact us for any questions or additional information.<\/h5>\n\t<\/div>\n<\/div>\n\n\n\n<a class=\"nectar-button large see-through-2  has-icon\"  style=\"margin-right: 10px; \" target=\"_blank\" href=\"https:\/\/www.cactusfleuri.ca\/en\/contact\/\" data-color-override=\"false\" data-hover-color-override=\"false\" data-hover-text-color-override=\"#ffffff\"><span>CONTACT<\/span><i  class=\"fa fa-envelope\"><\/i><\/a><div class=\"img-with-aniamtion-wrap  custom-size\" data-max-width=\"100%\" data-max-width-mobile=\"default\" data-shadow=\"small_depth\" data-animation=\"none\" >\n      <div class=\"inner\">\n        <div class=\"hover-wrap\"> \n          <div class=\"hover-wrap-inner\">\n            <a href=\"https:\/\/www.cactusfleuri.ca\/wp-content\/uploads\/2022\/11\/Campagne_Financement_Cactus_Fleuri_compressed.pdf\" target=\"_blank\" class=\"\">\n              <img loading=\"lazy\" decoding=\"async\" class=\"img-with-animation skip-lazy\" data-delay=\"0\" height=\"1024\" width=\"791\" data-animation=\"none\" src=\"https:\/\/www.cactusfleuri.ca\/wp-content\/uploads\/2020\/11\/Financements-791x1024.jpg\" alt=\"Campagnes de Financement\" srcset=\"https:\/\/www.cactusfleuri.ca\/wp-content\/uploads\/2020\/11\/Financements-791x1024.jpg 791w, https:\/\/www.cactusfleuri.ca\/wp-content\/uploads\/2020\/11\/Financements-600x776.jpg 600w, https:\/\/www.cactusfleuri.ca\/wp-content\/uploads\/2020\/11\/Financements-232x300.jpg 232w, https:\/\/www.cactusfleuri.ca\/wp-content\/uploads\/2020\/11\/Financements-768x994.jpg 768w, https:\/\/www.cactusfleuri.ca\/wp-content\/uploads\/2020\/11\/Financements.jpg 816w\" sizes=\"auto, (max-width: 791px) 100vw, 791px\" \/>\n            <\/a>\n          <\/div>\n        <\/div>\n      <\/div>\n      <\/div><a class=\"nectar-button large see-through-2  has-icon\"  style=\"margin-top: 20px; \" target=\"_blank\" href=\"https:\/\/www.cactusfleuri.ca\/wp-content\/uploads\/2022\/11\/Campagne_Financement_Cactus_Fleuri_compressed.pdf\" data-color-override=\"false\" data-hover-color-override=\"false\" data-hover-text-color-override=\"#ffffff\"><span>Catalog<\/span><i  class=\"fa fa-download\"><\/i><\/a><div class=\"img-with-aniamtion-wrap  custom-size\" data-max-width=\"100%\" data-max-width-mobile=\"default\" data-shadow=\"small_depth\" data-animation=\"none\" >\n      <div class=\"inner\">\n        <div class=\"hover-wrap\"> \n          <div class=\"hover-wrap-inner\">\n            <a href=\"https:\/\/www.cactusfleuri.ca\/wp-content\/uploads\/2022\/11\/Campagne_Financement_Cactus_Fleuri_compressed.pdf\" target=\"_blank\" class=\"\">\n              <img loading=\"lazy\" decoding=\"async\" class=\"img-with-animation skip-lazy\" data-delay=\"0\" height=\"604\" width=\"900\" data-animation=\"none\" src=\"https:\/\/www.cactusfleuri.ca\/wp-content\/uploads\/2025\/07\/succulentes-assortie-25d-1920pxCOMP-900x604.jpg\" alt=\"succulentes assortie 2,5&#039;&#039;d 1920pxcomp\" srcset=\"https:\/\/www.cactusfleuri.ca\/wp-content\/uploads\/2025\/07\/succulentes-assortie-25d-1920pxCOMP-900x604.jpg 900w, https:\/\/www.cactusfleuri.ca\/wp-content\/uploads\/2025\/07\/succulentes-assortie-25d-1920pxCOMP-600x403.jpg 600w, https:\/\/www.cactusfleuri.ca\/wp-content\/uploads\/2025\/07\/succulentes-assortie-25d-1920pxCOMP-400x269.jpg 400w\" sizes=\"auto, (max-width: 900px) 100vw, 900px\" \/>\n            <\/a>\n          <\/div>\n        <\/div>\n      <\/div>\n      <\/div>\n\t\t\t<\/div> \n\t\t<\/div>\n\t<\/div> \n\n\t<div  class=\"vc_col-sm-6 wpb_column column_container vc_column_container col no-extra-padding el_spacing_10px inherit_tablet inherit_phone\"  data-padding-pos=\"all\" data-has-bg-color=\"false\" data-bg-color=\"\" data-bg-opacity=\"1\" data-animation=\"\" data-delay=\"0\" >\n\t\t<div class=\"vc_column-inner\" >\n\t\t\t<div class=\"wpb_wrapper\">\n\t\t\t\t<div class=\"img-with-aniamtion-wrap  custom-size\" data-max-width=\"100%\" data-max-width-mobile=\"default\" data-shadow=\"small_depth\" data-animation=\"none\" >\n      <div class=\"inner\">\n        <div class=\"hover-wrap\"> \n          <div class=\"hover-wrap-inner\">\n            <a href=\"https:\/\/www.cactusfleuri.ca\/wp-content\/uploads\/2022\/11\/Campagne_Financement_Cactus_Fleuri_compressed.pdf\" target=\"_blank\" class=\"\">\n              <img loading=\"lazy\" decoding=\"async\" class=\"img-with-animation skip-lazy\" data-delay=\"0\" height=\"604\" width=\"900\" data-animation=\"none\" src=\"https:\/\/www.cactusfleuri.ca\/wp-content\/uploads\/2025\/07\/Succulantes-Assorties-Pots-15-h-1920pxCOMP-900x604.jpg\" alt=\"succulantes assorties pots 1,5&#039;&#039; h 1920pxcomp\" srcset=\"https:\/\/www.cactusfleuri.ca\/wp-content\/uploads\/2025\/07\/Succulantes-Assorties-Pots-15-h-1920pxCOMP-900x604.jpg 900w, https:\/\/www.cactusfleuri.ca\/wp-content\/uploads\/2025\/07\/Succulantes-Assorties-Pots-15-h-1920pxCOMP-18x12.jpg 18w, https:\/\/www.cactusfleuri.ca\/wp-content\/uploads\/2025\/07\/Succulantes-Assorties-Pots-15-h-1920pxCOMP-600x403.jpg 600w, https:\/\/www.cactusfleuri.ca\/wp-content\/uploads\/2025\/07\/Succulantes-Assorties-Pots-15-h-1920pxCOMP-400x269.jpg 400w\" sizes=\"auto, (max-width: 900px) 100vw, 900px\" \/>\n            <\/a>\n          <\/div>\n        <\/div>\n      <\/div>\n      <\/div><div class=\"img-with-aniamtion-wrap  custom-size\" data-max-width=\"100%\" data-max-width-mobile=\"default\" data-shadow=\"small_depth\" data-animation=\"none\" >\n      <div class=\"inner\">\n        <div class=\"hover-wrap\"> \n          <div class=\"hover-wrap-inner\">\n            <a href=\"https:\/\/www.cactusfleuri.ca\/wp-content\/uploads\/2022\/11\/Campagne_Financement_Cactus_Fleuri_compressed.pdf\" target=\"_blank\" class=\"\">\n              <img loading=\"lazy\" decoding=\"async\" class=\"img-with-animation skip-lazy\" data-delay=\"0\" height=\"604\" width=\"900\" data-animation=\"none\" src=\"https:\/\/www.cactusfleuri.ca\/wp-content\/uploads\/2025\/07\/Cereus-4-assortie-1920pxCOMP-900x604.jpg\" alt=\"cereus 4&#039;&#039; assortie Campagne de financement plante cultiv\u00e9es au Quebec\" srcset=\"https:\/\/www.cactusfleuri.ca\/wp-content\/uploads\/2025\/07\/Cereus-4-assortie-1920pxCOMP-900x604.jpg 900w, https:\/\/www.cactusfleuri.ca\/wp-content\/uploads\/2025\/07\/Cereus-4-assortie-1920pxCOMP-18x12.jpg 18w, https:\/\/www.cactusfleuri.ca\/wp-content\/uploads\/2025\/07\/Cereus-4-assortie-1920pxCOMP-600x403.jpg 600w, https:\/\/www.cactusfleuri.ca\/wp-content\/uploads\/2025\/07\/Cereus-4-assortie-1920pxCOMP-400x269.jpg 400w\" sizes=\"auto, (max-width: 900px) 100vw, 900px\" \/>\n            <\/a>\n          <\/div>\n        <\/div>\n      <\/div>\n      <\/div><div class=\"img-with-aniamtion-wrap  custom-size\" data-max-width=\"100%\" data-max-width-mobile=\"default\" data-shadow=\"small_depth\" data-animation=\"none\" >\n      <div class=\"inner\">\n        <div class=\"hover-wrap\"> \n          <div class=\"hover-wrap-inner\">\n            <a href=\"https:\/\/www.cactusfleuri.ca\/wp-content\/uploads\/2022\/11\/Campagne_Financement_Cactus_Fleuri_compressed.pdf\" target=\"_blank\" class=\"\">\n              <img loading=\"lazy\" decoding=\"async\" class=\"img-with-animation skip-lazy\" data-delay=\"0\" height=\"604\" width=\"900\" data-animation=\"none\" src=\"https:\/\/www.cactusfleuri.ca\/wp-content\/uploads\/2025\/07\/succulentes-assortie-25f-1920pxCOMP-900x604.jpg\" alt=\"succulentes assortie 2,5&#039;&#039;f 1920pxcomp\" srcset=\"https:\/\/www.cactusfleuri.ca\/wp-content\/uploads\/2025\/07\/succulentes-assortie-25f-1920pxCOMP-900x604.jpg 900w, https:\/\/www.cactusfleuri.ca\/wp-content\/uploads\/2025\/07\/succulentes-assortie-25f-1920pxCOMP-600x403.jpg 600w, https:\/\/www.cactusfleuri.ca\/wp-content\/uploads\/2025\/07\/succulentes-assortie-25f-1920pxCOMP-400x269.jpg 400w\" sizes=\"auto, (max-width: 900px) 100vw, 900px\" \/>\n            <\/a>\n          <\/div>\n        <\/div>\n      <\/div>\n      <\/div><div class=\"img-with-aniamtion-wrap  custom-size\" data-max-width=\"100%\" data-max-width-mobile=\"default\" data-shadow=\"small_depth\" data-animation=\"none\" >\n      <div class=\"inner\">\n        <div class=\"hover-wrap\"> \n          <div class=\"hover-wrap-inner\">\n            <a href=\"https:\/\/www.cactusfleuri.ca\/wp-content\/uploads\/2022\/11\/Campagne_Financement_Cactus_Fleuri_compressed.pdf\" target=\"_blank\" class=\"\">\n              <img loading=\"lazy\" decoding=\"async\" class=\"img-with-animation skip-lazy\" data-delay=\"0\" height=\"604\" width=\"900\" data-animation=\"none\" src=\"https:\/\/www.cactusfleuri.ca\/wp-content\/uploads\/2025\/07\/Aloes-468-1920pxCOMP-900x604.jpg\" alt=\"aloes 4&#039;&#039;6&#039;&#039;8&#039;&#039; cultiv\u00e9 au Quebec au cactus fleuri pour des campagnes de financement\" srcset=\"https:\/\/www.cactusfleuri.ca\/wp-content\/uploads\/2025\/07\/Aloes-468-1920pxCOMP-900x604.jpg 900w, https:\/\/www.cactusfleuri.ca\/wp-content\/uploads\/2025\/07\/Aloes-468-1920pxCOMP-16x12.jpg 16w, https:\/\/www.cactusfleuri.ca\/wp-content\/uploads\/2025\/07\/Aloes-468-1920pxCOMP-600x403.jpg 600w, https:\/\/www.cactusfleuri.ca\/wp-content\/uploads\/2025\/07\/Aloes-468-1920pxCOMP-400x269.jpg 400w\" sizes=\"auto, (max-width: 900px) 100vw, 900px\" \/>\n            <\/a>\n          <\/div>\n        <\/div>\n      <\/div>\n      <\/div>\n\t\t\t<\/div> \n\t\t<\/div>\n\t<\/div> \n<\/div><\/div>","protected":false},"excerpt":{"rendered":"Pour une campagne verte qui a du piquant Financez toutes vos activit\u00e9s ! Des plantes fi\u00e8rement locales du Qu\u00e9bec Des serres \u00e9coresponsables \u00e0 faible \u00e9mission de GES Une marge de...","protected":false},"author":3,"featured_media":0,"parent":0,"menu_order":0,"comment_status":"closed","ping_status":"closed","template":"","meta":{"_seopress_robots_primary_cat":"","_seopress_titles_title":"Campagnes de financement | Le Cactus Fleuri","_seopress_titles_desc":"Pour une campagne de financement verte et originale, fa\u00eetes confiance \u00e0 l'expertise du Cactus Fleuri pour en faire un franc succ\u00e8s!","_seopress_robots_index":"","_seopress_analysis_target_kw":"campagne de financement,financement scolaire,organismes,auto-financement,bal,voyage,lev\u00e9e de fonds","footnotes":""},"class_list":["post-8616","page","type-page","status-publish"],"_links":{"self":[{"href":"https:\/\/www.cactusfleuri.ca\/en\/wp-json\/wp\/v2\/pages\/8616","targetHints":{"allow":["GET"]}}],"collection":[{"href":"https:\/\/www.cactusfleuri.ca\/en\/wp-json\/wp\/v2\/pages"}],"about":[{"href":"https:\/\/www.cactusfleuri.ca\/en\/wp-json\/wp\/v2\/types\/page"}],"author":[{"embeddable":true,"href":"https:\/\/www.cactusfleuri.ca\/en\/wp-json\/wp\/v2\/users\/3"}],"replies":[{"embeddable":true,"href":"https:\/\/www.cactusfleuri.ca\/en\/wp-json\/wp\/v2\/comments?post=8616"}],"version-history":[{"count":75,"href":"https:\/\/www.cactusfleuri.ca\/en\/wp-json\/wp\/v2\/pages\/8616\/revisions"}],"predecessor-version":[{"id":15036,"href":"https:\/\/www.cactusfleuri.ca\/en\/wp-json\/wp\/v2\/pages\/8616\/revisions\/15036"}],"wp:attachment":[{"href":"https:\/\/www.cactusfleuri.ca\/en\/wp-json\/wp\/v2\/media?parent=8616"}],"curies":[{"name":"wp","href":"https:\/\/api.w.org\/{rel}","templated":true}]}}