{"id":8589,"date":"2020-11-04T12:32:49","date_gmt":"2020-11-04T17:32:49","guid":{"rendered":"https:\/\/tempo2.solutionorange.com\/cactusfleuri\/?page_id=8589"},"modified":"2025-07-18T14:26:24","modified_gmt":"2025-07-18T18:26:24","slug":"evenementsprives","status":"publish","type":"page","link":"https:\/\/www.cactusfleuri.ca\/en\/evenementsprives\/","title":{"rendered":"\u00c9v\u00e9nements priv\u00e9s &#8211; D\u00e9cors tropicaux et cadeaux"},"content":{"rendered":"<div id=\"fws_6a09ac1d6451f\"  data-column-margin=\"20px\" data-midnight=\"dark\"  class=\"wpb_row vc_row-fluid vc_row vc_row-o-equal-height vc_row-flex\"  style=\"padding-top: 40px; padding-bottom: 0px; \"><div class=\"row-bg-wrap\" data-bg-animation=\"none\" data-bg-animation-delay=\"\" data-bg-overlay=\"false\"><div class=\"inner-wrap row-bg-layer\" ><div class=\"row-bg viewport-desktop\"  style=\"\"><\/div><\/div><\/div><div class=\"row_col_wrap_12 col span_12 dark left\">\n\t<div  class=\"vc_col-sm-12 wpb_column column_container vc_column_container col no-extra-padding inherit_tablet inherit_phone\"  data-padding-pos=\"all\" data-has-bg-color=\"false\" data-bg-color=\"\" data-bg-opacity=\"1\" data-animation=\"\" data-delay=\"0\" >\n\t\t<div class=\"vc_column-inner\" >\n\t\t\t<div class=\"wpb_wrapper\">\n\t\t\t\t<h1 style=\"color: #c15405;text-align: left\" class=\"vc_custom_heading\" >Because every moment matters.<\/h1>\n<div class=\"wpb_text_column wpb_content_element\" >\n\t<div class=\"wpb_wrapper\">\n\t\t<h2><span class=\"span-bleu\">Tropical D\u00e9cor &amp; Personalized Gifts<\/span><\/h2>\n\t<\/div>\n<\/div>\n\n\n\n<div class=\"divider-wrap\" data-alignment=\"default\"><div style=\"margin-top: 12.5px; height: 4px; margin-bottom: 12.5px;\" data-width=\"100%\" data-animate=\"\" data-animation-delay=\"\" data-color=\"default\" class=\"divider-border\"><\/div><\/div><div id=\"fws_6a09ac1d64cb5\" data-midnight=\"\" data-column-margin=\"default\" class=\"wpb_row vc_row-fluid vc_row inner_row\"  style=\"\"><div class=\"row-bg-wrap\"> <div class=\"row-bg\" ><\/div> <\/div><div class=\"row_col_wrap_12_inner col span_12  left\">\n\t<div  class=\"vc_col-sm-6 wpb_column column_container vc_column_container col child_column no-extra-padding inherit_tablet inherit_phone\"   data-padding-pos=\"all\" data-has-bg-color=\"false\" data-bg-color=\"\" data-bg-opacity=\"1\" data-animation=\"\" data-delay=\"0\" >\n\t\t<div class=\"vc_column-inner\" >\n\t\t<div class=\"wpb_wrapper\">\n\t\t\t<div class=\"iwithtext\"><div class=\"iwt-icon\"> <i class=\"icon-default-style steadysets-icon-sun accent-color\"><\/i> <\/div><div class=\"iwt-text\"> \n<h5>Weddings<\/h5>\n <\/div><div class=\"clear\"><\/div><\/div><div class=\"iwithtext\"><div class=\"iwt-icon\"> <i class=\"icon-default-style steadysets-icon-sun accent-color\"><\/i> <\/div><div class=\"iwt-text\"> \n<h5>Birthdays<\/h5>\n <\/div><div class=\"clear\"><\/div><\/div><div class=\"iwithtext\"><div class=\"iwt-icon\"> <i class=\"icon-default-style steadysets-icon-sun accent-color\"><\/i> <\/div><div class=\"iwt-text\"> \n<h5>Baby Showers<\/h5>\n <\/div><div class=\"clear\"><\/div><\/div>\n\t\t<\/div> \n\t<\/div>\n\t<\/div> \n\n\t<div  class=\"vc_col-sm-6 wpb_column column_container vc_column_container col child_column no-extra-padding inherit_tablet inherit_phone\"   data-padding-pos=\"all\" data-has-bg-color=\"false\" data-bg-color=\"\" data-bg-opacity=\"1\" data-animation=\"\" data-delay=\"0\" >\n\t\t<div class=\"vc_column-inner\" >\n\t\t<div class=\"wpb_wrapper\">\n\t\t\t<div class=\"iwithtext\"><div class=\"iwt-icon\"> <i class=\"icon-default-style steadysets-icon-sun accent-color\"><\/i> <\/div><div class=\"iwt-text\"> \n<h5><span class=\"span-bleu\">Children\u2019s Parties<\/span><\/h5>\n <\/div><div class=\"clear\"><\/div><\/div><div class=\"iwithtext\"><div class=\"iwt-icon\"> <i class=\"icon-default-style steadysets-icon-sun accent-color\"><\/i> <\/div><div class=\"iwt-text\"> \n<h5><span class=\"span-bleu\">Retirement Celebrations<\/span><\/h5>\n <\/div><div class=\"clear\"><\/div><\/div><div class=\"iwithtext\"><div class=\"iwt-icon\"> <i class=\"icon-default-style steadysets-icon-sun accent-color\"><\/i> <\/div><div class=\"iwt-text\"> \n<h5><span class=\"span-bleu\">Funeral Arrangements<\/span><\/h5>\n <\/div><div class=\"clear\"><\/div><\/div>\n\t\t<\/div> \n\t<\/div>\n\t<\/div> \n<\/div><\/div><div class=\"divider-wrap\" data-alignment=\"default\"><div style=\"margin-top: 12.5px; height: 4px; margin-bottom: 12.5px;\" data-width=\"100%\" data-animate=\"\" data-animation-delay=\"\" data-color=\"default\" class=\"divider-border\"><\/div><\/div><div id=\"fws_6a09ac1d653a5\" data-midnight=\"\" data-column-margin=\"20px\" class=\"wpb_row vc_row-fluid vc_row inner_row\"  style=\"\"><div class=\"row-bg-wrap\"> <div class=\"row-bg\" ><\/div> <\/div><div class=\"row_col_wrap_12_inner col span_12  left\">\n\t<div  class=\"vc_col-sm-6 wpb_column column_container vc_column_container col child_column no-extra-padding inherit_tablet inherit_phone\"   data-padding-pos=\"all\" data-has-bg-color=\"false\" data-bg-color=\"\" data-bg-opacity=\"1\" data-animation=\"\" data-delay=\"0\" >\n\t\t<div class=\"vc_column-inner\" >\n\t\t<div class=\"wpb_wrapper\">\n\t\t\t\n<div class=\"wpb_text_column wpb_content_element\" >\n\t<div class=\"wpb_wrapper\">\n\t\t<p>Get in touch with us for all your special events \u2014 from personalized gifts and place cards to centerpieces and venue d\u00e9cor! Our experienced team will listen, advise, and work with you to make your event everything you\u2019ve dreamed of.<\/p>\n<p>In life\u2019s less joyful moments, we\u2019re here for you too \u2014 offering funeral and sympathy arrangements made with care and compassion.<\/p>\n\t<\/div>\n<\/div>\n\n\n\n\n<div class=\"wpb_text_column wpb_content_element\" >\n\t<div class=\"wpb_wrapper\">\n\t\t<h5>Contact us to receive our exclusive event pricing list.<\/h5>\n\t<\/div>\n<\/div>\n\n\n\n<a class=\"nectar-button large see-through-2  has-icon\"  style=\"margin-top: 20px; \"  href=\"https:\/\/www.cactusfleuri.ca\/en\/contact\/\" data-color-override=\"false\" data-hover-color-override=\"false\" data-hover-text-color-override=\"#ffffff\"><span>Contact<\/span><i  class=\"icon-button-arrow\"><\/i><\/a><div class=\"img-with-aniamtion-wrap  custom-size\" data-max-width=\"100%\" data-max-width-mobile=\"default\" data-shadow=\"none\" data-animation=\"none\" >\n      <div class=\"inner\">\n        <div class=\"hover-wrap\"> \n          <div class=\"hover-wrap-inner\">\n            <img loading=\"lazy\" decoding=\"async\" class=\"img-with-animation skip-lazy\" data-delay=\"0\" height=\"604\" width=\"900\" data-animation=\"none\" src=\"https:\/\/www.cactusfleuri.ca\/wp-content\/uploads\/2025\/07\/Succulantes-Assorties-Pots-15-1920pxCOMP-900x604.jpg\" alt=\"succulantes assorties pots 1,5&#039;&#039; 1920pxcomp\" srcset=\"https:\/\/www.cactusfleuri.ca\/wp-content\/uploads\/2025\/07\/Succulantes-Assorties-Pots-15-1920pxCOMP-900x604.jpg 900w, https:\/\/www.cactusfleuri.ca\/wp-content\/uploads\/2025\/07\/Succulantes-Assorties-Pots-15-1920pxCOMP-300x200.jpg 300w, https:\/\/www.cactusfleuri.ca\/wp-content\/uploads\/2025\/07\/Succulantes-Assorties-Pots-15-1920pxCOMP-18x12.jpg 18w, https:\/\/www.cactusfleuri.ca\/wp-content\/uploads\/2025\/07\/Succulantes-Assorties-Pots-15-1920pxCOMP-600x403.jpg 600w, https:\/\/www.cactusfleuri.ca\/wp-content\/uploads\/2025\/07\/Succulantes-Assorties-Pots-15-1920pxCOMP-400x269.jpg 400w\" sizes=\"auto, (max-width: 900px) 100vw, 900px\" \/>\n          <\/div>\n        <\/div>\n      <\/div>\n    <\/div>\n\t\t<\/div> \n\t<\/div>\n\t<\/div> \n\n\t<div  class=\"vc_col-sm-6 wpb_column column_container vc_column_container col child_column no-extra-padding el_spacing_10px inherit_tablet inherit_phone\"   data-padding-pos=\"all\" data-has-bg-color=\"false\" data-bg-color=\"\" data-bg-opacity=\"1\" data-animation=\"\" data-delay=\"0\" >\n\t\t<div class=\"vc_column-inner\" >\n\t\t<div class=\"wpb_wrapper\">\n\t\t\t<div class=\"img-with-aniamtion-wrap\" data-max-width=\"100%\" data-max-width-mobile=\"default\" data-shadow=\"small_depth\" data-animation=\"none\" >\n      <div class=\"inner\">\n        <div class=\"hover-wrap\"> \n          <div class=\"hover-wrap-inner\">\n            <img loading=\"lazy\" decoding=\"async\" class=\"img-with-animation skip-lazy\" data-delay=\"0\" height=\"1280\" width=\"1920\" data-animation=\"none\" src=\"https:\/\/www.cactusfleuri.ca\/wp-content\/uploads\/2025\/06\/Echeveria-Le-Cactus-Fleuri-1920pxCOMP.jpg\" alt=\"Echeveria Le Cactus Fleuri\" srcset=\"https:\/\/www.cactusfleuri.ca\/wp-content\/uploads\/2025\/06\/Echeveria-Le-Cactus-Fleuri-1920pxCOMP.jpg 1920w, https:\/\/www.cactusfleuri.ca\/wp-content\/uploads\/2025\/06\/Echeveria-Le-Cactus-Fleuri-1920pxCOMP-600x400.jpg 600w, https:\/\/www.cactusfleuri.ca\/wp-content\/uploads\/2025\/06\/Echeveria-Le-Cactus-Fleuri-1920pxCOMP-300x200.jpg 300w, https:\/\/www.cactusfleuri.ca\/wp-content\/uploads\/2025\/06\/Echeveria-Le-Cactus-Fleuri-1920pxCOMP-1024x683.jpg 1024w, https:\/\/www.cactusfleuri.ca\/wp-content\/uploads\/2025\/06\/Echeveria-Le-Cactus-Fleuri-1920pxCOMP-768x512.jpg 768w, https:\/\/www.cactusfleuri.ca\/wp-content\/uploads\/2025\/06\/Echeveria-Le-Cactus-Fleuri-1920pxCOMP-1536x1024.jpg 1536w, https:\/\/www.cactusfleuri.ca\/wp-content\/uploads\/2025\/06\/Echeveria-Le-Cactus-Fleuri-1920pxCOMP-18x12.jpg 18w, https:\/\/www.cactusfleuri.ca\/wp-content\/uploads\/2025\/06\/Echeveria-Le-Cactus-Fleuri-1920pxCOMP-900x600.jpg 900w\" sizes=\"auto, (max-width: 1920px) 100vw, 1920px\" \/>\n          <\/div>\n        <\/div>\n      <\/div>\n    <\/div><div class=\"img-with-aniamtion-wrap  custom-size\" data-max-width=\"100%\" data-max-width-mobile=\"default\" data-shadow=\"small_depth\" data-animation=\"none\" >\n      <div class=\"inner\">\n        <div class=\"hover-wrap\"> \n          <div class=\"hover-wrap-inner\">\n            <img loading=\"lazy\" decoding=\"async\" class=\"img-with-animation skip-lazy\" data-delay=\"0\" height=\"604\" width=\"900\" data-animation=\"none\" src=\"https:\/\/www.cactusfleuri.ca\/wp-content\/uploads\/2025\/07\/Succulantes-Assorties-Pots-2-B-1920pxCOMP-900x604.jpg\" alt=\"succulantes assorties pots 2&#039;&#039; b 1920pxcomp\" srcset=\"https:\/\/www.cactusfleuri.ca\/wp-content\/uploads\/2025\/07\/Succulantes-Assorties-Pots-2-B-1920pxCOMP-900x604.jpg 900w, https:\/\/www.cactusfleuri.ca\/wp-content\/uploads\/2025\/07\/Succulantes-Assorties-Pots-2-B-1920pxCOMP-300x200.jpg 300w, https:\/\/www.cactusfleuri.ca\/wp-content\/uploads\/2025\/07\/Succulantes-Assorties-Pots-2-B-1920pxCOMP-18x12.jpg 18w, https:\/\/www.cactusfleuri.ca\/wp-content\/uploads\/2025\/07\/Succulantes-Assorties-Pots-2-B-1920pxCOMP-600x403.jpg 600w, https:\/\/www.cactusfleuri.ca\/wp-content\/uploads\/2025\/07\/Succulantes-Assorties-Pots-2-B-1920pxCOMP-400x269.jpg 400w\" sizes=\"auto, (max-width: 900px) 100vw, 900px\" \/>\n          <\/div>\n        <\/div>\n      <\/div>\n    <\/div>\n\t\t<\/div> \n\t<\/div>\n\t<\/div> \n<\/div><\/div>\n\t\t\t<\/div> \n\t\t<\/div>\n\t<\/div> \n<\/div><\/div>","protected":false},"excerpt":{"rendered":"Parce que chaque moment est pr\u00e9cieux D\u00e9cors tropicaux &amp; \u00a0cadeaux personnalis\u00e9s Mariages Anniversaires Showers de b\u00e9b\u00e9 F\u00eates d'enfants C\u00e9l\u00e9brations de retraite Arrangements fun\u00e9raires Contactez-nous pour tous vos \u00e9v\u00e9nements, que ce...","protected":false},"author":3,"featured_media":0,"parent":0,"menu_order":0,"comment_status":"closed","ping_status":"closed","template":"","meta":{"_seopress_robots_primary_cat":"","_seopress_titles_title":"\u00c9v\u00e9nements Priv\u00e9s | Le Cactus Fleuri","_seopress_titles_desc":"Cadeaux de mariage, centres de table et d\u00e9coration de salles. Showers de b\u00e9b\u00e9, arrangements fun\u00e9raires.","_seopress_robots_index":"","_seopress_analysis_target_kw":"mariage,cadeaux,centre de table,shower de b\u00e9b\u00e9,d\u00e9coration de salle","footnotes":""},"class_list":["post-8589","page","type-page","status-publish"],"_links":{"self":[{"href":"https:\/\/www.cactusfleuri.ca\/en\/wp-json\/wp\/v2\/pages\/8589","targetHints":{"allow":["GET"]}}],"collection":[{"href":"https:\/\/www.cactusfleuri.ca\/en\/wp-json\/wp\/v2\/pages"}],"about":[{"href":"https:\/\/www.cactusfleuri.ca\/en\/wp-json\/wp\/v2\/types\/page"}],"author":[{"embeddable":true,"href":"https:\/\/www.cactusfleuri.ca\/en\/wp-json\/wp\/v2\/users\/3"}],"replies":[{"embeddable":true,"href":"https:\/\/www.cactusfleuri.ca\/en\/wp-json\/wp\/v2\/comments?post=8589"}],"version-history":[{"count":49,"href":"https:\/\/www.cactusfleuri.ca\/en\/wp-json\/wp\/v2\/pages\/8589\/revisions"}],"predecessor-version":[{"id":14901,"href":"https:\/\/www.cactusfleuri.ca\/en\/wp-json\/wp\/v2\/pages\/8589\/revisions\/14901"}],"wp:attachment":[{"href":"https:\/\/www.cactusfleuri.ca\/en\/wp-json\/wp\/v2\/media?parent=8589"}],"curies":[{"name":"wp","href":"https:\/\/api.w.org\/{rel}","templated":true}]}}