{"id":8406,"date":"2020-11-02T12:24:30","date_gmt":"2020-11-02T17:24:30","guid":{"rendered":"https:\/\/tempo2.solutionorange.com\/cactusfleuri\/?page_id=8406"},"modified":"2025-10-30T12:39:22","modified_gmt":"2025-10-30T16:39:22","slug":"zone-marchands","status":"publish","type":"page","link":"https:\/\/www.cactusfleuri.ca\/en\/zone-marchands\/","title":{"rendered":"Merchant area"},"content":{"rendered":"<div id=\"fws_6a09ab55d46fc\"  data-column-margin=\"20px\" data-midnight=\"dark\"  class=\"wpb_row vc_row-fluid vc_row vc_row-o-equal-height vc_row-flex vc_row-o-content-top  top_margin_40px\"  style=\"padding-top: 0px; padding-bottom: 0px; \"><div class=\"row-bg-wrap\" data-bg-animation=\"none\" data-bg-animation-delay=\"\" data-bg-overlay=\"false\"><div class=\"inner-wrap row-bg-layer\" ><div class=\"row-bg viewport-desktop\"  style=\"\"><\/div><\/div><\/div><div class=\"row_col_wrap_12 col span_12 dark left\">\n\t<div  class=\"vc_col-sm-12 wpb_column column_container vc_column_container col nectar-sticky-column no-extra-padding el_spacing_10px inherit_tablet inherit_phone\"  data-padding-pos=\"top-bottom\" data-has-bg-color=\"false\" data-bg-color=\"\" data-bg-opacity=\"1\" data-animation=\"\" data-delay=\"0\" >\n\t\t<div class=\"vc_column-inner\" >\n\t\t\t<div class=\"wpb_wrapper\">\n\t\t\t\t<h1 style=\"color: #c15405;text-align: left\" class=\"vc_custom_heading\" >Merchant area<\/h1><h2 style=\"color: #000000;text-align: left\" class=\"vc_custom_heading\" >Le Cactus Fleuri<\/h2><div class=\"divider-wrap\" data-alignment=\"default\"><div style=\"margin-top: 12.5px; height: 4px; margin-bottom: 12.5px;\" data-width=\"100%\" data-animate=\"\" data-animation-delay=\"\" data-color=\"extra-color-2\" class=\"divider-border\"><\/div><\/div>\n\t\t\t<\/div> \n\t\t<\/div>\n\t<\/div> \n<\/div><\/div>\n\t\t<div id=\"fws_6a09ab55d4f19\"  data-column-margin=\"60px\" data-midnight=\"dark\"  class=\"wpb_row vc_row-fluid vc_row vc_row-o-equal-height vc_row-flex vc_row-o-content-top  top_margin_40px\"  style=\"padding-top: 0px; padding-bottom: 0px; \"><div class=\"row-bg-wrap\" data-bg-animation=\"none\" data-bg-animation-delay=\"\" data-bg-overlay=\"false\"><div class=\"inner-wrap row-bg-layer\" ><div class=\"row-bg viewport-desktop\"  style=\"\"><\/div><\/div><\/div><div class=\"row_col_wrap_12 col span_12 dark left\">\n\t<div  class=\"vc_col-sm-6 wpb_column column_container vc_column_container col nectar-sticky-column no-extra-padding el_spacing_10px inherit_tablet inherit_phone\"  data-padding-pos=\"top-bottom\" data-has-bg-color=\"false\" data-bg-color=\"\" data-bg-opacity=\"1\" data-animation=\"\" data-delay=\"0\" >\n\t\t<div class=\"vc_column-inner\" >\n\t\t\t<div class=\"wpb_wrapper\">\n\t\t\t\t\n<div class=\"wpb_text_column wpb_content_element\" >\n\t<div class=\"wpb_wrapper\">\n\t\t<p><b>Le Cactus Fleuri<\/b> is the largest Quebec producer specialized in the cultivation of succulent plants, with an impressive collection of more than <b>700 varieties<\/b> de cactus, plantes grasses et tropicales. Gr\u00e2ce \u00e0 nos <b>37,000 square feet of modern, high-tech greenhouses,<\/b>We guarantee top-quality production that respects the unique needs of every plant.<\/p>\n<p>Our plants are distributed in <b>more than 300 garden centers and shops across Canada<\/b>, which makes us a trusted partner for professionals in the horticultural sector.<\/p>\n<p><b>Our team supports you with care and expertise.<\/b><\/p>\n<p>Finally, our <b>fast and specialized delivery service<\/b> is designed to meet the needs of businesses, ensuring the optimal transport of your plants to your point of sale.<\/p>\n<p><b>Interested in enhancing your indoor plant selection with high-quality products?<\/b><\/p>\n<p><b>Would you like to receive the commercial price list?<\/b><\/p>\n<p>Contact us today at \u00a0<a href=\"mailto:ventes@cactusfleuri.com\">ventes@cactusfleuri.com<\/a><\/p>\n<p>Our team will be happy to answer you quickly and support you with your projects.<\/p>\n\t<\/div>\n<\/div>\n\n\n\n\n\t\t\t<\/div> \n\t\t<\/div>\n\t<\/div> \n\n\t<div  class=\"vc_col-sm-6 wpb_column column_container vc_column_container col nectar-sticky-column no-extra-padding el_spacing_10px inherit_tablet inherit_phone\"  data-padding-pos=\"all\" data-has-bg-color=\"false\" data-bg-color=\"\" data-bg-opacity=\"1\" data-animation=\"\" data-delay=\"0\" >\n\t\t<div class=\"vc_column-inner\" >\n\t\t\t<div class=\"wpb_wrapper\">\n\t\t\t\t<h3 style=\"color: #c15405;text-align: left\" class=\"vc_custom_heading\" >Pre-order Catalogue 2026<\/h3><div class=\"divider-wrap\" data-alignment=\"default\"><div style=\"margin-top: 12.5px; height: 4px; margin-bottom: 12.5px;\" data-width=\"100%\" data-animate=\"\" data-animation-delay=\"\" data-color=\"default\" class=\"divider-border\"><\/div><\/div><div class=\"iwithtext\"><div class=\"iwt-icon\"> <i class=\"icon-default-style fa fa-download accent-color\"><\/i> <\/div><div class=\"iwt-text\"> <a href=\"https:\/\/www.cactusfleuri.ca\/wp-content\/uploads\/2025\/10\/Catalogue-2026-Le-Cactus-Fleuri.pdf\">Catalogue 2026<\/a><\/p>\n <\/div><div class=\"clear\"><\/div><\/div><div class=\"img-with-aniamtion-wrap\" data-max-width=\"100%\" data-max-width-mobile=\"default\" data-shadow=\"small_depth\" data-animation=\"none\" >\n      <div class=\"inner\">\n        <div class=\"hover-wrap\"> \n          <div class=\"hover-wrap-inner\">\n            <img loading=\"lazy\" decoding=\"async\" class=\"img-with-animation skip-lazy\" data-delay=\"0\" height=\"1920\" width=\"1920\" data-animation=\"none\" src=\"https:\/\/www.cactusfleuri.ca\/wp-content\/uploads\/2025\/10\/Catalogue-prebooking-2026-cover-1920px.jpg\" alt=\"Catalogue 2026 Le Cactus Fleuri\" srcset=\"https:\/\/www.cactusfleuri.ca\/wp-content\/uploads\/2025\/10\/Catalogue-prebooking-2026-cover-1920px.jpg 1920w, https:\/\/www.cactusfleuri.ca\/wp-content\/uploads\/2025\/10\/Catalogue-prebooking-2026-cover-1920px-300x300.jpg 300w, https:\/\/www.cactusfleuri.ca\/wp-content\/uploads\/2025\/10\/Catalogue-prebooking-2026-cover-1920px-150x150.jpg 150w, https:\/\/www.cactusfleuri.ca\/wp-content\/uploads\/2025\/10\/Catalogue-prebooking-2026-cover-1920px-600x600.jpg 600w, https:\/\/www.cactusfleuri.ca\/wp-content\/uploads\/2025\/10\/Catalogue-prebooking-2026-cover-1920px-1024x1024.jpg 1024w, https:\/\/www.cactusfleuri.ca\/wp-content\/uploads\/2025\/10\/Catalogue-prebooking-2026-cover-1920px-768x768.jpg 768w, https:\/\/www.cactusfleuri.ca\/wp-content\/uploads\/2025\/10\/Catalogue-prebooking-2026-cover-1920px-1536x1536.jpg 1536w, https:\/\/www.cactusfleuri.ca\/wp-content\/uploads\/2025\/10\/Catalogue-prebooking-2026-cover-1920px-12x12.jpg 12w, https:\/\/www.cactusfleuri.ca\/wp-content\/uploads\/2025\/10\/Catalogue-prebooking-2026-cover-1920px-100x100.jpg 100w, https:\/\/www.cactusfleuri.ca\/wp-content\/uploads\/2025\/10\/Catalogue-prebooking-2026-cover-1920px-140x140.jpg 140w, https:\/\/www.cactusfleuri.ca\/wp-content\/uploads\/2025\/10\/Catalogue-prebooking-2026-cover-1920px-500x500.jpg 500w, https:\/\/www.cactusfleuri.ca\/wp-content\/uploads\/2025\/10\/Catalogue-prebooking-2026-cover-1920px-350x350.jpg 350w, https:\/\/www.cactusfleuri.ca\/wp-content\/uploads\/2025\/10\/Catalogue-prebooking-2026-cover-1920px-1000x1000.jpg 1000w, https:\/\/www.cactusfleuri.ca\/wp-content\/uploads\/2025\/10\/Catalogue-prebooking-2026-cover-1920px-800x800.jpg 800w\" sizes=\"auto, (max-width: 1920px) 100vw, 1920px\" \/>\n          <\/div>\n        <\/div>\n      <\/div>\n    <\/div><a class=\"nectar-button large see-through-2  has-icon\"  style=\"margin-top: 20px; \"  href=\"https:\/\/www.cactusfleuri.ca\/en\/contact\/\" data-color-override=\"false\" data-hover-color-override=\"false\" data-hover-text-color-override=\"#ffffff\"><span>Contact<\/span><i  class=\"icon-button-arrow\"><\/i><\/a>\n\t\t\t<\/div> \n\t\t<\/div>\n\t<\/div> \n<\/div><\/div>\n\t\t<div id=\"fws_6a09ab55d5c2a\"  data-column-margin=\"20px\" data-midnight=\"dark\"  class=\"wpb_row vc_row-fluid vc_row vc_row-o-equal-height vc_row-flex vc_row-o-content-top  top_margin_40px\"  style=\"padding-top: 0px; padding-bottom: 0px; \"><div class=\"row-bg-wrap\" data-bg-animation=\"none\" data-bg-animation-delay=\"\" data-bg-overlay=\"false\"><div class=\"inner-wrap row-bg-layer\" ><div class=\"row-bg viewport-desktop\"  style=\"\"><\/div><\/div><\/div><div class=\"row_col_wrap_12 col span_12 dark left\">\n\t<div  class=\"vc_col-sm-12 wpb_column column_container vc_column_container col no-extra-padding inherit_tablet inherit_phone\"  data-padding-pos=\"all\" data-has-bg-color=\"false\" data-bg-color=\"\" data-bg-opacity=\"1\" data-animation=\"\" data-delay=\"0\" >\n\t\t<div class=\"vc_column-inner\" >\n\t\t\t<div class=\"wpb_wrapper\">\n\t\t\t\t<div class=\"divider-wrap\" data-alignment=\"default\"><div style=\"margin-top: 12.5px; height: 4px; margin-bottom: 12.5px;\" data-width=\"100%\" data-animate=\"\" data-animation-delay=\"\" data-color=\"default\" class=\"divider-border\"><\/div><\/div>\n\t\t\t<\/div> \n\t\t<\/div>\n\t<\/div> \n\n\t<div  class=\"vc_col-sm-4 wpb_column column_container vc_column_container col nectar-sticky-column no-extra-padding el_spacing_10px inherit_tablet inherit_phone\"  data-padding-pos=\"top-bottom\" data-has-bg-color=\"false\" data-bg-color=\"\" data-bg-opacity=\"1\" data-animation=\"\" data-delay=\"0\" >\n\t\t<div class=\"vc_column-inner\" >\n\t\t\t<div class=\"wpb_wrapper\">\n\t\t\t\t<div class=\"img-with-aniamtion-wrap\" data-max-width=\"100%\" data-max-width-mobile=\"default\" data-shadow=\"small_depth\" data-animation=\"none\" >\n      <div class=\"inner\">\n        <div class=\"hover-wrap\"> \n          <div class=\"hover-wrap-inner\">\n            <img loading=\"lazy\" decoding=\"async\" class=\"img-with-animation skip-lazy\" data-delay=\"0\" height=\"979\" width=\"848\" data-animation=\"none\" src=\"https:\/\/www.cactusfleuri.ca\/wp-content\/uploads\/2025\/07\/patricia-torche-peruvienne-bebe-saguaro-super-crop-copyCOMP.jpg\" alt=\"Service client pour les marchand le cactus fleuri vente aux commer\u00e7ants\" srcset=\"https:\/\/www.cactusfleuri.ca\/wp-content\/uploads\/2025\/07\/patricia-torche-peruvienne-bebe-saguaro-super-crop-copyCOMP.jpg 848w, https:\/\/www.cactusfleuri.ca\/wp-content\/uploads\/2025\/07\/patricia-torche-peruvienne-bebe-saguaro-super-crop-copyCOMP-600x693.jpg 600w, https:\/\/www.cactusfleuri.ca\/wp-content\/uploads\/2025\/07\/patricia-torche-peruvienne-bebe-saguaro-super-crop-copyCOMP-260x300.jpg 260w, https:\/\/www.cactusfleuri.ca\/wp-content\/uploads\/2025\/07\/patricia-torche-peruvienne-bebe-saguaro-super-crop-copyCOMP-768x887.jpg 768w, https:\/\/www.cactusfleuri.ca\/wp-content\/uploads\/2025\/07\/patricia-torche-peruvienne-bebe-saguaro-super-crop-copyCOMP-10x12.jpg 10w\" sizes=\"auto, (max-width: 848px) 100vw, 848px\" \/>\n          <\/div>\n        <\/div>\n      <\/div>\n    <\/div>\n<div class=\"wpb_text_column wpb_content_element\" >\n\t<div class=\"wpb_wrapper\">\n\t\t<p>Credit photo : Joe Alvoeiro | Jomiphoto.com<\/p>\n\t<\/div>\n<\/div>\n\n\n\n\n\t\t\t<\/div> \n\t\t<\/div>\n\t<\/div> \n\n\t<div  class=\"vc_col-sm-4 wpb_column column_container vc_column_container col nectar-sticky-column no-extra-padding el_spacing_10px inherit_tablet inherit_phone\"  data-padding-pos=\"all\" data-has-bg-color=\"false\" data-bg-color=\"\" data-bg-opacity=\"1\" data-animation=\"\" data-delay=\"0\" >\n\t\t<div class=\"vc_column-inner\" >\n\t\t\t<div class=\"wpb_wrapper\">\n\t\t\t\t<div class=\"img-with-aniamtion-wrap\" data-max-width=\"100%\" data-max-width-mobile=\"default\" data-shadow=\"small_depth\" data-animation=\"none\" >\n      <div class=\"inner\">\n        <div class=\"hover-wrap\"> \n          <div class=\"hover-wrap-inner\">\n            <img loading=\"lazy\" decoding=\"async\" class=\"img-with-animation skip-lazy\" data-delay=\"0\" height=\"1661\" width=\"1920\" data-animation=\"none\" src=\"https:\/\/www.cactusfleuri.ca\/wp-content\/uploads\/2025\/07\/Nathie-a-l-oeuvre-2-1920px-COMP.jpg\" alt=\"vente commerciale de cactus Jardin de cactus en pot de gr\u00e8s fait au cactus fleuri au Quebec\" srcset=\"https:\/\/www.cactusfleuri.ca\/wp-content\/uploads\/2025\/07\/Nathie-a-l-oeuvre-2-1920px-COMP.jpg 1920w, https:\/\/www.cactusfleuri.ca\/wp-content\/uploads\/2025\/07\/Nathie-a-l-oeuvre-2-1920px-COMP-600x519.jpg 600w, https:\/\/www.cactusfleuri.ca\/wp-content\/uploads\/2025\/07\/Nathie-a-l-oeuvre-2-1920px-COMP-300x260.jpg 300w, https:\/\/www.cactusfleuri.ca\/wp-content\/uploads\/2025\/07\/Nathie-a-l-oeuvre-2-1920px-COMP-1024x886.jpg 1024w, https:\/\/www.cactusfleuri.ca\/wp-content\/uploads\/2025\/07\/Nathie-a-l-oeuvre-2-1920px-COMP-768x664.jpg 768w, https:\/\/www.cactusfleuri.ca\/wp-content\/uploads\/2025\/07\/Nathie-a-l-oeuvre-2-1920px-COMP-1536x1329.jpg 1536w, https:\/\/www.cactusfleuri.ca\/wp-content\/uploads\/2025\/07\/Nathie-a-l-oeuvre-2-1920px-COMP-14x12.jpg 14w\" sizes=\"auto, (max-width: 1920px) 100vw, 1920px\" \/>\n          <\/div>\n        <\/div>\n      <\/div>\n    <\/div>\n\t\t\t<\/div> \n\t\t<\/div>\n\t<\/div> \n\n\t<div  class=\"vc_col-sm-4 wpb_column column_container vc_column_container col no-extra-padding inherit_tablet inherit_phone\"  data-padding-pos=\"all\" data-has-bg-color=\"false\" data-bg-color=\"\" data-bg-opacity=\"1\" data-animation=\"\" data-delay=\"0\" >\n\t\t<div class=\"vc_column-inner\" >\n\t\t\t<div class=\"wpb_wrapper\">\n\t\t\t\t<div class=\"img-with-aniamtion-wrap\" data-max-width=\"100%\" data-max-width-mobile=\"default\" data-shadow=\"small_depth\" data-animation=\"none\" >\n      <div class=\"inner\">\n        <div class=\"hover-wrap\"> \n          <div class=\"hover-wrap-inner\">\n            <img loading=\"lazy\" decoding=\"async\" class=\"img-with-animation skip-lazy\" data-delay=\"0\" height=\"1183\" width=\"1920\" data-animation=\"none\" src=\"https:\/\/www.cactusfleuri.ca\/wp-content\/uploads\/2025\/07\/Camion-Le-Cactus-Fleuri-1920-px.jpg\" alt=\"camion le cactus fleuri 1920 px\" srcset=\"https:\/\/www.cactusfleuri.ca\/wp-content\/uploads\/2025\/07\/Camion-Le-Cactus-Fleuri-1920-px.jpg 1920w, https:\/\/www.cactusfleuri.ca\/wp-content\/uploads\/2025\/07\/Camion-Le-Cactus-Fleuri-1920-px-600x370.jpg 600w, https:\/\/www.cactusfleuri.ca\/wp-content\/uploads\/2025\/07\/Camion-Le-Cactus-Fleuri-1920-px-300x185.jpg 300w, https:\/\/www.cactusfleuri.ca\/wp-content\/uploads\/2025\/07\/Camion-Le-Cactus-Fleuri-1920-px-1024x631.jpg 1024w, https:\/\/www.cactusfleuri.ca\/wp-content\/uploads\/2025\/07\/Camion-Le-Cactus-Fleuri-1920-px-768x473.jpg 768w, https:\/\/www.cactusfleuri.ca\/wp-content\/uploads\/2025\/07\/Camion-Le-Cactus-Fleuri-1920-px-1536x946.jpg 1536w, https:\/\/www.cactusfleuri.ca\/wp-content\/uploads\/2025\/07\/Camion-Le-Cactus-Fleuri-1920-px-18x12.jpg 18w\" sizes=\"auto, (max-width: 1920px) 100vw, 1920px\" \/>\n          <\/div>\n        <\/div>\n      <\/div>\n    <\/div><div class=\"img-with-aniamtion-wrap\" data-max-width=\"100%\" data-max-width-mobile=\"default\" data-shadow=\"small_depth\" data-animation=\"none\" >\n      <div class=\"inner\">\n        <div class=\"hover-wrap\"> \n          <div class=\"hover-wrap-inner\">\n            <img loading=\"lazy\" decoding=\"async\" class=\"img-with-animation skip-lazy\" data-delay=\"0\" height=\"1280\" width=\"1920\" data-animation=\"none\" src=\"https:\/\/www.cactusfleuri.ca\/wp-content\/uploads\/2025\/09\/Kalanchoe-Kewensis-boite-1920pxCOMP.jpg\" alt=\"kalanchoe kewensis\" srcset=\"https:\/\/www.cactusfleuri.ca\/wp-content\/uploads\/2025\/09\/Kalanchoe-Kewensis-boite-1920pxCOMP.jpg 1920w, https:\/\/www.cactusfleuri.ca\/wp-content\/uploads\/2025\/09\/Kalanchoe-Kewensis-boite-1920pxCOMP-600x400.jpg 600w, https:\/\/www.cactusfleuri.ca\/wp-content\/uploads\/2025\/09\/Kalanchoe-Kewensis-boite-1920pxCOMP-300x200.jpg 300w, https:\/\/www.cactusfleuri.ca\/wp-content\/uploads\/2025\/09\/Kalanchoe-Kewensis-boite-1920pxCOMP-1024x683.jpg 1024w, https:\/\/www.cactusfleuri.ca\/wp-content\/uploads\/2025\/09\/Kalanchoe-Kewensis-boite-1920pxCOMP-768x512.jpg 768w, https:\/\/www.cactusfleuri.ca\/wp-content\/uploads\/2025\/09\/Kalanchoe-Kewensis-boite-1920pxCOMP-1536x1024.jpg 1536w, https:\/\/www.cactusfleuri.ca\/wp-content\/uploads\/2025\/09\/Kalanchoe-Kewensis-boite-1920pxCOMP-18x12.jpg 18w, https:\/\/www.cactusfleuri.ca\/wp-content\/uploads\/2025\/09\/Kalanchoe-Kewensis-boite-1920pxCOMP-900x600.jpg 900w\" sizes=\"auto, (max-width: 1920px) 100vw, 1920px\" \/>\n          <\/div>\n        <\/div>\n      <\/div>\n    <\/div>\n\t\t\t<\/div> \n\t\t<\/div>\n\t<\/div> \n<\/div><\/div>","protected":false},"excerpt":{"rendered":"Zone MarchandsLe Cactus Fleuri Le Cactus Fleuri est le plus grand producteur qu\u00e9b\u00e9cois sp\u00e9cialis\u00e9 dans la culture de plantes succulentes, avec une collection impressionnante de plus de 700 vari\u00e9t\u00e9s de...","protected":false},"author":3,"featured_media":0,"parent":0,"menu_order":0,"comment_status":"closed","ping_status":"closed","template":"","meta":{"_seopress_robots_primary_cat":"","_seopress_titles_title":"Zone Marchands | Le Cactus Fleuri","_seopress_titles_desc":"Le Cactus Fleuri, sp\u00e9cialis\u00e9 dans la culture des succulentes comprenant plus de 700 vari\u00e9t\u00e9s diff\u00e9rentes de cactus, plantes grasses et tropicales.","_seopress_robots_index":"","_seopress_analysis_target_kw":"marchands,commer\u00e7ants,entreprises,fournisseur,grossiste,distributeur,Montr\u00e9al,Qu\u00e9bec,centre jardin,fleuriste,plantes d'int\u00e9rieur","footnotes":""},"class_list":["post-8406","page","type-page","status-publish"],"_links":{"self":[{"href":"https:\/\/www.cactusfleuri.ca\/en\/wp-json\/wp\/v2\/pages\/8406","targetHints":{"allow":["GET"]}}],"collection":[{"href":"https:\/\/www.cactusfleuri.ca\/en\/wp-json\/wp\/v2\/pages"}],"about":[{"href":"https:\/\/www.cactusfleuri.ca\/en\/wp-json\/wp\/v2\/types\/page"}],"author":[{"embeddable":true,"href":"https:\/\/www.cactusfleuri.ca\/en\/wp-json\/wp\/v2\/users\/3"}],"replies":[{"embeddable":true,"href":"https:\/\/www.cactusfleuri.ca\/en\/wp-json\/wp\/v2\/comments?post=8406"}],"version-history":[{"count":78,"href":"https:\/\/www.cactusfleuri.ca\/en\/wp-json\/wp\/v2\/pages\/8406\/revisions"}],"predecessor-version":[{"id":14929,"href":"https:\/\/www.cactusfleuri.ca\/en\/wp-json\/wp\/v2\/pages\/8406\/revisions\/14929"}],"wp:attachment":[{"href":"https:\/\/www.cactusfleuri.ca\/en\/wp-json\/wp\/v2\/media?parent=8406"}],"curies":[{"name":"wp","href":"https:\/\/api.w.org\/{rel}","templated":true}]}}