{"id":15112,"date":"2025-07-28T15:53:41","date_gmt":"2025-07-28T19:53:41","guid":{"rendered":"https:\/\/www.cactusfleuri.ca\/?page_id=15112"},"modified":"2025-09-26T10:10:40","modified_gmt":"2025-09-26T14:10:40","slug":"experience-syel","status":"publish","type":"page","link":"https:\/\/www.cactusfleuri.ca\/en\/experience-syel\/","title":{"rendered":"Sy\u00e8l Experience"},"content":{"rendered":"<div id=\"fws_6a09ab615502c\"  data-column-margin=\"default\" data-midnight=\"dark\"  class=\"wpb_row vc_row-fluid vc_row\"  style=\"padding-top: 0px; padding-bottom: 0px; \"><div class=\"row-bg-wrap\" data-bg-animation=\"none\" data-bg-animation-delay=\"\" data-bg-overlay=\"false\"><div class=\"inner-wrap row-bg-layer\" ><div class=\"row-bg viewport-desktop\"  style=\"\"><\/div><\/div><\/div><div class=\"row_col_wrap_12 col span_12 dark left\">\n\t<div  class=\"vc_col-sm-6 wpb_column column_container vc_column_container col no-extra-padding inherit_tablet inherit_phone\"  data-padding-pos=\"all\" data-has-bg-color=\"false\" data-bg-color=\"\" data-bg-opacity=\"1\" data-animation=\"\" data-delay=\"0\" >\n\t\t<div class=\"vc_column-inner\" >\n\t\t\t<div class=\"wpb_wrapper\">\n\t\t\t\t\n<div class=\"wpb_text_column wpb_content_element\" >\n\t<div class=\"wpb_wrapper\">\n\t\t<p><img loading=\"lazy\" decoding=\"async\" class=\"wp-image-15138 alignright\" src=\"https:\/\/www.cactusfleuri.ca\/wp-content\/uploads\/2025\/07\/Syel-300x300.png\" alt=\"sy\u00e8l\" width=\"147\" height=\"147\" srcset=\"https:\/\/www.cactusfleuri.ca\/wp-content\/uploads\/2025\/07\/Syel-300x300.png 300w, https:\/\/www.cactusfleuri.ca\/wp-content\/uploads\/2025\/07\/Syel-150x150.png 150w, https:\/\/www.cactusfleuri.ca\/wp-content\/uploads\/2025\/07\/Syel-12x12.png 12w, https:\/\/www.cactusfleuri.ca\/wp-content\/uploads\/2025\/07\/Syel-100x100.png 100w, https:\/\/www.cactusfleuri.ca\/wp-content\/uploads\/2025\/07\/Syel-140x140.png 140w, https:\/\/www.cactusfleuri.ca\/wp-content\/uploads\/2025\/07\/Syel-350x350.png 350w, https:\/\/www.cactusfleuri.ca\/wp-content\/uploads\/2025\/07\/Syel.png 500w\" sizes=\"auto, (max-width: 147px) 100vw, 147px\" \/><\/p>\n<h3>Sy\u00e8l Experience<\/h3>\n\t<\/div>\n<\/div>\n\n\n\n<div class=\"divider-wrap\" data-alignment=\"default\"><div style=\"height: 25px;\" class=\"divider\"><\/div><\/div><div class=\"divider-wrap\" data-alignment=\"default\"><div style=\"height: 25px;\" class=\"divider\"><\/div><\/div><div class=\"divider-wrap\" data-alignment=\"default\"><div style=\"height: 25px;\" class=\"divider\"><\/div><\/div>\n<div class=\"wpb_text_column wpb_content_element\" >\n\t<div class=\"wpb_wrapper\">\n\t\t<p>Prenez plaisir \u00e0 un pique-nique haut de gamme au sein de notre \u00e9tablissement, en collaboration avec Sy\u00e8l.<\/p>\n<p>Impr\u00e9gnez-vous de la beaut\u00e9 des lieux et d&rsquo;une exp\u00e9rience singuli\u00e8re, id\u00e9ale pour compl\u00e9ter votre visite.<\/p>\n<p>Cliquez ici pour r\u00e9server votre exp\u00e9rience pique-nique Sy\u00e8l au Cactus Fleuri :<\/p>\n<p><a href=\"https:\/\/syel.ca\/fr\/reservation-cactusfleuri\">https:\/\/syel.ca\/fr\/reservation-cactusfleuri<\/a><\/p>\n\t<\/div>\n<\/div>\n\n\n\n<div class=\"divider-wrap\" data-alignment=\"center\"><div style=\"margin-top: 12.5px; width: 20%px; height: 6px; margin-bottom: 12.5px;\" data-width=\"20%\" data-animate=\"\" data-animation-delay=\"\" data-color=\"default\" class=\"divider-small-border\"><\/div><\/div><div class=\"divider-wrap\" data-alignment=\"default\"><div style=\"height: 25px;\" class=\"divider\"><\/div><\/div>\n<div class=\"wpb_text_column wpb_content_element\" >\n\t<div class=\"wpb_wrapper\">\n\t\t<p>Enjoy a high-end picnic at our establishment, in collaboration with Sy\u00e8l.<\/p>\n<p>Soak up the beauty of the setting and enjoy a unique experience, the perfect way to round out your visit.<\/p>\n<p>Click here to book your Sy\u00e8l picnic experience at Cactus Fleuri:<\/p>\n<p><a href=\"https:\/\/syel.ca\/fr\/reservation-cactusfleuri\">https:\/\/syel.ca\/fr\/reservation-cactusfleuri<\/a><\/p>\n\t<\/div>\n<\/div>\n\n\n\n\n\t\t\t<\/div> \n\t\t<\/div>\n\t<\/div> \n\n\t<div  class=\"vc_col-sm-6 wpb_column column_container vc_column_container col no-extra-padding inherit_tablet inherit_phone\"  data-padding-pos=\"all\" data-has-bg-color=\"false\" data-bg-color=\"\" data-bg-opacity=\"1\" data-animation=\"\" data-delay=\"0\" >\n\t\t<div class=\"vc_column-inner\" >\n\t\t\t<div class=\"wpb_wrapper\">\n\t\t\t\t<div class=\"img-with-aniamtion-wrap  custom-size\" data-max-width=\"100%\" data-max-width-mobile=\"default\" data-shadow=\"none\" data-animation=\"none\" >\n      <div class=\"inner\">\n        <div class=\"hover-wrap\"> \n          <div class=\"hover-wrap-inner\">\n            <img loading=\"lazy\" decoding=\"async\" class=\"img-with-animation skip-lazy\" data-delay=\"0\" height=\"403\" width=\"600\" data-animation=\"none\" src=\"https:\/\/www.cactusfleuri.ca\/wp-content\/uploads\/2025\/07\/e31390_7583d158a88247628c0c7118c6b57068_mv2-600x403.jpeg\" alt=\"e31390 7583d158a88247628c0c7118c6b57068 mv2\" srcset=\"https:\/\/www.cactusfleuri.ca\/wp-content\/uploads\/2025\/07\/e31390_7583d158a88247628c0c7118c6b57068_mv2-600x403.jpeg 600w, https:\/\/www.cactusfleuri.ca\/wp-content\/uploads\/2025\/07\/e31390_7583d158a88247628c0c7118c6b57068_mv2-900x604.jpeg 900w, https:\/\/www.cactusfleuri.ca\/wp-content\/uploads\/2025\/07\/e31390_7583d158a88247628c0c7118c6b57068_mv2-400x269.jpeg 400w\" sizes=\"auto, (max-width: 600px) 100vw, 600px\" \/>\n          <\/div>\n        <\/div>\n      <\/div>\n    <\/div><div class=\"img-with-aniamtion-wrap  custom-size\" data-max-width=\"100%\" data-max-width-mobile=\"default\" data-shadow=\"none\" data-animation=\"none\" >\n      <div class=\"inner\">\n        <div class=\"hover-wrap\"> \n          <div class=\"hover-wrap-inner\">\n            <img loading=\"lazy\" decoding=\"async\" class=\"img-with-animation skip-lazy\" data-delay=\"0\" height=\"403\" width=\"600\" data-animation=\"none\" src=\"https:\/\/www.cactusfleuri.ca\/wp-content\/uploads\/2025\/07\/IMG_4842-600x403.jpg\" alt=\"img 4842\" srcset=\"https:\/\/www.cactusfleuri.ca\/wp-content\/uploads\/2025\/07\/IMG_4842-600x403.jpg 600w, https:\/\/www.cactusfleuri.ca\/wp-content\/uploads\/2025\/07\/IMG_4842-900x604.jpg 900w, https:\/\/www.cactusfleuri.ca\/wp-content\/uploads\/2025\/07\/IMG_4842-400x269.jpg 400w\" sizes=\"auto, (max-width: 600px) 100vw, 600px\" \/>\n          <\/div>\n        <\/div>\n      <\/div>\n    <\/div>\n\t\t\t<\/div> \n\t\t<\/div>\n\t<\/div> \n<\/div><\/div>","protected":false},"excerpt":{"rendered":"Exp\u00e9rience Sy\u00e8l Prenez plaisir \u00e0 un pique-nique haut de gamme au sein de notre \u00e9tablissement, en collaboration avec Sy\u00e8l. Impr\u00e9gnez-vous de la beaut\u00e9 des lieux et d'une exp\u00e9rience singuli\u00e8re, id\u00e9ale...","protected":false},"author":10,"featured_media":0,"parent":0,"menu_order":0,"comment_status":"closed","ping_status":"closed","template":"","meta":{"_seopress_robots_primary_cat":"","_seopress_titles_title":"","_seopress_titles_desc":"","_seopress_robots_index":"","_seopress_analysis_target_kw":"","footnotes":""},"class_list":["post-15112","page","type-page","status-publish"],"_links":{"self":[{"href":"https:\/\/www.cactusfleuri.ca\/en\/wp-json\/wp\/v2\/pages\/15112","targetHints":{"allow":["GET"]}}],"collection":[{"href":"https:\/\/www.cactusfleuri.ca\/en\/wp-json\/wp\/v2\/pages"}],"about":[{"href":"https:\/\/www.cactusfleuri.ca\/en\/wp-json\/wp\/v2\/types\/page"}],"author":[{"embeddable":true,"href":"https:\/\/www.cactusfleuri.ca\/en\/wp-json\/wp\/v2\/users\/10"}],"replies":[{"embeddable":true,"href":"https:\/\/www.cactusfleuri.ca\/en\/wp-json\/wp\/v2\/comments?post=15112"}],"version-history":[{"count":14,"href":"https:\/\/www.cactusfleuri.ca\/en\/wp-json\/wp\/v2\/pages\/15112\/revisions"}],"predecessor-version":[{"id":15511,"href":"https:\/\/www.cactusfleuri.ca\/en\/wp-json\/wp\/v2\/pages\/15112\/revisions\/15511"}],"wp:attachment":[{"href":"https:\/\/www.cactusfleuri.ca\/en\/wp-json\/wp\/v2\/media?parent=15112"}],"curies":[{"name":"wp","href":"https:\/\/api.w.org\/{rel}","templated":true}]}}