{"id":14325,"date":"2025-07-09T12:27:04","date_gmt":"2025-07-09T16:27:04","guid":{"rendered":"https:\/\/tempo2.solutionorange.com\/cactusfleuri\/?page_id=14325"},"modified":"2025-07-21T14:53:42","modified_gmt":"2025-07-21T18:53:42","slug":"visite-libre-des-serres-de-production","status":"publish","type":"page","link":"https:\/\/www.cactusfleuri.ca\/en\/visite-libre-des-serres-de-production\/","title":{"rendered":"Visite libre &#8211; Serres de production"},"content":{"rendered":"<div id=\"fws_6a09acb94c9f2\"  data-column-margin=\"default\" data-midnight=\"dark\"  class=\"wpb_row vc_row-fluid vc_row  top_margin_40px\"  style=\"padding-top: 0px; padding-bottom: 0px; \"><div class=\"row-bg-wrap\" data-bg-animation=\"none\" data-bg-animation-delay=\"\" data-bg-overlay=\"false\"><div class=\"inner-wrap row-bg-layer\" ><div class=\"row-bg viewport-desktop\"  style=\"\"><\/div><\/div><\/div><div class=\"row_col_wrap_12 col span_12 dark left\">\n\t<div  class=\"vc_col-sm-12 wpb_column column_container vc_column_container col no-extra-padding inherit_tablet inherit_phone\"  data-padding-pos=\"all\" data-has-bg-color=\"false\" data-bg-color=\"\" data-bg-opacity=\"1\" data-animation=\"\" data-delay=\"0\" >\n\t\t<div class=\"vc_column-inner\" >\n\t\t\t<div class=\"wpb_wrapper\">\n\t\t\t\t<div class=\"divider-wrap\" data-alignment=\"default\"><div style=\"height: 25px;\" class=\"divider\"><\/div><\/div><h1 style=\"color: #c15405;text-align: left\" class=\"vc_custom_heading\" >To explore behind the scenes<\/h1><h2 style=\"color: #000000;text-align: left\" class=\"vc_custom_heading\" >Enjoy a self-guided visit of our production greenhouses<\/h2><div class=\"divider-wrap\" data-alignment=\"default\"><div style=\"margin-top: 12.5px; height: 4px; margin-bottom: 12.5px;\" data-width=\"100%\" data-animate=\"\" data-animation-delay=\"\" data-color=\"default\" class=\"divider-border\"><\/div><\/div><div class=\"iwithtext\"><div class=\"iwt-icon\"> <i class=\"icon-default-style steadysets-icon-sun accent-color\"><\/i> <\/div><div class=\"iwt-text\"> \n<h5>37,000 square feet of greenhouses, including a new state-of-the-art complex.<\/h5>\n <\/div><div class=\"clear\"><\/div><\/div><div class=\"iwithtext\"><div class=\"iwt-icon\"> <i class=\"icon-default-style steadysets-icon-sun accent-color\"><\/i> <\/div><div class=\"iwt-text\"> \n<h5>Over 700 species of cacti, succulents, tropical plants, flowering plants, and citrus trees await you.<\/h5>\n <\/div><div class=\"clear\"><\/div><\/div><div class=\"iwithtext\"><div class=\"iwt-icon\"> <i class=\"icon-default-style steadysets-icon-sun accent-color\"><\/i> <\/div><div class=\"iwt-text\"> \n<h5>Open year-round \u2014 a place to discover in every season.<\/h5>\n <\/div><div class=\"clear\"><\/div><\/div><div class=\"divider-wrap\" data-alignment=\"default\"><div style=\"margin-top: 12.5px; height: 4px; margin-bottom: 12.5px;\" data-width=\"100%\" data-animate=\"\" data-animation-delay=\"\" data-color=\"default\" class=\"divider-border\"><\/div><\/div>\n<div class=\"wpb_text_column wpb_content_element\" >\n\t<div class=\"wpb_wrapper\">\n\t\t<blockquote>\n<p style=\"text-align: left;\">Self-guided tour: $5.00 per adult<\/p>\n<\/blockquote>\n<h5 style=\"text-align: left;\">Ask our store staff to let you explore the production greenhouses on a self-guided tour. You\u2019ll be amazed by the size and beauty of the place! Hundreds of varieties of cacti, succulents, and tropical plants are grown right here.<\/h5>\n\t<\/div>\n<\/div>\n\n\n\n<div id=\"fws_6a09acb94d30d\" data-midnight=\"\" data-column-margin=\"default\" class=\"wpb_row vc_row-fluid vc_row inner_row\"  style=\"\"><div class=\"row-bg-wrap\"> <div class=\"row-bg\" ><\/div> <\/div><div class=\"row_col_wrap_12_inner col span_12  left\">\n\t<div  class=\"vc_col-sm-6 wpb_column column_container vc_column_container col child_column no-extra-padding inherit_tablet inherit_phone\"   data-padding-pos=\"all\" data-has-bg-color=\"false\" data-bg-color=\"\" data-bg-opacity=\"1\" data-animation=\"\" data-delay=\"0\" >\n\t\t<div class=\"vc_column-inner\" >\n\t\t<div class=\"wpb_wrapper\">\n\t\t\t<div class=\"img-with-aniamtion-wrap center custom-size\" data-max-width=\"100%\" data-max-width-mobile=\"default\" data-shadow=\"none\" data-animation=\"none\" >\n      <div class=\"inner\">\n        <div class=\"hover-wrap\"> \n          <div class=\"hover-wrap-inner\">\n            <img loading=\"lazy\" decoding=\"async\" class=\"img-with-animation skip-lazy\" data-delay=\"0\" height=\"800\" width=\"800\" data-animation=\"none\" src=\"https:\/\/www.cactusfleuri.ca\/wp-content\/uploads\/2025\/07\/vue-en-serre-Le-Cactus-Fleuri-b1920pxCOMP-800x800.jpg\" alt=\"vue en serre le cactus fleuri\" srcset=\"https:\/\/www.cactusfleuri.ca\/wp-content\/uploads\/2025\/07\/vue-en-serre-Le-Cactus-Fleuri-b1920pxCOMP-800x800.jpg 800w, https:\/\/www.cactusfleuri.ca\/wp-content\/uploads\/2025\/07\/vue-en-serre-Le-Cactus-Fleuri-b1920pxCOMP-300x300.jpg 300w, https:\/\/www.cactusfleuri.ca\/wp-content\/uploads\/2025\/07\/vue-en-serre-Le-Cactus-Fleuri-b1920pxCOMP-150x150.jpg 150w, https:\/\/www.cactusfleuri.ca\/wp-content\/uploads\/2025\/07\/vue-en-serre-Le-Cactus-Fleuri-b1920pxCOMP-13x12.jpg 13w, https:\/\/www.cactusfleuri.ca\/wp-content\/uploads\/2025\/07\/vue-en-serre-Le-Cactus-Fleuri-b1920pxCOMP-100x100.jpg 100w, https:\/\/www.cactusfleuri.ca\/wp-content\/uploads\/2025\/07\/vue-en-serre-Le-Cactus-Fleuri-b1920pxCOMP-140x140.jpg 140w, https:\/\/www.cactusfleuri.ca\/wp-content\/uploads\/2025\/07\/vue-en-serre-Le-Cactus-Fleuri-b1920pxCOMP-500x500.jpg 500w, https:\/\/www.cactusfleuri.ca\/wp-content\/uploads\/2025\/07\/vue-en-serre-Le-Cactus-Fleuri-b1920pxCOMP-350x350.jpg 350w, https:\/\/www.cactusfleuri.ca\/wp-content\/uploads\/2025\/07\/vue-en-serre-Le-Cactus-Fleuri-b1920pxCOMP-1000x1000.jpg 1000w\" sizes=\"auto, (max-width: 800px) 100vw, 800px\" \/>\n          <\/div>\n        <\/div>\n      <\/div>\n    <\/div><div class=\"img-with-aniamtion-wrap center\" data-max-width=\"100%\" data-max-width-mobile=\"default\" data-shadow=\"none\" data-animation=\"none\" >\n      <div class=\"inner\">\n        <div class=\"hover-wrap\"> \n          <div class=\"hover-wrap-inner\">\n            <img loading=\"lazy\" decoding=\"async\" class=\"img-with-animation skip-lazy\" data-delay=\"0\" height=\"831\" width=\"1920\" data-animation=\"none\" src=\"https:\/\/www.cactusfleuri.ca\/wp-content\/uploads\/2025\/07\/Aloes-en-fleurs-le-cactus-fleuri-B-1920pxCOMP.jpg\" alt=\"aloes en fleurs le cactus fleuri b 1920pxcomp\" srcset=\"https:\/\/www.cactusfleuri.ca\/wp-content\/uploads\/2025\/07\/Aloes-en-fleurs-le-cactus-fleuri-B-1920pxCOMP.jpg 1920w, https:\/\/www.cactusfleuri.ca\/wp-content\/uploads\/2025\/07\/Aloes-en-fleurs-le-cactus-fleuri-B-1920pxCOMP-600x260.jpg 600w, https:\/\/www.cactusfleuri.ca\/wp-content\/uploads\/2025\/07\/Aloes-en-fleurs-le-cactus-fleuri-B-1920pxCOMP-300x130.jpg 300w, https:\/\/www.cactusfleuri.ca\/wp-content\/uploads\/2025\/07\/Aloes-en-fleurs-le-cactus-fleuri-B-1920pxCOMP-1024x443.jpg 1024w, https:\/\/www.cactusfleuri.ca\/wp-content\/uploads\/2025\/07\/Aloes-en-fleurs-le-cactus-fleuri-B-1920pxCOMP-768x332.jpg 768w, https:\/\/www.cactusfleuri.ca\/wp-content\/uploads\/2025\/07\/Aloes-en-fleurs-le-cactus-fleuri-B-1920pxCOMP-1536x665.jpg 1536w, https:\/\/www.cactusfleuri.ca\/wp-content\/uploads\/2025\/07\/Aloes-en-fleurs-le-cactus-fleuri-B-1920pxCOMP-18x8.jpg 18w\" sizes=\"auto, (max-width: 1920px) 100vw, 1920px\" \/>\n          <\/div>\n        <\/div>\n      <\/div>\n    <\/div><div class=\"img-with-aniamtion-wrap center custom-size\" data-max-width=\"100%\" data-max-width-mobile=\"default\" data-shadow=\"none\" data-animation=\"none\" >\n      <div class=\"inner\">\n        <div class=\"hover-wrap\"> \n          <div class=\"hover-wrap-inner\">\n            <img loading=\"lazy\" decoding=\"async\" class=\"img-with-animation skip-lazy\" data-delay=\"0\" height=\"800\" width=\"800\" data-animation=\"none\" src=\"https:\/\/www.cactusfleuri.ca\/wp-content\/uploads\/2025\/07\/visite-en-serres-Le-Cactus-Fleuri-1920pxComp-800x800.jpg\" alt=\"visite en serres le cactus fleuri\" srcset=\"https:\/\/www.cactusfleuri.ca\/wp-content\/uploads\/2025\/07\/visite-en-serres-Le-Cactus-Fleuri-1920pxComp-800x800.jpg 800w, https:\/\/www.cactusfleuri.ca\/wp-content\/uploads\/2025\/07\/visite-en-serres-Le-Cactus-Fleuri-1920pxComp-300x300.jpg 300w, https:\/\/www.cactusfleuri.ca\/wp-content\/uploads\/2025\/07\/visite-en-serres-Le-Cactus-Fleuri-1920pxComp-150x150.jpg 150w, https:\/\/www.cactusfleuri.ca\/wp-content\/uploads\/2025\/07\/visite-en-serres-Le-Cactus-Fleuri-1920pxComp-11x12.jpg 11w, https:\/\/www.cactusfleuri.ca\/wp-content\/uploads\/2025\/07\/visite-en-serres-Le-Cactus-Fleuri-1920pxComp-100x100.jpg 100w, https:\/\/www.cactusfleuri.ca\/wp-content\/uploads\/2025\/07\/visite-en-serres-Le-Cactus-Fleuri-1920pxComp-140x140.jpg 140w, https:\/\/www.cactusfleuri.ca\/wp-content\/uploads\/2025\/07\/visite-en-serres-Le-Cactus-Fleuri-1920pxComp-500x500.jpg 500w, https:\/\/www.cactusfleuri.ca\/wp-content\/uploads\/2025\/07\/visite-en-serres-Le-Cactus-Fleuri-1920pxComp-350x350.jpg 350w, https:\/\/www.cactusfleuri.ca\/wp-content\/uploads\/2025\/07\/visite-en-serres-Le-Cactus-Fleuri-1920pxComp-1000x1000.jpg 1000w\" sizes=\"auto, (max-width: 800px) 100vw, 800px\" \/>\n          <\/div>\n        <\/div>\n      <\/div>\n    <\/div>\n\t\t<\/div> \n\t<\/div>\n\t<\/div> \n\n\t<div  class=\"vc_col-sm-6 wpb_column column_container vc_column_container col child_column no-extra-padding inherit_tablet inherit_phone\"   data-padding-pos=\"all\" data-has-bg-color=\"false\" data-bg-color=\"\" data-bg-opacity=\"1\" data-animation=\"\" data-delay=\"0\" >\n\t\t<div class=\"vc_column-inner\" >\n\t\t<div class=\"wpb_wrapper\">\n\t\t\t<div class=\"img-with-aniamtion-wrap center\" data-max-width=\"100%\" data-max-width-mobile=\"default\" data-shadow=\"none\" data-animation=\"none\" >\n      <div class=\"inner\">\n        <div class=\"hover-wrap\"> \n          <div class=\"hover-wrap-inner\">\n            <img loading=\"lazy\" decoding=\"async\" class=\"img-with-animation skip-lazy\" data-delay=\"0\" height=\"1920\" width=\"1290\" data-animation=\"none\" src=\"https:\/\/www.cactusfleuri.ca\/wp-content\/uploads\/2025\/07\/Cereus-81920pxCOMP.jpg\" alt=\"cereus 8&#039;&#039; visite libre serres de production le cactus fleuri\" srcset=\"https:\/\/www.cactusfleuri.ca\/wp-content\/uploads\/2025\/07\/Cereus-81920pxCOMP.jpg 1290w, https:\/\/www.cactusfleuri.ca\/wp-content\/uploads\/2025\/07\/Cereus-81920pxCOMP-600x893.jpg 600w, https:\/\/www.cactusfleuri.ca\/wp-content\/uploads\/2025\/07\/Cereus-81920pxCOMP-202x300.jpg 202w, https:\/\/www.cactusfleuri.ca\/wp-content\/uploads\/2025\/07\/Cereus-81920pxCOMP-688x1024.jpg 688w, https:\/\/www.cactusfleuri.ca\/wp-content\/uploads\/2025\/07\/Cereus-81920pxCOMP-768x1143.jpg 768w, https:\/\/www.cactusfleuri.ca\/wp-content\/uploads\/2025\/07\/Cereus-81920pxCOMP-1032x1536.jpg 1032w, https:\/\/www.cactusfleuri.ca\/wp-content\/uploads\/2025\/07\/Cereus-81920pxCOMP-8x12.jpg 8w\" sizes=\"auto, (max-width: 1290px) 100vw, 1290px\" \/>\n          <\/div>\n        <\/div>\n      <\/div>\n    <\/div><div class=\"img-with-aniamtion-wrap  custom-size\" data-max-width=\"100%\" data-max-width-mobile=\"default\" data-shadow=\"none\" data-animation=\"none\" >\n      <div class=\"inner\">\n        <div class=\"hover-wrap\"> \n          <div class=\"hover-wrap-inner\">\n            <img loading=\"lazy\" decoding=\"async\" class=\"img-with-animation skip-lazy\" data-delay=\"0\" height=\"800\" width=\"800\" data-animation=\"none\" src=\"https:\/\/www.cactusfleuri.ca\/wp-content\/uploads\/2025\/06\/Le-Cactus-Fleuri-Producteur-en-serres-au-Quebec-web-1920pxCOMP-800x800.jpg\" alt=\"le cactus fleuri producteur en serres au quebec web 1920pxcomp\" srcset=\"https:\/\/www.cactusfleuri.ca\/wp-content\/uploads\/2025\/06\/Le-Cactus-Fleuri-Producteur-en-serres-au-Quebec-web-1920pxCOMP-800x800.jpg 800w, https:\/\/www.cactusfleuri.ca\/wp-content\/uploads\/2025\/06\/Le-Cactus-Fleuri-Producteur-en-serres-au-Quebec-web-1920pxCOMP-300x300.jpg 300w, https:\/\/www.cactusfleuri.ca\/wp-content\/uploads\/2025\/06\/Le-Cactus-Fleuri-Producteur-en-serres-au-Quebec-web-1920pxCOMP-150x150.jpg 150w, https:\/\/www.cactusfleuri.ca\/wp-content\/uploads\/2025\/06\/Le-Cactus-Fleuri-Producteur-en-serres-au-Quebec-web-1920pxCOMP-100x100.jpg 100w, https:\/\/www.cactusfleuri.ca\/wp-content\/uploads\/2025\/06\/Le-Cactus-Fleuri-Producteur-en-serres-au-Quebec-web-1920pxCOMP-140x140.jpg 140w, https:\/\/www.cactusfleuri.ca\/wp-content\/uploads\/2025\/06\/Le-Cactus-Fleuri-Producteur-en-serres-au-Quebec-web-1920pxCOMP-500x500.jpg 500w, https:\/\/www.cactusfleuri.ca\/wp-content\/uploads\/2025\/06\/Le-Cactus-Fleuri-Producteur-en-serres-au-Quebec-web-1920pxCOMP-350x350.jpg 350w, https:\/\/www.cactusfleuri.ca\/wp-content\/uploads\/2025\/06\/Le-Cactus-Fleuri-Producteur-en-serres-au-Quebec-web-1920pxCOMP-1000x1000.jpg 1000w\" sizes=\"auto, (max-width: 800px) 100vw, 800px\" \/>\n          <\/div>\n        <\/div>\n      <\/div>\n    <\/div>\n\t\t<\/div> \n\t<\/div>\n\t<\/div> \n<\/div><\/div>\n\t\t\t<\/div> \n\t\t<\/div>\n\t<\/div> \n<\/div><\/div>\n\t\t<div id=\"fws_6a09acb94e53a\"  data-column-margin=\"default\" data-midnight=\"dark\"  class=\"wpb_row vc_row-fluid vc_row\"  style=\"padding-top: 0px; padding-bottom: 0px; \"><div class=\"row-bg-wrap\" data-bg-animation=\"none\" data-bg-animation-delay=\"\" data-bg-overlay=\"false\"><div class=\"inner-wrap row-bg-layer\" ><div class=\"row-bg viewport-desktop\"  style=\"\"><\/div><\/div><\/div><div class=\"row_col_wrap_12 col span_12 dark left\">\n\t<div  class=\"vc_col-sm-12 wpb_column column_container vc_column_container col no-extra-padding inherit_tablet inherit_phone\"  data-padding-pos=\"all\" data-has-bg-color=\"false\" data-bg-color=\"\" data-bg-opacity=\"1\" data-animation=\"\" data-delay=\"0\" >\n\t\t<div class=\"vc_column-inner\" >\n\t\t\t<div class=\"wpb_wrapper\">\n\t\t\t\t<div class=\"divider-wrap\" data-alignment=\"default\"><div style=\"margin-top: 12.5px; height: 4px; margin-bottom: 12.5px;\" data-width=\"100%\" data-animate=\"\" data-animation-delay=\"\" data-color=\"extra-color-2\" class=\"divider-border\"><\/div><\/div><h3 style=\"color: #c15405;text-align: left\" class=\"vc_custom_heading\" >Our Tourism Partners<\/h3>\t\n\t<div class=\"carousel-wrap\">\n\t\t<div class=\"row carousel clients six-cols fade-in-animation\" data-he=\"opacity\" data-additional_padding=\"2\" data-max=\"6\">\n\t\t\t\t<div><a href=\"https:\/\/gardemangerduquebec.ca\/\" target=\"_blank\">\n\t\t<img loading=\"lazy\" decoding=\"async\" src=\"https:\/\/www.cactusfleuri.ca\/wp-content\/uploads\/2023\/07\/GMQ_Original@4x-e1711565618720.png\" alt=\"Le Garde-Manger du Qu\u00e9bec\" width=\"125\" height=\"78\" \/>\t<\/a><\/div>\n\t<div><a href=\"https:\/\/gardemangerduquebec.ca\/virees-gourmandes\/circuit\/les-plaisirs-de-la-ferme\/\" target=\"_blank\">\n\t\t<img loading=\"lazy\" decoding=\"async\" src=\"https:\/\/www.cactusfleuri.ca\/wp-content\/uploads\/2023\/07\/VG2023_logo-e1711565606741.png\" alt=\"Les Vir\u00e9es Gourmandes\" width=\"125\" height=\"125\" \/>\t<\/a><\/div>\n\t<div><a href=\"https:\/\/st-hyacinthetechnopole.com\/\" target=\"_blank\">\n\t\t<img loading=\"lazy\" decoding=\"async\" src=\"https:\/\/www.cactusfleuri.ca\/wp-content\/uploads\/2023\/07\/Saint-Hyacinthe_Technopole_Logo_255x158-e1711565591422.png\" alt=\"Saint-Hyacinthe Technopole\" width=\"125\" height=\"77\" \/>\t<\/a><\/div>\n\t<div><a href=\"https:\/\/tourismesth.ca\/epi-curieux\/\" target=\"_blank\">\n\t\t<img loading=\"lazy\" decoding=\"async\" src=\"https:\/\/www.cactusfleuri.ca\/wp-content\/uploads\/2024\/03\/Epicurieux-2.png\" alt=\"epicurieux\" width=\"125\" height=\"103\" \/>\t<\/a><\/div>\n\t<div><a href=\"https:\/\/mangeonslocal.ca\/explorer?utm_source=fidelitix&amp;utm_medium=sem&amp;gclid=Cj0KCQjwzdOlBhCNARIsAPMwjbzQzc14m8YS1gPsLfbyQtKGXr6XIA3Pgfd21txBuZQia8KrIhuC9NYaAqJOEALw_wcB\" target=\"_blank\">\n\t\t<img loading=\"lazy\" decoding=\"async\" src=\"https:\/\/www.cactusfleuri.ca\/wp-content\/uploads\/2023\/07\/Mangeons_Local-e1711565208663.png\" alt=\"Mangeons Local\" width=\"125\" height=\"39\" \/>\t<\/a><\/div>\n\t<div><a href=\"https:\/\/www.passeportvacances.com\/cactus-fleuri-horticulture-jardins-ste-marie-madeleine-plantes-tropicales-activite-famille-rabais\" target=\"_blank\">\n\t\t<img loading=\"lazy\" decoding=\"async\" src=\"https:\/\/www.cactusfleuri.ca\/wp-content\/uploads\/2023\/07\/Logo_Passeport_Vacances_RGB-e1711565197386.jpg\" alt=\"Passeport Vacances\" width=\"125\" height=\"42\" \/>\t<\/a><\/div>\n\t<div><a href=\"https:\/\/fr.tripadvisor.ca\/Attraction_Review-g8125451-d26353381-Reviews-Le_Cactus_Fleuri_inc-Sainte_Madeleine_Quebec.html\" target=\"_blank\">\n\t\t<img loading=\"lazy\" decoding=\"async\" src=\"https:\/\/www.cactusfleuri.ca\/wp-content\/uploads\/2023\/07\/Tripadvisor_Logo_circle-green_vertical-lockup-small_registered_RGB-01-300x184-df47a2d-e1711565185433.png\" alt=\"TripAdvisor\" width=\"125\" height=\"77\" \/>\t<\/a><\/div>\n\t<div><a href=\"https:\/\/experiences.terroiretsaveurs.com\/fr\/repertoire\/le-cactus-fleuri-inc\" target=\"_blank\">\n\t\t<img loading=\"lazy\" decoding=\"async\" src=\"https:\/\/www.cactusfleuri.ca\/wp-content\/uploads\/2023\/12\/TerroirSaveurQuebec_Logo_RGB-K-e1711565148754.png\" alt=\"Terroir et Saveurs du Qu\u00e9bec\" width=\"125\" height=\"48\" \/>\t<\/a><\/div>\n\t<div><a href=\"https:\/\/jeuxface4.com\/fr\/francais-accueil\" target=\"_blank\">\n\t\t<img loading=\"lazy\" decoding=\"async\" src=\"https:\/\/www.cactusfleuri.ca\/wp-content\/uploads\/2024\/04\/JeuxFace4_Logo_horizontal-e1712271714658.png\" alt=\"Jeux Face4\" width=\"160\" height=\"72\" \/>\t<\/a><\/div>\n\t\t<\/div>\n\t<\/div>\n\t\n\n\t\t\t<\/div> \n\t\t<\/div>\n\t<\/div> \n<\/div><\/div>","protected":false},"excerpt":{"rendered":"Pour explorer les coulissesVisite libre des serres de production 37 000 pieds carr\u00e9 de serres, dont un nouveau complexe \u00e0 la fine pointe de la technologie Plus de 700 esp\u00e8ces...","protected":false},"author":9,"featured_media":0,"parent":0,"menu_order":0,"comment_status":"closed","ping_status":"closed","template":"","meta":{"_seopress_robots_primary_cat":"","_seopress_titles_title":"Visite libre des serres de production | Le Cactus Fleuri","_seopress_titles_desc":"Le cactus Fleuri vous permet de faire la visite libre des serres de production de cactus, succulentes et plantes tropicales \u00e0 Sainte-Marie-Madeleine en Mont\u00e9r\u00e9gie.\r\nDirectement chez le producteur","_seopress_robots_index":"","_seopress_analysis_target_kw":"activit\u00e9 familiale,Mont\u00e9r\u00e9gie","footnotes":""},"class_list":["post-14325","page","type-page","status-publish"],"_links":{"self":[{"href":"https:\/\/www.cactusfleuri.ca\/en\/wp-json\/wp\/v2\/pages\/14325","targetHints":{"allow":["GET"]}}],"collection":[{"href":"https:\/\/www.cactusfleuri.ca\/en\/wp-json\/wp\/v2\/pages"}],"about":[{"href":"https:\/\/www.cactusfleuri.ca\/en\/wp-json\/wp\/v2\/types\/page"}],"author":[{"embeddable":true,"href":"https:\/\/www.cactusfleuri.ca\/en\/wp-json\/wp\/v2\/users\/9"}],"replies":[{"embeddable":true,"href":"https:\/\/www.cactusfleuri.ca\/en\/wp-json\/wp\/v2\/comments?post=14325"}],"version-history":[{"count":30,"href":"https:\/\/www.cactusfleuri.ca\/en\/wp-json\/wp\/v2\/pages\/14325\/revisions"}],"predecessor-version":[{"id":14969,"href":"https:\/\/www.cactusfleuri.ca\/en\/wp-json\/wp\/v2\/pages\/14325\/revisions\/14969"}],"wp:attachment":[{"href":"https:\/\/www.cactusfleuri.ca\/en\/wp-json\/wp\/v2\/media?parent=14325"}],"curies":[{"name":"wp","href":"https:\/\/api.w.org\/{rel}","templated":true}]}}