{"id":14250,"date":"2025-07-08T15:36:42","date_gmt":"2025-07-08T19:36:42","guid":{"rendered":"https:\/\/tempo2.solutionorange.com\/cactusfleuri\/?page_id=14250"},"modified":"2025-10-08T13:44:23","modified_gmt":"2025-10-08T17:44:23","slug":"boutique-en-serre","status":"publish","type":"page","link":"https:\/\/www.cactusfleuri.ca\/en\/boutique-en-serre\/","title":{"rendered":"Greenhouse shop"},"content":{"rendered":"<div id=\"fws_6a09ac1a1c2d7\"  data-column-margin=\"50px\" data-midnight=\"dark\"  class=\"wpb_row vc_row-fluid vc_row\"  style=\"padding-top: 0px; padding-bottom: 0px; \"><div class=\"row-bg-wrap\" data-bg-animation=\"none\" data-bg-animation-delay=\"\" data-bg-overlay=\"false\"><div class=\"inner-wrap row-bg-layer\" ><div class=\"row-bg viewport-desktop\"  style=\"\"><\/div><\/div><\/div><div class=\"row_col_wrap_12 col span_12 dark left\">\n\t<div  class=\"vc_col-sm-12 wpb_column column_container vc_column_container col no-extra-padding inherit_tablet inherit_phone\"  data-padding-pos=\"all\" data-has-bg-color=\"false\" data-bg-color=\"\" data-bg-opacity=\"1\" data-animation=\"\" data-delay=\"0\" >\n\t\t<div class=\"vc_column-inner\" >\n\t\t\t<div class=\"wpb_wrapper\">\n\t\t\t\t<div class=\"divider-wrap\" data-alignment=\"default\"><div style=\"height: 35px;\" class=\"divider\"><\/div><\/div><h1 style=\"color: #c15405;text-align: left\" class=\"vc_custom_heading\" >The dream destination to travel without leaving the country<\/h1><h2 style=\"color: #000000;text-align: left\" class=\"vc_custom_heading\" >Made here by local hands<\/h2><div class=\"divider-wrap\" data-alignment=\"default\"><div style=\"margin-top: 37.5px; height: 4px; margin-bottom: 37.5px;\" data-width=\"100%\" data-animate=\"\" data-animation-delay=\"\" data-color=\"default\" class=\"divider-border\"><\/div><\/div><div id=\"fws_6a09ac1a1cab3\" data-midnight=\"\" data-column-margin=\"default\" class=\"wpb_row vc_row-fluid vc_row inner_row\"  style=\"\"><div class=\"row-bg-wrap\"> <div class=\"row-bg\" ><\/div> <\/div><div class=\"row_col_wrap_12_inner col span_12  left\">\n\t<div  class=\"vc_col-sm-6 wpb_column column_container vc_column_container col child_column no-extra-padding inherit_tablet inherit_phone\"   data-padding-pos=\"all\" data-has-bg-color=\"false\" data-bg-color=\"\" data-bg-opacity=\"1\" data-animation=\"\" data-delay=\"0\" >\n\t\t<div class=\"vc_column-inner\" >\n\t\t<div class=\"wpb_wrapper\">\n\t\t\t<div class=\"iwithtext\"><div class=\"iwt-icon\"> <i class=\"icon-default-style steadysets-icon-sun accent-color\"><\/i> <\/div><div class=\"iwt-text\"> \n<h5>Rare cacti, stunning succulents, and unique tropical plants found only in Quebec<\/h5>\n <\/div><div class=\"clear\"><\/div><\/div>\n\t\t<\/div> \n\t<\/div>\n\t<\/div> \n\n\t<div  class=\"vc_col-sm-6 wpb_column column_container vc_column_container col child_column no-extra-padding inherit_tablet inherit_phone\"   data-padding-pos=\"all\" data-has-bg-color=\"false\" data-bg-color=\"\" data-bg-opacity=\"1\" data-animation=\"\" data-delay=\"0\" >\n\t\t<div class=\"vc_column-inner\" >\n\t\t<div class=\"wpb_wrapper\">\n\t\t\t<div class=\"iwithtext\"><div class=\"iwt-icon\"> <i class=\"icon-default-style steadysets-icon-sun accent-color\"><\/i> <\/div><div class=\"iwt-text\"> \n<h5>To immerse yourself in a tropical atmosphere all year round and escape the everyday<\/h5>\n <\/div><div class=\"clear\"><\/div><\/div>\n\t\t<\/div> \n\t<\/div>\n\t<\/div> \n<\/div><\/div><div class=\"divider-wrap\" data-alignment=\"default\"><div style=\"margin-top: 12.5px; height: 4px; margin-bottom: 12.5px;\" data-width=\"100%\" data-animate=\"\" data-animation-delay=\"\" data-color=\"default\" class=\"divider-border\"><\/div><\/div><div id=\"fws_6a09ac1a1d136\" data-midnight=\"\" data-column-margin=\"20px\" class=\"wpb_row vc_row-fluid vc_row inner_row\"  style=\"\"><div class=\"row-bg-wrap\"> <div class=\"row-bg\" ><\/div> <\/div><div class=\"row_col_wrap_12_inner col span_12  left\">\n\t<div  class=\"vc_col-sm-6 wpb_column column_container vc_column_container col child_column no-extra-padding el_spacing_10px inherit_tablet inherit_phone\"   data-padding-pos=\"all\" data-has-bg-color=\"false\" data-bg-color=\"\" data-bg-opacity=\"1\" data-animation=\"\" data-delay=\"0\" >\n\t\t<div class=\"vc_column-inner\" >\n\t\t<div class=\"wpb_wrapper\">\n\t\t\t<div class=\"iwithtext\"><div class=\"iwt-icon\"> <i class=\"icon-default-style fa fa-users extra-color-2\"><\/i> <\/div><div class=\"iwt-text\"> \n<h5>Open to Everyone<\/h5>\n<div class=\"textwidget\">\n<p>Our shop is open all year round.<\/p>\n<\/div>\n <\/div><div class=\"clear\"><\/div><\/div><div class=\"img-with-aniamtion-wrap\" data-max-width=\"100%\" data-max-width-mobile=\"default\" data-shadow=\"none\" data-animation=\"none\" >\n      <div class=\"inner\">\n        <div class=\"hover-wrap\"> \n          <div class=\"hover-wrap-inner\">\n            <img loading=\"lazy\" decoding=\"async\" class=\"img-with-animation skip-lazy\" data-delay=\"0\" height=\"1350\" width=\"1920\" data-animation=\"none\" src=\"https:\/\/www.cactusfleuri.ca\/wp-content\/uploads\/2025\/07\/Christelle1920pxCOMP-1.jpg\" alt=\"boutique le cactus fleuri\" srcset=\"https:\/\/www.cactusfleuri.ca\/wp-content\/uploads\/2025\/07\/Christelle1920pxCOMP-1.jpg 1920w, https:\/\/www.cactusfleuri.ca\/wp-content\/uploads\/2025\/07\/Christelle1920pxCOMP-1-600x422.jpg 600w, https:\/\/www.cactusfleuri.ca\/wp-content\/uploads\/2025\/07\/Christelle1920pxCOMP-1-300x211.jpg 300w, https:\/\/www.cactusfleuri.ca\/wp-content\/uploads\/2025\/07\/Christelle1920pxCOMP-1-1024x720.jpg 1024w, https:\/\/www.cactusfleuri.ca\/wp-content\/uploads\/2025\/07\/Christelle1920pxCOMP-1-768x540.jpg 768w, https:\/\/www.cactusfleuri.ca\/wp-content\/uploads\/2025\/07\/Christelle1920pxCOMP-1-1536x1080.jpg 1536w, https:\/\/www.cactusfleuri.ca\/wp-content\/uploads\/2025\/07\/Christelle1920pxCOMP-1-18x12.jpg 18w\" sizes=\"auto, (max-width: 1920px) 100vw, 1920px\" \/>\n          <\/div>\n        <\/div>\n      <\/div>\n    <\/div><div class=\"img-with-aniamtion-wrap\" data-max-width=\"100%\" data-max-width-mobile=\"default\" data-shadow=\"none\" data-animation=\"none\" >\n      <div class=\"inner\">\n        <div class=\"hover-wrap\"> \n          <div class=\"hover-wrap-inner\">\n            <img loading=\"lazy\" decoding=\"async\" class=\"img-with-animation skip-lazy\" data-delay=\"0\" height=\"1536\" width=\"2048\" data-animation=\"none\" src=\"https:\/\/www.cactusfleuri.ca\/wp-content\/uploads\/2025\/07\/boutiqueComp.jpg\" alt=\"boutique Le Cactus Fleuri\" srcset=\"https:\/\/www.cactusfleuri.ca\/wp-content\/uploads\/2025\/07\/boutiqueComp.jpg 2048w, https:\/\/www.cactusfleuri.ca\/wp-content\/uploads\/2025\/07\/boutiqueComp-600x450.jpg 600w, https:\/\/www.cactusfleuri.ca\/wp-content\/uploads\/2025\/07\/boutiqueComp-300x225.jpg 300w, https:\/\/www.cactusfleuri.ca\/wp-content\/uploads\/2025\/07\/boutiqueComp-1024x768.jpg 1024w, https:\/\/www.cactusfleuri.ca\/wp-content\/uploads\/2025\/07\/boutiqueComp-768x576.jpg 768w, https:\/\/www.cactusfleuri.ca\/wp-content\/uploads\/2025\/07\/boutiqueComp-1536x1152.jpg 1536w, https:\/\/www.cactusfleuri.ca\/wp-content\/uploads\/2025\/07\/boutiqueComp-16x12.jpg 16w\" sizes=\"auto, (max-width: 2048px) 100vw, 2048px\" \/>\n          <\/div>\n        <\/div>\n      <\/div>\n    <\/div><div class=\"img-with-aniamtion-wrap\" data-max-width=\"100%\" data-max-width-mobile=\"default\" data-shadow=\"none\" data-animation=\"none\" >\n      <div class=\"inner\">\n        <div class=\"hover-wrap\"> \n          <div class=\"hover-wrap-inner\">\n            <img loading=\"lazy\" decoding=\"async\" class=\"img-with-animation skip-lazy\" data-delay=\"0\" height=\"445\" width=\"800\" data-animation=\"none\" src=\"https:\/\/www.cactusfleuri.ca\/wp-content\/uploads\/2025\/10\/entretien-plantes-800px.jpg\" alt=\"entretien plantes 800px\" srcset=\"https:\/\/www.cactusfleuri.ca\/wp-content\/uploads\/2025\/10\/entretien-plantes-800px.jpg 800w, https:\/\/www.cactusfleuri.ca\/wp-content\/uploads\/2025\/10\/entretien-plantes-800px-600x334.jpg 600w, https:\/\/www.cactusfleuri.ca\/wp-content\/uploads\/2025\/10\/entretien-plantes-800px-300x167.jpg 300w, https:\/\/www.cactusfleuri.ca\/wp-content\/uploads\/2025\/10\/entretien-plantes-800px-768x427.jpg 768w, https:\/\/www.cactusfleuri.ca\/wp-content\/uploads\/2025\/10\/entretien-plantes-800px-18x10.jpg 18w\" sizes=\"auto, (max-width: 800px) 100vw, 800px\" \/>\n          <\/div>\n        <\/div>\n      <\/div>\n    <\/div>\n\t\t<\/div> \n\t<\/div>\n\t<\/div> \n\n\t<div  class=\"vc_col-sm-6 wpb_column column_container vc_column_container col child_column no-extra-padding el_spacing_10px inherit_tablet inherit_phone\"   data-padding-pos=\"all\" data-has-bg-color=\"false\" data-bg-color=\"\" data-bg-opacity=\"1\" data-animation=\"\" data-delay=\"0\" >\n\t\t<div class=\"vc_column-inner\" >\n\t\t<div class=\"wpb_wrapper\">\n\t\t\t<div class=\"img-with-aniamtion-wrap center\" data-max-width=\"100%\" data-max-width-mobile=\"default\" data-shadow=\"none\" data-animation=\"none\" >\n      <div class=\"inner\">\n        <div class=\"hover-wrap\"> \n          <div class=\"hover-wrap-inner\">\n            <img loading=\"lazy\" decoding=\"async\" class=\"img-with-animation skip-lazy\" data-delay=\"0\" height=\"1425\" width=\"1920\" data-animation=\"none\" src=\"https:\/\/www.cactusfleuri.ca\/wp-content\/uploads\/2025\/07\/boutique-Le-Cactus-Fleuri-1920px_1Comp.jpg\" alt=\"boutique le cactus fleuri\" srcset=\"https:\/\/www.cactusfleuri.ca\/wp-content\/uploads\/2025\/07\/boutique-Le-Cactus-Fleuri-1920px_1Comp.jpg 1920w, https:\/\/www.cactusfleuri.ca\/wp-content\/uploads\/2025\/07\/boutique-Le-Cactus-Fleuri-1920px_1Comp-600x445.jpg 600w, https:\/\/www.cactusfleuri.ca\/wp-content\/uploads\/2025\/07\/boutique-Le-Cactus-Fleuri-1920px_1Comp-300x223.jpg 300w, https:\/\/www.cactusfleuri.ca\/wp-content\/uploads\/2025\/07\/boutique-Le-Cactus-Fleuri-1920px_1Comp-1024x760.jpg 1024w, https:\/\/www.cactusfleuri.ca\/wp-content\/uploads\/2025\/07\/boutique-Le-Cactus-Fleuri-1920px_1Comp-768x570.jpg 768w, https:\/\/www.cactusfleuri.ca\/wp-content\/uploads\/2025\/07\/boutique-Le-Cactus-Fleuri-1920px_1Comp-1536x1140.jpg 1536w, https:\/\/www.cactusfleuri.ca\/wp-content\/uploads\/2025\/07\/boutique-Le-Cactus-Fleuri-1920px_1Comp-16x12.jpg 16w\" sizes=\"auto, (max-width: 1920px) 100vw, 1920px\" \/>\n          <\/div>\n        <\/div>\n      <\/div>\n    <\/div><div class=\"img-with-aniamtion-wrap center\" data-max-width=\"100%\" data-max-width-mobile=\"default\" data-shadow=\"none\" data-animation=\"none\" >\n      <div class=\"inner\">\n        <div class=\"hover-wrap\"> \n          <div class=\"hover-wrap-inner\">\n            <img loading=\"lazy\" decoding=\"async\" class=\"img-with-animation skip-lazy\" data-delay=\"0\" height=\"1263\" width=\"1920\" data-animation=\"none\" src=\"https:\/\/www.cactusfleuri.ca\/wp-content\/uploads\/2025\/06\/Cactus-4-assorties-1920pxCOMP.jpg\" alt=\"cactus 4&#039;&#039; assorties-Le Cactus Fleuri\" srcset=\"https:\/\/www.cactusfleuri.ca\/wp-content\/uploads\/2025\/06\/Cactus-4-assorties-1920pxCOMP.jpg 1920w, https:\/\/www.cactusfleuri.ca\/wp-content\/uploads\/2025\/06\/Cactus-4-assorties-1920pxCOMP-600x395.jpg 600w, https:\/\/www.cactusfleuri.ca\/wp-content\/uploads\/2025\/06\/Cactus-4-assorties-1920pxCOMP-300x197.jpg 300w, https:\/\/www.cactusfleuri.ca\/wp-content\/uploads\/2025\/06\/Cactus-4-assorties-1920pxCOMP-1024x674.jpg 1024w, https:\/\/www.cactusfleuri.ca\/wp-content\/uploads\/2025\/06\/Cactus-4-assorties-1920pxCOMP-768x505.jpg 768w, https:\/\/www.cactusfleuri.ca\/wp-content\/uploads\/2025\/06\/Cactus-4-assorties-1920pxCOMP-1536x1010.jpg 1536w, https:\/\/www.cactusfleuri.ca\/wp-content\/uploads\/2025\/06\/Cactus-4-assorties-1920pxCOMP-18x12.jpg 18w\" sizes=\"auto, (max-width: 1920px) 100vw, 1920px\" \/>\n          <\/div>\n        <\/div>\n      <\/div>\n    <\/div><div class=\"img-with-aniamtion-wrap\" data-max-width=\"100%\" data-max-width-mobile=\"default\" data-shadow=\"none\" data-animation=\"none\" >\n      <div class=\"inner\">\n        <div class=\"hover-wrap\"> \n          <div class=\"hover-wrap-inner\">\n            <img loading=\"lazy\" decoding=\"async\" class=\"img-with-animation skip-lazy\" data-delay=\"0\" height=\"1331\" width=\"1920\" data-animation=\"none\" src=\"https:\/\/www.cactusfleuri.ca\/wp-content\/uploads\/2025\/06\/Pourpier-potage-a-4-1920pxCOMP.jpg\" alt=\"pourpier potag\u00e9 a 4&#039;&#039;\" srcset=\"https:\/\/www.cactusfleuri.ca\/wp-content\/uploads\/2025\/06\/Pourpier-potage-a-4-1920pxCOMP.jpg 1920w, https:\/\/www.cactusfleuri.ca\/wp-content\/uploads\/2025\/06\/Pourpier-potage-a-4-1920pxCOMP-600x416.jpg 600w, https:\/\/www.cactusfleuri.ca\/wp-content\/uploads\/2025\/06\/Pourpier-potage-a-4-1920pxCOMP-300x208.jpg 300w, https:\/\/www.cactusfleuri.ca\/wp-content\/uploads\/2025\/06\/Pourpier-potage-a-4-1920pxCOMP-1024x710.jpg 1024w, https:\/\/www.cactusfleuri.ca\/wp-content\/uploads\/2025\/06\/Pourpier-potage-a-4-1920pxCOMP-768x532.jpg 768w, https:\/\/www.cactusfleuri.ca\/wp-content\/uploads\/2025\/06\/Pourpier-potage-a-4-1920pxCOMP-1536x1065.jpg 1536w, https:\/\/www.cactusfleuri.ca\/wp-content\/uploads\/2025\/06\/Pourpier-potage-a-4-1920pxCOMP-18x12.jpg 18w\" sizes=\"auto, (max-width: 1920px) 100vw, 1920px\" \/>\n          <\/div>\n        <\/div>\n      <\/div>\n    <\/div>\n\t\t<\/div> \n\t<\/div>\n\t<\/div> \n<\/div><\/div>\n\t\t\t<\/div> \n\t\t<\/div>\n\t<\/div> \n\n\t<div  class=\"vc_col-sm-12 wpb_column column_container vc_column_container col no-extra-padding inherit_tablet inherit_phone\"  data-padding-pos=\"all\" data-has-bg-color=\"false\" data-bg-color=\"\" data-bg-opacity=\"1\" data-animation=\"\" data-delay=\"0\" >\n\t\t<div class=\"vc_column-inner\" >\n\t\t\t<div class=\"wpb_wrapper\">\n\t\t\t\t<div id=\"fws_6a09ac1a1e5b9\" data-midnight=\"\" data-column-margin=\"default\" class=\"wpb_row vc_row-fluid vc_row inner_row\"  style=\"\"><div class=\"row-bg-wrap\"> <div class=\"row-bg\" ><\/div> <\/div><div class=\"row_col_wrap_12_inner col span_12  left\">\n\t<div  class=\"vc_col-sm-12 wpb_column column_container vc_column_container col child_column no-extra-padding inherit_tablet inherit_phone\"   data-padding-pos=\"all\" data-has-bg-color=\"false\" data-bg-color=\"\" data-bg-opacity=\"1\" data-animation=\"\" data-delay=\"0\" >\n\t\t<div class=\"vc_column-inner\" >\n\t\t<div class=\"wpb_wrapper\">\n\t\t\t<div class=\"divider-wrap\" data-alignment=\"default\"><div style=\"margin-top: 12.5px; height: 4px; margin-bottom: 12.5px;\" data-width=\"100%\" data-animate=\"\" data-animation-delay=\"\" data-color=\"extra-color-2\" class=\"divider-border\"><\/div><\/div><h3 style=\"color: #c15405;text-align: left\" class=\"vc_custom_heading\" >Saphira, the star bearded dragon of Le Cactus Fleuri<\/h3>\n\t\t<\/div> \n\t<\/div>\n\t<\/div> \n<\/div><\/div><div id=\"fws_6a09ac1a1ea5d\" data-midnight=\"\" data-column-margin=\"default\" class=\"wpb_row vc_row-fluid vc_row inner_row\"  style=\"\"><div class=\"row-bg-wrap\"> <div class=\"row-bg\" ><\/div> <\/div><div class=\"row_col_wrap_12_inner col span_12  left\">\n\t<div  class=\"vc_col-sm-6 wpb_column column_container vc_column_container col child_column no-extra-padding inherit_tablet inherit_phone\"   data-padding-pos=\"all\" data-has-bg-color=\"false\" data-bg-color=\"\" data-bg-opacity=\"1\" data-animation=\"\" data-delay=\"0\" >\n\t\t<div class=\"vc_column-inner\" >\n\t\t<div class=\"wpb_wrapper\">\n\t\t\t<div class=\"img-with-aniamtion-wrap  custom-size\" data-max-width=\"100%\" data-max-width-mobile=\"default\" data-shadow=\"none\" data-animation=\"none\" >\n      <div class=\"inner\">\n        <div class=\"hover-wrap\"> \n          <div class=\"hover-wrap-inner\">\n            <img loading=\"lazy\" decoding=\"async\" class=\"img-with-animation skip-lazy\" data-delay=\"0\" height=\"604\" width=\"900\" data-animation=\"none\" src=\"https:\/\/www.cactusfleuri.ca\/wp-content\/uploads\/2025\/07\/Saphira-1920pxCOMP-900x604.jpg\" alt=\"saphira 1920pxcomp\" srcset=\"https:\/\/www.cactusfleuri.ca\/wp-content\/uploads\/2025\/07\/Saphira-1920pxCOMP-900x604.jpg 900w, https:\/\/www.cactusfleuri.ca\/wp-content\/uploads\/2025\/07\/Saphira-1920pxCOMP-600x403.jpg 600w, https:\/\/www.cactusfleuri.ca\/wp-content\/uploads\/2025\/07\/Saphira-1920pxCOMP-400x269.jpg 400w\" sizes=\"auto, (max-width: 900px) 100vw, 900px\" \/>\n          <\/div>\n        <\/div>\n      <\/div>\n    <\/div>\n\t\t<\/div> \n\t<\/div>\n\t<\/div> \n\n\t<div  class=\"vc_col-sm-3 wpb_column column_container vc_column_container col child_column no-extra-padding inherit_tablet inherit_phone\"   data-padding-pos=\"all\" data-has-bg-color=\"false\" data-bg-color=\"\" data-bg-opacity=\"1\" data-animation=\"\" data-delay=\"0\" >\n\t\t<div class=\"vc_column-inner\" >\n\t\t<div class=\"wpb_wrapper\">\n\t\t\t<div class=\"img-with-aniamtion-wrap\" data-max-width=\"100%\" data-max-width-mobile=\"default\" data-shadow=\"none\" data-animation=\"none\" >\n      <div class=\"inner\">\n        <div class=\"hover-wrap\"> \n          <div class=\"hover-wrap-inner\">\n            <img loading=\"lazy\" decoding=\"async\" class=\"img-with-animation skip-lazy\" data-delay=\"0\" height=\"2560\" width=\"1866\" data-animation=\"none\" src=\"https:\/\/www.cactusfleuri.ca\/wp-content\/uploads\/2025\/07\/DominicCOMP-scaled.jpg\" alt=\"Dragon barbu du Cactus fleuri\" srcset=\"https:\/\/www.cactusfleuri.ca\/wp-content\/uploads\/2025\/07\/DominicCOMP-scaled.jpg 1866w, https:\/\/www.cactusfleuri.ca\/wp-content\/uploads\/2025\/07\/DominicCOMP-scaled-600x823.jpg 600w, https:\/\/www.cactusfleuri.ca\/wp-content\/uploads\/2025\/07\/DominicCOMP-219x300.jpg 219w, https:\/\/www.cactusfleuri.ca\/wp-content\/uploads\/2025\/07\/DominicCOMP-746x1024.jpg 746w, https:\/\/www.cactusfleuri.ca\/wp-content\/uploads\/2025\/07\/DominicCOMP-768x1054.jpg 768w, https:\/\/www.cactusfleuri.ca\/wp-content\/uploads\/2025\/07\/DominicCOMP-1119x1536.jpg 1119w, https:\/\/www.cactusfleuri.ca\/wp-content\/uploads\/2025\/07\/DominicCOMP-1492x2048.jpg 1492w, https:\/\/www.cactusfleuri.ca\/wp-content\/uploads\/2025\/07\/DominicCOMP-9x12.jpg 9w\" sizes=\"auto, (max-width: 1866px) 100vw, 1866px\" \/>\n          <\/div>\n        <\/div>\n      <\/div>\n    <\/div>\n\t\t<\/div> \n\t<\/div>\n\t<\/div> \n\n\t<div  class=\"vc_col-sm-3 wpb_column column_container vc_column_container col child_column no-extra-padding inherit_tablet inherit_phone\"   data-padding-pos=\"all\" data-has-bg-color=\"false\" data-bg-color=\"\" data-bg-opacity=\"1\" data-animation=\"\" data-delay=\"0\" >\n\t\t<div class=\"vc_column-inner\" >\n\t\t<div class=\"wpb_wrapper\">\n\t\t\t<div class=\"img-with-aniamtion-wrap\" data-max-width=\"100%\" data-max-width-mobile=\"default\" data-shadow=\"none\" data-animation=\"none\" >\n      <div class=\"inner\">\n        <div class=\"hover-wrap\"> \n          <div class=\"hover-wrap-inner\">\n            <img loading=\"lazy\" decoding=\"async\" class=\"img-with-animation skip-lazy\" data-delay=\"0\" height=\"1920\" width=\"1399\" data-animation=\"none\" src=\"https:\/\/www.cactusfleuri.ca\/wp-content\/uploads\/2025\/07\/Camille-fille-copy-1920pxCOMP.jpg\" alt=\"Le dragon barbu du cactus fleuri\" srcset=\"https:\/\/www.cactusfleuri.ca\/wp-content\/uploads\/2025\/07\/Camille-fille-copy-1920pxCOMP.jpg 1399w, https:\/\/www.cactusfleuri.ca\/wp-content\/uploads\/2025\/07\/Camille-fille-copy-1920pxCOMP-600x823.jpg 600w, https:\/\/www.cactusfleuri.ca\/wp-content\/uploads\/2025\/07\/Camille-fille-copy-1920pxCOMP-219x300.jpg 219w, https:\/\/www.cactusfleuri.ca\/wp-content\/uploads\/2025\/07\/Camille-fille-copy-1920pxCOMP-746x1024.jpg 746w, https:\/\/www.cactusfleuri.ca\/wp-content\/uploads\/2025\/07\/Camille-fille-copy-1920pxCOMP-768x1054.jpg 768w, https:\/\/www.cactusfleuri.ca\/wp-content\/uploads\/2025\/07\/Camille-fille-copy-1920pxCOMP-1119x1536.jpg 1119w, https:\/\/www.cactusfleuri.ca\/wp-content\/uploads\/2025\/07\/Camille-fille-copy-1920pxCOMP-9x12.jpg 9w\" sizes=\"auto, (max-width: 1399px) 100vw, 1399px\" \/>\n          <\/div>\n        <\/div>\n      <\/div>\n    <\/div>\n\t\t<\/div> \n\t<\/div>\n\t<\/div> \n<\/div><\/div>\n\t\t\t<\/div> \n\t\t<\/div>\n\t<\/div> \n\n\t<div  class=\"vc_col-sm-12 wpb_column column_container vc_column_container col no-extra-padding inherit_tablet inherit_phone\"  data-padding-pos=\"all\" data-has-bg-color=\"false\" data-bg-color=\"\" data-bg-opacity=\"1\" data-animation=\"\" data-delay=\"0\" >\n\t\t<div class=\"vc_column-inner\" >\n\t\t\t<div class=\"wpb_wrapper\">\n\t\t\t\t\n\t\t\t<\/div> \n\t\t<\/div>\n\t<\/div> \n\n\t<div  class=\"vc_col-sm-12 wpb_column column_container vc_column_container col no-extra-padding inherit_tablet inherit_phone\"  data-padding-pos=\"all\" data-has-bg-color=\"false\" data-bg-color=\"\" data-bg-opacity=\"1\" data-animation=\"\" data-delay=\"0\" >\n\t\t<div class=\"vc_column-inner\" >\n\t\t\t<div class=\"wpb_wrapper\">\n\t\t\t\t\n\t\t\t<\/div> \n\t\t<\/div>\n\t<\/div> \n<\/div><\/div>\n\t\t<div id=\"fws_6a09ac1a1fcfe\"  data-column-margin=\"default\" data-midnight=\"dark\"  class=\"wpb_row vc_row-fluid vc_row\"  style=\"padding-top: 0px; padding-bottom: 0px; \"><div class=\"row-bg-wrap\" data-bg-animation=\"none\" data-bg-animation-delay=\"\" data-bg-overlay=\"false\"><div class=\"inner-wrap row-bg-layer\" ><div class=\"row-bg viewport-desktop\"  style=\"\"><\/div><\/div><\/div><div class=\"row_col_wrap_12 col span_12 dark left\">\n\t<div  class=\"vc_col-sm-12 wpb_column column_container vc_column_container col no-extra-padding inherit_tablet inherit_phone\"  data-padding-pos=\"all\" data-has-bg-color=\"false\" data-bg-color=\"\" data-bg-opacity=\"1\" data-animation=\"\" data-delay=\"0\" >\n\t\t<div class=\"vc_column-inner\" >\n\t\t\t<div class=\"wpb_wrapper\">\n\t\t\t\t<div class=\"divider-wrap\" data-alignment=\"default\"><div style=\"margin-top: 12.5px; height: 4px; margin-bottom: 12.5px;\" data-width=\"100%\" data-animate=\"\" data-animation-delay=\"\" data-color=\"extra-color-2\" class=\"divider-border\"><\/div><\/div><h3 style=\"color: #c15405;text-align: left\" class=\"vc_custom_heading\" >Our Tourism Partners<\/h3>\t\n\t<div class=\"carousel-wrap\">\n\t\t<div class=\"row carousel clients six-cols fade-in-animation\" data-he=\"opacity\" data-additional_padding=\"2\" data-max=\"6\">\n\t\t\t\t<div><a href=\"https:\/\/gardemangerduquebec.ca\/\" target=\"_blank\">\n\t\t<img loading=\"lazy\" decoding=\"async\" src=\"https:\/\/www.cactusfleuri.ca\/wp-content\/uploads\/2023\/07\/GMQ_Original@4x-e1711565618720.png\" alt=\"Le Garde-Manger du Qu\u00e9bec\" width=\"125\" height=\"78\" \/>\t<\/a><\/div>\n\t<div><a href=\"https:\/\/gardemangerduquebec.ca\/virees-gourmandes\/circuit\/les-plaisirs-de-la-ferme\/\" target=\"_blank\">\n\t\t<img loading=\"lazy\" decoding=\"async\" src=\"https:\/\/www.cactusfleuri.ca\/wp-content\/uploads\/2023\/07\/VG2023_logo-e1711565606741.png\" alt=\"Les Vir\u00e9es Gourmandes\" width=\"125\" height=\"125\" \/>\t<\/a><\/div>\n\t<div><a href=\"https:\/\/st-hyacinthetechnopole.com\/\" target=\"_blank\">\n\t\t<img loading=\"lazy\" decoding=\"async\" src=\"https:\/\/www.cactusfleuri.ca\/wp-content\/uploads\/2023\/07\/Saint-Hyacinthe_Technopole_Logo_255x158-e1711565591422.png\" alt=\"Saint-Hyacinthe Technopole\" width=\"125\" height=\"77\" \/>\t<\/a><\/div>\n\t<div><a href=\"https:\/\/tourismesth.ca\/epi-curieux\/\" target=\"_blank\">\n\t\t<img loading=\"lazy\" decoding=\"async\" src=\"https:\/\/www.cactusfleuri.ca\/wp-content\/uploads\/2024\/03\/Epicurieux-2.png\" alt=\"epicurieux\" width=\"125\" height=\"103\" \/>\t<\/a><\/div>\n\t<div><a href=\"https:\/\/mangeonslocal.ca\/explorer?utm_source=fidelitix&amp;utm_medium=sem&amp;gclid=Cj0KCQjwzdOlBhCNARIsAPMwjbzQzc14m8YS1gPsLfbyQtKGXr6XIA3Pgfd21txBuZQia8KrIhuC9NYaAqJOEALw_wcB\" target=\"_blank\">\n\t\t<img loading=\"lazy\" decoding=\"async\" src=\"https:\/\/www.cactusfleuri.ca\/wp-content\/uploads\/2023\/07\/Mangeons_Local-e1711565208663.png\" alt=\"Mangeons Local\" width=\"125\" height=\"39\" \/>\t<\/a><\/div>\n\t<div><a href=\"https:\/\/www.passeportvacances.com\/cactus-fleuri-horticulture-jardins-ste-marie-madeleine-plantes-tropicales-activite-famille-rabais\" target=\"_blank\">\n\t\t<img loading=\"lazy\" decoding=\"async\" src=\"https:\/\/www.cactusfleuri.ca\/wp-content\/uploads\/2023\/07\/Logo_Passeport_Vacances_RGB-e1711565197386.jpg\" alt=\"Passeport Vacances\" width=\"125\" height=\"42\" \/>\t<\/a><\/div>\n\t<div><a href=\"https:\/\/fr.tripadvisor.ca\/Attraction_Review-g8125451-d26353381-Reviews-Le_Cactus_Fleuri_inc-Sainte_Madeleine_Quebec.html\" target=\"_blank\">\n\t\t<img loading=\"lazy\" decoding=\"async\" src=\"https:\/\/www.cactusfleuri.ca\/wp-content\/uploads\/2023\/07\/Tripadvisor_Logo_circle-green_vertical-lockup-small_registered_RGB-01-300x184-df47a2d-e1711565185433.png\" alt=\"TripAdvisor\" width=\"125\" height=\"77\" \/>\t<\/a><\/div>\n\t<div><a href=\"https:\/\/experiences.terroiretsaveurs.com\/fr\/repertoire\/le-cactus-fleuri-inc\" target=\"_blank\">\n\t\t<img loading=\"lazy\" decoding=\"async\" src=\"https:\/\/www.cactusfleuri.ca\/wp-content\/uploads\/2023\/12\/TerroirSaveurQuebec_Logo_RGB-K-e1711565148754.png\" alt=\"Terroir et Saveurs du Qu\u00e9bec\" width=\"125\" height=\"48\" \/>\t<\/a><\/div>\n\t<div><a href=\"https:\/\/jeuxface4.com\/fr\/francais-accueil\" target=\"_blank\">\n\t\t<img loading=\"lazy\" decoding=\"async\" src=\"https:\/\/www.cactusfleuri.ca\/wp-content\/uploads\/2024\/04\/JeuxFace4_Logo_horizontal-e1712271714658.png\" alt=\"Jeux Face4\" width=\"160\" height=\"72\" \/>\t<\/a><\/div>\n\t\t<\/div>\n\t<\/div>\n\t\n\n\t\t\t<\/div> \n\t\t<\/div>\n\t<\/div> \n<\/div><\/div>","protected":false},"excerpt":{"rendered":"L'endroit r\u00eav\u00e9 pour voyager sans quitter le paysDes produits d'ici, par des gens d'ici Des cactus rares, des succulentes \u00e9blouissantes &amp; des plantes tropicales uniques au Qu\u00e9bec Pour s'envelopper d'une...","protected":false},"author":9,"featured_media":0,"parent":0,"menu_order":0,"comment_status":"closed","ping_status":"closed","template":"","meta":{"_seopress_robots_primary_cat":"","_seopress_titles_title":"Boutique en serre | Le Cactus Fleuri","_seopress_titles_desc":"Boutique de cactus, succulentes et plantes tropicales \u00e0 Sainte-Marie-Madeleine en Mont\u00e9r\u00e9gie.\r\nDirectement chez le producteur","_seopress_robots_index":"","_seopress_analysis_target_kw":"activit\u00e9 familiale,Mont\u00e9r\u00e9gie","footnotes":""},"class_list":["post-14250","page","type-page","status-publish"],"_links":{"self":[{"href":"https:\/\/www.cactusfleuri.ca\/en\/wp-json\/wp\/v2\/pages\/14250","targetHints":{"allow":["GET"]}}],"collection":[{"href":"https:\/\/www.cactusfleuri.ca\/en\/wp-json\/wp\/v2\/pages"}],"about":[{"href":"https:\/\/www.cactusfleuri.ca\/en\/wp-json\/wp\/v2\/types\/page"}],"author":[{"embeddable":true,"href":"https:\/\/www.cactusfleuri.ca\/en\/wp-json\/wp\/v2\/users\/9"}],"replies":[{"embeddable":true,"href":"https:\/\/www.cactusfleuri.ca\/en\/wp-json\/wp\/v2\/comments?post=14250"}],"version-history":[{"count":74,"href":"https:\/\/www.cactusfleuri.ca\/en\/wp-json\/wp\/v2\/pages\/14250\/revisions"}],"predecessor-version":[{"id":15441,"href":"https:\/\/www.cactusfleuri.ca\/en\/wp-json\/wp\/v2\/pages\/14250\/revisions\/15441"}],"wp:attachment":[{"href":"https:\/\/www.cactusfleuri.ca\/en\/wp-json\/wp\/v2\/media?parent=14250"}],"curies":[{"name":"wp","href":"https:\/\/api.w.org\/{rel}","templated":true}]}}