{"id":12774,"date":"2022-07-29T16:10:32","date_gmt":"2022-07-29T20:10:32","guid":{"rendered":"https:\/\/tempo2.solutionorange.com\/cactusfleuri\/?page_id=12774"},"modified":"2025-07-23T14:34:52","modified_gmt":"2025-07-23T18:34:52","slug":"visites-guidees-et-ateliers","status":"publish","type":"page","link":"https:\/\/www.cactusfleuri.ca\/en\/visites-guidees-et-ateliers\/","title":{"rendered":"Guided tours and workshops"},"content":{"rendered":"<div id=\"fws_6a09ac1cc4c40\"  data-column-margin=\"default\" data-midnight=\"dark\"  class=\"wpb_row vc_row-fluid vc_row vc_row-o-equal-height vc_row-flex vc_row-o-content-top  top_margin_40px\"  style=\"padding-top: 0px; padding-bottom: 0px; \"><div class=\"row-bg-wrap\" data-bg-animation=\"none\" data-bg-animation-delay=\"\" data-bg-overlay=\"false\"><div class=\"inner-wrap row-bg-layer\" ><div class=\"row-bg viewport-desktop\"  style=\"\"><\/div><\/div><\/div><div class=\"row_col_wrap_12 col span_12 dark left\">\n\t<div  class=\"vc_col-sm-12 wpb_column column_container vc_column_container col no-extra-padding inherit_tablet inherit_phone\"  data-padding-pos=\"all\" data-has-bg-color=\"false\" data-bg-color=\"\" data-bg-opacity=\"1\" data-animation=\"\" data-delay=\"0\" >\n\t\t<div class=\"vc_column-inner\" >\n\t\t\t<div class=\"wpb_wrapper\">\n\t\t\t\t\n<div class=\"nectar-rotating-words-title  color_c15405 element_stagger_words\"  data-rotation=\"3000\" data-delay=\"none\" data-mobile=\"inline\">\n  <h1 class=\"heading\"><span class=\"beginning-text\"><span class=\"text-wrap\"><span class=\"inner\">For<\/span><\/span> <span class=\"text-wrap\"><span class=\"inner\">a<\/span><\/span> <span class=\"text-wrap\"><span class=\"inner\">day out<\/span><\/span> <\/span>  <span class=\"dynamic-words\" data-inherit-heading-family=\"default\">\n    <span class=\"text-wrap active\"><span><span>in an exotic paradise<\/span><\/span><\/span><span class=\"text-wrap\"><span><span>with your school<\/span><\/span><\/span><span class=\"text-wrap\"><span><span>that\u2019s educational<\/span><\/span><\/span><span class=\"text-wrap\"><span><span>that\u2019s recreational.<\/span><\/span><\/span><span class=\"text-wrap\"><span><span>With the family<\/span><\/span><\/span><span class=\"text-wrap\"><span><span>with your friends<\/span><\/span><\/span><span class=\"text-wrap\"><span><span>With your coworkers<\/span><\/span><\/span><span class=\"text-wrap\"><span><span>while at a conference.<\/span><\/span><\/span><span class=\"text-wrap\"><span><span>at a tourist attraction.<\/span><\/span><\/span>  <\/span>\n  <\/h1>\n<\/div><h2 style=\"color: #000000;text-align: left\" class=\"vc_custom_heading\" >Extraordinary activities that go beyond the ordinary.<\/h2><div class=\"divider-wrap\" data-alignment=\"default\"><div style=\"margin-top: 12.5px; height: 4px; margin-bottom: 12.5px;\" data-width=\"100%\" data-animate=\"\" data-animation-delay=\"\" data-color=\"default\" class=\"divider-border\"><\/div><\/div><div id=\"fws_6a09ac1cc54e2\" data-midnight=\"\" data-column-margin=\"default\" class=\"wpb_row vc_row-fluid vc_row inner_row\"  style=\"\"><div class=\"row-bg-wrap\"> <div class=\"row-bg\" ><\/div> <\/div><div class=\"row_col_wrap_12_inner col span_12  left\">\n\t<div  class=\"vc_col-sm-6 wpb_column column_container vc_column_container col child_column no-extra-padding inherit_tablet inherit_phone\"   data-padding-pos=\"all\" data-has-bg-color=\"false\" data-bg-color=\"\" data-bg-opacity=\"1\" data-animation=\"\" data-delay=\"0\" >\n\t\t<div class=\"vc_column-inner\" >\n\t\t<div class=\"wpb_wrapper\">\n\t\t\t<div class=\"nectar-fancy-box nectar-underline using-img  aspect-1-1\"  data-style=\"image_above_text_underline\" data-border-radius=\"none\" data-animation=\"\" data-delay=\"\" data-alignment=\"left\"><div class=\"image-wrap\"><div class=\"box-bg\"  style=\"background-image: url('https:\/\/www.cactusfleuri.ca\/wp-content\/uploads\/2025\/07\/jardins.jpg'); \"><\/div><\/div>\n\t\t<div class=\"text\">\n<h3>Desert Garden &amp; Bonsai Workshops<\/h3>\n<ul>\n<li>Come create your own beautiful desert garden.<\/li>\n<li>Come learn how to grow your plant into a beautiful bonsai.<\/li>\n<\/ul>\n<p>Starting at $18 per adult, minimum of 10 participants.<\/div> \n\t\t<\/div><div class=\"divider-wrap\" data-alignment=\"default\"><div style=\"margin-top: 12.5px; width: 20%px; height: 4px; margin-bottom: 12.5px;\" data-width=\"20%\" data-animate=\"\" data-animation-delay=\"\" data-color=\"default\" class=\"divider-small-border\"><\/div><\/div><div class=\"nectar-fancy-box nectar-underline using-img  aspect-16-9\"  data-style=\"image_above_text_underline\" data-border-radius=\"none\" data-animation=\"\" data-delay=\"\" data-alignment=\"left\"><div class=\"image-wrap\"><div class=\"box-bg\"  style=\"background-image: url('https:\/\/www.cactusfleuri.ca\/wp-content\/uploads\/2025\/06\/Culture-en-serres-Le-Cactus-Fleuri-Produits-du-Quebec-1920pxCOMP-1-1024x747.jpg'); \"><\/div><\/div>\n\t\t<div class=\"text\">\n<h3>Interpretive guided tours<\/h3>\n<p>Immersive Greenhouse Tour. Come discover the entire process behind cactus and succulent production!\nEnjoy a guided presentation and description of our facilities and equipment throughout the tour to better appreciate and understand each step.\nUpon request, our visits end with a delicious tasting of our homemade products!<\/p>\n<p>Starting at $10 per adult, minimum of 10 participants.<\/div> \n\t\t<\/div><div class=\"divider-wrap\" data-alignment=\"default\"><div style=\"margin-top: 12.5px; width: 20%px; height: 4px; margin-bottom: 12.5px;\" data-width=\"20%\" data-animate=\"\" data-animation-delay=\"\" data-color=\"default\" class=\"divider-small-border\"><\/div><\/div><div class=\"nectar-fancy-box nectar-underline using-img  aspect-16-9\"  data-style=\"image_above_text_underline\" data-border-radius=\"none\" data-animation=\"\" data-delay=\"\" data-alignment=\"left\"><div class=\"image-wrap\"><div class=\"box-bg\"  style=\"background-image: url('https:\/\/www.cactusfleuri.ca\/wp-content\/uploads\/2025\/06\/Nopal-dans-l-assiette-Le-Cactus-Fleuri-1920pxComp-1024x683.jpg'); \"><\/div><\/div>\n\t\t<div class=\"text\">\n<h3>Cooking &amp; Tasting Discovery<\/h3>\n<ul>\n<li>Nopal Salsa \u2014 the Edible Cactus (Prickly Pear)<\/li>\n<li>Plectranthus Amboinicus Herbal Tea \u2014 \u2018Cuban Oregano<\/li>\n<\/ul>\n<p>Discovery tasting available as an add-on to any booking. Personalized culinary workshops available upon request.<\/div> \n\t\t<\/div><div class=\"divider-wrap\" data-alignment=\"default\"><div style=\"margin-top: 12.5px; width: 20%px; height: 4px; margin-bottom: 12.5px;\" data-width=\"20%\" data-animate=\"\" data-animation-delay=\"\" data-color=\"default\" class=\"divider-small-border\"><\/div><\/div>\n\t\t<\/div> \n\t<\/div>\n\t<\/div> \n\n\t<div style=\" color: #000000;\" class=\"vc_col-sm-6 wpb_column column_container vc_column_container col child_column padding-2-percent inherit_tablet inherit_phone\" data-cfc=\"true\"  data-shadow=\"small_depth\" data-border-radius=\"3px\" data-border-animation=\"\" data-border-animation-delay=\"\" data-border-width=\"1px\" data-border-style=\"solid\" data-border-color=\"#91af2d\" data-padding-pos=\"all\" data-has-bg-color=\"false\" data-bg-color=\"\" data-bg-opacity=\"1\" data-animation=\"\" data-delay=\"0\" >\n\t\t<div class=\"vc_column-inner\" style=\"border: 1px solid #91af2d;\"><div class=\"column-bg-overlay-wrap column-bg-layer\" data-bg-animation=\"none\"><div class=\"column-bg-overlay\"><\/div><\/div>\n\t\t<div class=\"wpb_wrapper\">\n\t\t\t<h3 style=\"color: #c15405;text-align: left\" class=\"vc_custom_heading\" >Group activities<\/h3><div class=\"iwithtext\"><div class=\"iwt-icon\"> <i class=\"icon-default-style fa fa-hand-o-right accent-color\"><\/i> <\/div><div class=\"iwt-text\"> \n<h4><\/h4>\n<h4>Junior<\/h4>\n<ul>\n<li>School groups<\/li>\n<li>Day camps<\/li>\n<li>Birthday parties<\/li>\n<li>Family activities<\/li>\n<\/ul>\n <\/div><div class=\"clear\"><\/div><\/div><div class=\"iwithtext\"><div class=\"iwt-icon\"> <i class=\"icon-default-style fa fa-hand-o-right accent-color\"><\/i> <\/div><div class=\"iwt-text\"> \n<h4><\/h4>\n<h4>Regular<\/h4>\n<ul>\n<li>Tour operators<\/li>\n<li>Associations &amp; Federations<\/li>\n<li>Team Building<\/li>\n<li>Company<\/li>\n<li>Private groups, family, friends<\/li>\n<\/ul>\n <\/div><div class=\"clear\"><\/div><\/div><div class=\"iwithtext\"><div class=\"iwt-icon\"> <i class=\"icon-default-style fa fa-hand-o-right accent-color\"><\/i> <\/div><div class=\"iwt-text\"> \n<h4><\/h4>\n<h4>Senior<\/h4>\n<ul>\n<li>Associations and clubs<\/li>\n<li>Residences<\/li>\n<\/ul>\n <\/div><div class=\"clear\"><\/div><\/div><a class=\"nectar-button large see-through-2  has-icon wpb_animate_when_almost_visible wpb_bounceIn bounceIn\" id=\"Facebook\" style=\"margin-top: 20px; \" target=\"_blank\" href=\"https:\/\/www.facebook.com\/CactusFleuri\/?locale=fr_CA\" data-color-override=\"false\" data-hover-color-override=\"false\" data-hover-text-color-override=\"#ffffff\"><span>Facebook<\/span><i  class=\"icon-button-arrow\"><\/i><\/a>\n<div class=\"wpb_text_column wpb_content_element\" >\n\t<div class=\"wpb_wrapper\">\n\t\t<ul>\n<li>Some activities are open to everyone. Visit our Facebook page regularly to stay informed.<\/li>\n<\/ul>\n\t<\/div>\n<\/div>\n\n\n\n<div class=\"img-with-aniamtion-wrap\" data-max-width=\"100%\" data-max-width-mobile=\"default\" data-shadow=\"none\" data-animation=\"none\" >\n      <div class=\"inner\">\n        <div class=\"hover-wrap\"> \n          <div class=\"hover-wrap-inner\">\n            <img loading=\"lazy\" decoding=\"async\" class=\"img-with-animation skip-lazy\" data-delay=\"0\" height=\"1501\" width=\"1500\" data-animation=\"none\" src=\"https:\/\/www.cactusfleuri.ca\/wp-content\/uploads\/2020\/10\/Les-bonsai\u0308s-cactus-fleuri.jpg\" alt=\"Bonsai\u0308s\" srcset=\"https:\/\/www.cactusfleuri.ca\/wp-content\/uploads\/2020\/10\/Les-bonsai\u0308s-cactus-fleuri.jpg 1500w, https:\/\/www.cactusfleuri.ca\/wp-content\/uploads\/2020\/10\/Les-bonsai\u0308s-cactus-fleuri-300x300.jpg 300w, https:\/\/www.cactusfleuri.ca\/wp-content\/uploads\/2020\/10\/Les-bonsai\u0308s-cactus-fleuri-150x150.jpg 150w, https:\/\/www.cactusfleuri.ca\/wp-content\/uploads\/2020\/10\/Les-bonsai\u0308s-cactus-fleuri-600x600.jpg 600w, https:\/\/www.cactusfleuri.ca\/wp-content\/uploads\/2020\/10\/Les-bonsai\u0308s-cactus-fleuri-1024x1024.jpg 1024w, https:\/\/www.cactusfleuri.ca\/wp-content\/uploads\/2020\/10\/Les-bonsai\u0308s-cactus-fleuri-768x769.jpg 768w, https:\/\/www.cactusfleuri.ca\/wp-content\/uploads\/2020\/10\/Les-bonsai\u0308s-cactus-fleuri-100x100.jpg 100w, https:\/\/www.cactusfleuri.ca\/wp-content\/uploads\/2020\/10\/Les-bonsai\u0308s-cactus-fleuri-140x140.jpg 140w, https:\/\/www.cactusfleuri.ca\/wp-content\/uploads\/2020\/10\/Les-bonsai\u0308s-cactus-fleuri-500x500.jpg 500w, https:\/\/www.cactusfleuri.ca\/wp-content\/uploads\/2020\/10\/Les-bonsai\u0308s-cactus-fleuri-350x350.jpg 350w, https:\/\/www.cactusfleuri.ca\/wp-content\/uploads\/2020\/10\/Les-bonsai\u0308s-cactus-fleuri-1000x1000.jpg 1000w, https:\/\/www.cactusfleuri.ca\/wp-content\/uploads\/2020\/10\/Les-bonsai\u0308s-cactus-fleuri-800x800.jpg 800w\" sizes=\"auto, (max-width: 1500px) 100vw, 1500px\" \/>\n          <\/div>\n        <\/div>\n      <\/div>\n    <\/div><div class=\"img-with-aniamtion-wrap\" data-max-width=\"100%\" data-max-width-mobile=\"default\" data-shadow=\"none\" data-animation=\"none\" >\n      <div class=\"inner\">\n        <div class=\"hover-wrap\"> \n          <div class=\"hover-wrap-inner\">\n            <img loading=\"lazy\" decoding=\"async\" class=\"img-with-animation skip-lazy\" data-delay=\"0\" height=\"1852\" width=\"2048\" data-animation=\"none\" src=\"https:\/\/www.cactusfleuri.ca\/wp-content\/uploads\/2025\/07\/Colorada.jpg\" alt=\"Atelier culinaire\" srcset=\"https:\/\/www.cactusfleuri.ca\/wp-content\/uploads\/2025\/07\/Colorada.jpg 2048w, https:\/\/www.cactusfleuri.ca\/wp-content\/uploads\/2025\/07\/Colorada-600x543.jpg 600w, https:\/\/www.cactusfleuri.ca\/wp-content\/uploads\/2025\/07\/Colorada-300x271.jpg 300w, https:\/\/www.cactusfleuri.ca\/wp-content\/uploads\/2025\/07\/Colorada-1024x926.jpg 1024w, https:\/\/www.cactusfleuri.ca\/wp-content\/uploads\/2025\/07\/Colorada-768x695.jpg 768w, https:\/\/www.cactusfleuri.ca\/wp-content\/uploads\/2025\/07\/Colorada-1536x1389.jpg 1536w, https:\/\/www.cactusfleuri.ca\/wp-content\/uploads\/2025\/07\/Colorada-13x12.jpg 13w\" sizes=\"auto, (max-width: 2048px) 100vw, 2048px\" \/>\n          <\/div>\n        <\/div>\n      <\/div>\n    <\/div><div class=\"img-with-aniamtion-wrap\" data-max-width=\"100%\" data-max-width-mobile=\"default\" data-shadow=\"none\" data-animation=\"none\" >\n      <div class=\"inner\">\n        <div class=\"hover-wrap\"> \n          <div class=\"hover-wrap-inner\">\n            <img loading=\"lazy\" decoding=\"async\" class=\"img-with-animation skip-lazy\" data-delay=\"0\" height=\"1512\" width=\"2016\" data-animation=\"none\" src=\"https:\/\/www.cactusfleuri.ca\/wp-content\/uploads\/2022\/07\/Visites3.jpg\" alt=\"Visites\" srcset=\"https:\/\/www.cactusfleuri.ca\/wp-content\/uploads\/2022\/07\/Visites3.jpg 2016w, https:\/\/www.cactusfleuri.ca\/wp-content\/uploads\/2022\/07\/Visites3-600x450.jpg 600w, https:\/\/www.cactusfleuri.ca\/wp-content\/uploads\/2022\/07\/Visites3-300x225.jpg 300w, https:\/\/www.cactusfleuri.ca\/wp-content\/uploads\/2022\/07\/Visites3-1024x768.jpg 1024w, https:\/\/www.cactusfleuri.ca\/wp-content\/uploads\/2022\/07\/Visites3-768x576.jpg 768w, https:\/\/www.cactusfleuri.ca\/wp-content\/uploads\/2022\/07\/Visites3-1536x1152.jpg 1536w, https:\/\/www.cactusfleuri.ca\/wp-content\/uploads\/2022\/07\/Visites3-16x12.jpg 16w\" sizes=\"auto, (max-width: 2016px) 100vw, 2016px\" \/>\n          <\/div>\n        <\/div>\n      <\/div>\n    <\/div>\n\t\t<\/div> \n\t<\/div>\n\t<\/div> \n<\/div><\/div>\n\t\t\t<\/div> \n\t\t<\/div>\n\t<\/div> \n<\/div><\/div>\n\t\t<div id=\"fws_6a09ac1cc7063\"  data-column-margin=\"20px\" data-midnight=\"dark\"  class=\"wpb_row vc_row-fluid vc_row\"  style=\"padding-top: 0px; padding-bottom: 0px; \"><div class=\"row-bg-wrap\" data-bg-animation=\"none\" data-bg-animation-delay=\"\" data-bg-overlay=\"false\"><div class=\"inner-wrap row-bg-layer\" ><div class=\"row-bg viewport-desktop\"  style=\"\"><\/div><\/div><\/div><div class=\"row_col_wrap_12 col span_12 dark left\">\n\t<div  class=\"vc_col-sm-12 wpb_column column_container vc_column_container col nectar-sticky-column no-extra-padding inherit_tablet inherit_phone\"  data-padding-pos=\"all\" data-has-bg-color=\"false\" data-bg-color=\"\" data-bg-opacity=\"1\" data-animation=\"\" data-delay=\"0\" >\n\t\t<div class=\"vc_column-inner\" >\n\t\t\t<div class=\"wpb_wrapper\">\n\t\t\t\t<div class=\"divider-wrap\" data-alignment=\"default\"><div style=\"margin-top: 12.5px; height: 4px; margin-bottom: 12.5px;\" data-width=\"100%\" data-animate=\"\" data-animation-delay=\"\" data-color=\"extra-color-2\" class=\"divider-border\"><\/div><\/div><div class=\"nectar-fancy-box nectar-underline   aspect-16-9\"  data-style=\"image_above_text_underline\" data-border-radius=\"none\" data-animation=\"\" data-delay=\"\" data-alignment=\"left\"><div class=\"image-wrap\"><div class=\"box-bg\" ><\/div><\/div>\n\t\t<div class=\"text\">\n<h3>Customized Workshops &amp; Activities<\/h3>\n<ul>\n<li>And so much more!\nContact us to create YOUR own custom event, designed especially for your group around a chosen theme or your specific needs.\nWhether it\u2019s artistic, educational, corporate, or fun, we have something just for you!<\/li>\n<\/ul>\n<\/div> \n\t\t<\/div><div id=\"fws_6a09ac1cc7618\" data-midnight=\"\" data-column-margin=\"20px\" class=\"wpb_row vc_row-fluid vc_row inner_row\"  style=\"\"><div class=\"row-bg-wrap\"> <div class=\"row-bg\" ><\/div> <\/div><div class=\"row_col_wrap_12_inner col span_12  left\">\n\t<div  class=\"vc_col-sm-12 wpb_column column_container vc_column_container col child_column no-extra-padding inherit_tablet inherit_phone\"   data-padding-pos=\"all\" data-has-bg-color=\"false\" data-bg-color=\"\" data-bg-opacity=\"1\" data-animation=\"\" data-delay=\"0\" >\n\t\t<div class=\"vc_column-inner\" >\n\t\t<div class=\"wpb_wrapper\">\n\t\t\t<div class=\"divider-wrap\" data-alignment=\"default\"><div style=\"margin-top: 12.5px; height: 2px; margin-bottom: 12.5px;\" data-width=\"100%\" data-animate=\"\" data-animation-delay=\"\" data-color=\"default\" class=\"divider-border\"><\/div><\/div><h1 style=\"color: #c15405;text-align: left\" class=\"vc_custom_heading\" >Book Now<\/h1><a class=\"nectar-button small regular accent-color  regular-button\"  style=\"\"  href=\"https:\/\/www.cactusfleuri.ca\/en\/contact\/\" data-color-override=\"false\" data-hover-color-override=\"false\" data-hover-text-color-override=\"#fff\"><span>Contact<\/span><\/a>\n\t\t<\/div> \n\t<\/div>\n\t<\/div> \n<\/div><\/div>\n\t\t\t<\/div> \n\t\t<\/div>\n\t<\/div> \n<\/div><\/div>\n\t\t<div id=\"fws_6a09ac1cc7d91\"  data-column-margin=\"default\" data-midnight=\"dark\"  class=\"wpb_row vc_row-fluid vc_row\"  style=\"padding-top: 0px; padding-bottom: 0px; \"><div class=\"row-bg-wrap\" data-bg-animation=\"none\" data-bg-animation-delay=\"\" data-bg-overlay=\"false\"><div class=\"inner-wrap row-bg-layer\" ><div class=\"row-bg viewport-desktop\"  style=\"\"><\/div><\/div><\/div><div class=\"row_col_wrap_12 col span_12 dark left\">\n\t<div  class=\"vc_col-sm-12 wpb_column column_container vc_column_container col no-extra-padding inherit_tablet inherit_phone\"  data-padding-pos=\"all\" data-has-bg-color=\"false\" data-bg-color=\"\" data-bg-opacity=\"1\" data-animation=\"\" data-delay=\"0\" >\n\t\t<div class=\"vc_column-inner\" >\n\t\t\t<div class=\"wpb_wrapper\">\n\t\t\t\t<div class=\"divider-wrap\" data-alignment=\"default\"><div style=\"margin-top: 12.5px; height: 4px; margin-bottom: 12.5px;\" data-width=\"100%\" data-animate=\"\" data-animation-delay=\"\" data-color=\"extra-color-2\" class=\"divider-border\"><\/div><\/div><h3 style=\"color: #c15405;text-align: left\" class=\"vc_custom_heading\" >Our Tourism Partners<\/h3>\t\n\t<div class=\"carousel-wrap\">\n\t\t<div class=\"row carousel clients six-cols\" data-he=\"opacity\" data-additional_padding=\"2\" data-max=\"6\">\n\t\t\t\t<div><a href=\"https:\/\/gardemangerduquebec.ca\/\" target=\"_blank\">\n\t\t<img loading=\"lazy\" decoding=\"async\" src=\"https:\/\/www.cactusfleuri.ca\/wp-content\/uploads\/2023\/07\/GMQ_Original@4x-e1711565618720.png\" alt=\"Le Garde-Manger du Qu\u00e9bec\" width=\"125\" height=\"78\" \/>\t<\/a><\/div>\n\t<div><a href=\"https:\/\/gardemangerduquebec.ca\/virees-gourmandes\/circuit\/les-plaisirs-de-la-ferme\/\" target=\"_blank\">\n\t\t<img loading=\"lazy\" decoding=\"async\" src=\"https:\/\/www.cactusfleuri.ca\/wp-content\/uploads\/2023\/07\/VG2023_logo-e1711565606741.png\" alt=\"Les Vir\u00e9es Gourmandes\" width=\"125\" height=\"125\" \/>\t<\/a><\/div>\n\t<div><a href=\"https:\/\/st-hyacinthetechnopole.com\/\" target=\"_blank\">\n\t\t<img loading=\"lazy\" decoding=\"async\" src=\"https:\/\/www.cactusfleuri.ca\/wp-content\/uploads\/2023\/07\/Saint-Hyacinthe_Technopole_Logo_255x158-e1711565591422.png\" alt=\"Saint-Hyacinthe Technopole\" width=\"125\" height=\"77\" \/>\t<\/a><\/div>\n\t<div><a href=\"https:\/\/tourismesth.ca\/epi-curieux\/\" target=\"_blank\">\n\t\t<img loading=\"lazy\" decoding=\"async\" src=\"https:\/\/www.cactusfleuri.ca\/wp-content\/uploads\/2024\/03\/Epicurieux-2.png\" alt=\"epicurieux\" width=\"125\" height=\"103\" \/>\t<\/a><\/div>\n\t<div><a href=\"https:\/\/mangeonslocal.ca\/explorer?utm_source=fidelitix&amp;utm_medium=sem&amp;gclid=Cj0KCQjwzdOlBhCNARIsAPMwjbzQzc14m8YS1gPsLfbyQtKGXr6XIA3Pgfd21txBuZQia8KrIhuC9NYaAqJOEALw_wcB\" target=\"_blank\">\n\t\t<img loading=\"lazy\" decoding=\"async\" src=\"https:\/\/www.cactusfleuri.ca\/wp-content\/uploads\/2023\/07\/Mangeons_Local-e1711565208663.png\" alt=\"Mangeons Local\" width=\"125\" height=\"39\" \/>\t<\/a><\/div>\n\t<div><a href=\"https:\/\/www.passeportvacances.com\/cactus-fleuri-horticulture-jardins-ste-marie-madeleine-plantes-tropicales-activite-famille-rabais\" target=\"_blank\">\n\t\t<img loading=\"lazy\" decoding=\"async\" src=\"https:\/\/www.cactusfleuri.ca\/wp-content\/uploads\/2023\/07\/Logo_Passeport_Vacances_RGB-e1711565197386.jpg\" alt=\"Passeport Vacances\" width=\"125\" height=\"42\" \/>\t<\/a><\/div>\n\t<div><a href=\"https:\/\/fr.tripadvisor.ca\/Attraction_Review-g8125451-d26353381-Reviews-Le_Cactus_Fleuri_inc-Sainte_Madeleine_Quebec.html\" target=\"_blank\">\n\t\t<img loading=\"lazy\" decoding=\"async\" src=\"https:\/\/www.cactusfleuri.ca\/wp-content\/uploads\/2023\/07\/Tripadvisor_Logo_circle-green_vertical-lockup-small_registered_RGB-01-300x184-df47a2d-e1711565185433.png\" alt=\"TripAdvisor\" width=\"125\" height=\"77\" \/>\t<\/a><\/div>\n\t<div><a href=\"https:\/\/experiences.terroiretsaveurs.com\/fr\/repertoire\/le-cactus-fleuri-inc\" target=\"_blank\">\n\t\t<img loading=\"lazy\" decoding=\"async\" src=\"https:\/\/www.cactusfleuri.ca\/wp-content\/uploads\/2023\/12\/TerroirSaveurQuebec_Logo_RGB-K-e1711565148754.png\" alt=\"Terroir et Saveurs du Qu\u00e9bec\" width=\"125\" height=\"48\" \/>\t<\/a><\/div>\n\t<div><a href=\"https:\/\/jeuxface4.com\/fr\/francais-accueil\" target=\"_blank\">\n\t\t<img loading=\"lazy\" decoding=\"async\" src=\"https:\/\/www.cactusfleuri.ca\/wp-content\/uploads\/2024\/04\/JeuxFace4_Logo_horizontal-e1712271714658.png\" alt=\"Jeux Face4\" width=\"160\" height=\"72\" \/>\t<\/a><\/div>\n\t\t<\/div>\n\t<\/div>\n\t\n\n\t\t\t<\/div> \n\t\t<\/div>\n\t<\/div> \n<\/div><\/div>","protected":false},"excerpt":{"rendered":"Pour une sortie exotiquescolaire\u00e9ducativer\u00e9cr\u00e9ativeen familleentre amisentre coll\u00e8guesen congr\u00e8stouristique Des activit\u00e9s hors du commun qui sortent du d\u00e9j\u00e0 vu Ateliers \u00a0jardins d\u00e9sertiques &amp; bonsa\u00efs Venez cr\u00e9er votre magnifique jardin du d\u00e9sert...","protected":false},"author":3,"featured_media":0,"parent":0,"menu_order":0,"comment_status":"closed","ping_status":"closed","template":"","meta":{"_seopress_robots_primary_cat":"","_seopress_titles_title":"Visites guid\u00e9es et ateliers | Le Cactus Fleuri","_seopress_titles_desc":"Visites d'interpr\u00e9tation guid\u00e9es pour apprendre l'univers des cactus et succulentes incluant d\u00e9gustations, ateliers de groupes anim\u00e9s divers. Sur r\u00e9servation","_seopress_robots_index":"","_seopress_analysis_target_kw":"jardins,activit\u00e9 familiale,Mont\u00e9r\u00e9gie,visite guid\u00e9e,atelier,bonsa\u00ef,interpretation,flore,tropical,cactus","footnotes":""},"class_list":["post-12774","page","type-page","status-publish"],"_links":{"self":[{"href":"https:\/\/www.cactusfleuri.ca\/en\/wp-json\/wp\/v2\/pages\/12774","targetHints":{"allow":["GET"]}}],"collection":[{"href":"https:\/\/www.cactusfleuri.ca\/en\/wp-json\/wp\/v2\/pages"}],"about":[{"href":"https:\/\/www.cactusfleuri.ca\/en\/wp-json\/wp\/v2\/types\/page"}],"author":[{"embeddable":true,"href":"https:\/\/www.cactusfleuri.ca\/en\/wp-json\/wp\/v2\/users\/3"}],"replies":[{"embeddable":true,"href":"https:\/\/www.cactusfleuri.ca\/en\/wp-json\/wp\/v2\/comments?post=12774"}],"version-history":[{"count":162,"href":"https:\/\/www.cactusfleuri.ca\/en\/wp-json\/wp\/v2\/pages\/12774\/revisions"}],"predecessor-version":[{"id":15064,"href":"https:\/\/www.cactusfleuri.ca\/en\/wp-json\/wp\/v2\/pages\/12774\/revisions\/15064"}],"wp:attachment":[{"href":"https:\/\/www.cactusfleuri.ca\/en\/wp-json\/wp\/v2\/media?parent=12774"}],"curies":[{"name":"wp","href":"https:\/\/api.w.org\/{rel}","templated":true}]}}