{"id":12679,"date":"2022-07-29T12:46:08","date_gmt":"2022-07-29T16:46:08","guid":{"rendered":"https:\/\/tempo2.solutionorange.com\/cactusfleuri\/?page_id=12679"},"modified":"2025-07-18T15:49:56","modified_gmt":"2025-07-18T19:49:56","slug":"evenementscorporatifs","status":"publish","type":"page","link":"https:\/\/www.cactusfleuri.ca\/en\/evenementscorporatifs\/","title":{"rendered":"\u00c9v\u00e8nements corporatifs &#8211; D\u00e9cors tropicaux &#038; cadeaux"},"content":{"rendered":"<div id=\"fws_6a09acb9c04a7\"  data-column-margin=\"20px\" data-midnight=\"dark\"  class=\"wpb_row vc_row-fluid vc_row vc_row-o-equal-height vc_row-flex vc_row-o-content-top  top_margin_40px\"  style=\"padding-top: 0px; padding-bottom: 0px; \"><div class=\"row-bg-wrap\" data-bg-animation=\"none\" data-bg-animation-delay=\"\" data-bg-overlay=\"false\"><div class=\"inner-wrap row-bg-layer\" ><div class=\"row-bg viewport-desktop\"  style=\"\"><\/div><\/div><\/div><div class=\"row_col_wrap_12 col span_12 dark left\">\n\t<div  class=\"vc_col-sm-12 wpb_column column_container vc_column_container col no-extra-padding inherit_tablet inherit_phone\"  data-padding-pos=\"all\" data-has-bg-color=\"false\" data-bg-color=\"\" data-bg-opacity=\"1\" data-animation=\"\" data-delay=\"0\" >\n\t\t<div class=\"vc_column-inner\" >\n\t\t\t<div class=\"wpb_wrapper\">\n\t\t\t\t<h1 style=\"color: #c15405;text-align: left\" class=\"vc_custom_heading\" >For an atmosphere that stands out, make yours unforgettable!<\/h1>\n<div class=\"wpb_text_column wpb_content_element\" >\n\t<div class=\"wpb_wrapper\">\n\t\t<h2><span class=\"span-bleu\">Tropical D\u00e9cor &amp; Personalized Gifts<\/span><\/h2>\n\t<\/div>\n<\/div>\n\n\n\n<div class=\"divider-wrap\" data-alignment=\"default\"><div style=\"margin-top: 12.5px; height: 4px; margin-bottom: 12.5px;\" data-width=\"100%\" data-animate=\"\" data-animation-delay=\"\" data-color=\"default\" class=\"divider-border\"><\/div><\/div><div id=\"fws_6a09acb9c0c1d\" data-midnight=\"\" data-column-margin=\"default\" class=\"wpb_row vc_row-fluid vc_row inner_row\"  style=\"\"><div class=\"row-bg-wrap\"> <div class=\"row-bg\" ><\/div> <\/div><div class=\"row_col_wrap_12_inner col span_12  left\">\n\t<div  class=\"vc_col-sm-6 wpb_column column_container vc_column_container col child_column no-extra-padding inherit_tablet inherit_phone\"   data-padding-pos=\"all\" data-has-bg-color=\"false\" data-bg-color=\"\" data-bg-opacity=\"1\" data-animation=\"\" data-delay=\"0\" >\n\t\t<div class=\"vc_column-inner\" >\n\t\t<div class=\"wpb_wrapper\">\n\t\t\t<div class=\"iwithtext\"><div class=\"iwt-icon\"> <i class=\"icon-default-style steadysets-icon-sun accent-color\"><\/i> <\/div><div class=\"iwt-text\"> \n<h5>Banquet Halls<\/h5>\n <\/div><div class=\"clear\"><\/div><\/div><div class=\"iwithtext\"><div class=\"iwt-icon\"> <i class=\"icon-default-style steadysets-icon-sun accent-color\"><\/i> <\/div><div class=\"iwt-text\"> \n<h5>Festivals<\/h5>\n <\/div><div class=\"clear\"><\/div><\/div><div class=\"iwithtext\"><div class=\"iwt-icon\"> <i class=\"icon-default-style steadysets-icon-sun accent-color\"><\/i> <\/div><div class=\"iwt-text\"> \n<h5>Exhibitions<\/h5>\n <\/div><div class=\"clear\"><\/div><\/div>\n\t\t<\/div> \n\t<\/div>\n\t<\/div> \n\n\t<div  class=\"vc_col-sm-6 wpb_column column_container vc_column_container col child_column no-extra-padding inherit_tablet inherit_phone\"   data-padding-pos=\"all\" data-has-bg-color=\"false\" data-bg-color=\"\" data-bg-opacity=\"1\" data-animation=\"\" data-delay=\"0\" >\n\t\t<div class=\"vc_column-inner\" >\n\t\t<div class=\"wpb_wrapper\">\n\t\t\t<div class=\"iwithtext\"><div class=\"iwt-icon\"> <i class=\"icon-default-style steadysets-icon-sun accent-color\"><\/i> <\/div><div class=\"iwt-text\"> \n<h5>Galas<\/h5>\n <\/div><div class=\"clear\"><\/div><\/div><div class=\"iwithtext\"><div class=\"iwt-icon\"> <i class=\"icon-default-style steadysets-icon-sun accent-color\"><\/i> <\/div><div class=\"iwt-text\"> \n<h5>Door Prizes<\/h5>\n <\/div><div class=\"clear\"><\/div><\/div><div class=\"iwithtext\"><div class=\"iwt-icon\"> <i class=\"icon-default-style steadysets-icon-sun accent-color\"><\/i> <\/div><div class=\"iwt-text\"> \n<h5>Corporate Gifts<\/h5>\n <\/div><div class=\"clear\"><\/div><\/div>\n\t\t<\/div> \n\t<\/div>\n\t<\/div> \n<\/div><\/div><div class=\"divider-wrap\" data-alignment=\"default\"><div style=\"margin-top: 12.5px; height: 4px; margin-bottom: 12.5px;\" data-width=\"100%\" data-animate=\"\" data-animation-delay=\"\" data-color=\"default\" class=\"divider-border\"><\/div><\/div><h3 style=\"color: #c15405;text-align: left\" class=\"vc_custom_heading\" >Do like them<\/h3>\n<div class=\"wpb_text_column wpb_content_element\" >\n\t<div class=\"wpb_wrapper\">\n\t\t<h2><span class=\"span-bleu\">Contact us to spice up your event!<\/span><\/h2>\n\t<\/div>\n<\/div>\n\n\n\n\t\n\t<div class=\"carousel-wrap\">\n\t\t<div class=\"row carousel clients six-cols\" data-he=\"opacity\" data-additional_padding=\"2\" data-max=\"6\">\n\t\t\t\t<div class=\"no-link\">\n\t\t<img loading=\"lazy\" decoding=\"async\" src=\"https:\/\/www.cactusfleuri.ca\/wp-content\/uploads\/2022\/07\/Elixirs-e1711565843902.jpg\" alt=\"elixirs\" width=\"125\" height=\"48\" \/>\t<\/div>\n\t<div class=\"no-link\">\n\t\t<img loading=\"lazy\" decoding=\"async\" src=\"https:\/\/www.cactusfleuri.ca\/wp-content\/uploads\/2022\/07\/Evenko-e1711565832422.jpg\" alt=\"evenko\" width=\"125\" height=\"73\" \/>\t<\/div>\n\t<div class=\"no-link\">\n\t\t<img loading=\"lazy\" decoding=\"async\" src=\"https:\/\/www.cactusfleuri.ca\/wp-content\/uploads\/2022\/07\/Gagnon-e1711565818801.png\" alt=\"gagnon\" width=\"125\" height=\"125\" \/>\t<\/div>\n\t<div class=\"no-link\">\n\t\t<img loading=\"lazy\" decoding=\"async\" src=\"https:\/\/www.cactusfleuri.ca\/wp-content\/uploads\/2022\/07\/JourTerre-e1711565806613.png\" alt=\"jourterre\" width=\"125\" height=\"125\" \/>\t<\/div>\n\t<div class=\"no-link\">\n\t\t<img loading=\"lazy\" decoding=\"async\" src=\"https:\/\/www.cactusfleuri.ca\/wp-content\/uploads\/2022\/07\/Metro-e1711565794916.png\" alt=\"metro\" width=\"125\" height=\"63\" \/>\t<\/div>\n\t<div class=\"no-link\">\n\t\t<img loading=\"lazy\" decoding=\"async\" src=\"https:\/\/www.cactusfleuri.ca\/wp-content\/uploads\/2022\/07\/QuebecVert-e1711565782856.jpg\" alt=\"quebecvert\" width=\"125\" height=\"125\" \/>\t<\/div>\n\t<div class=\"no-link\">\n\t\t<img loading=\"lazy\" decoding=\"async\" src=\"https:\/\/www.cactusfleuri.ca\/wp-content\/uploads\/2022\/07\/Seguin-e1711565769299.jpg\" alt=\"seguin\" width=\"125\" height=\"125\" \/>\t<\/div>\n\t<div class=\"no-link\">\n\t\t<img loading=\"lazy\" decoding=\"async\" src=\"https:\/\/www.cactusfleuri.ca\/wp-content\/uploads\/2022\/07\/Expo-e1711566358884.jpg\" alt=\"expo\" width=\"100\" height=\"143\" \/>\t<\/div>\n\t\t<\/div>\n\t<\/div>\n\t\n<div class=\"divider-wrap\" data-alignment=\"default\"><div style=\"margin-top: 12.5px; height: 4px; margin-bottom: 12.5px;\" data-width=\"100%\" data-animate=\"\" data-animation-delay=\"\" data-color=\"default\" class=\"divider-border\"><\/div><\/div><div id=\"fws_6a09acb9c1c1a\" data-midnight=\"\" data-column-margin=\"20px\" class=\"wpb_row vc_row-fluid vc_row inner_row\"  style=\"\"><div class=\"row-bg-wrap\"> <div class=\"row-bg\" ><\/div> <\/div><div class=\"row_col_wrap_12_inner col span_12  left\">\n\t<div  class=\"vc_col-sm-6 wpb_column column_container vc_column_container col child_column no-extra-padding el_spacing_10px inherit_tablet inherit_phone\"   data-padding-pos=\"all\" data-has-bg-color=\"false\" data-bg-color=\"\" data-bg-opacity=\"1\" data-animation=\"\" data-delay=\"0\" >\n\t\t<div class=\"vc_column-inner\" >\n\t\t<div class=\"wpb_wrapper\">\n\t\t\t\n<div class=\"wpb_text_column wpb_content_element\" >\n\t<div class=\"wpb_wrapper\">\n\t\t<p>The Cactus Fleuri offers beautiful tropical plant arrangements for all your corporate events and special occasions. You\u2019ll find centerpieces, decorative arrangements, and thoughtful gifts for your employees and clients.<\/p>\n<p>We\u2019re also involved in decorating venues, festivals, theaters, and exhibitions \u2014 both indoors and outdoors.<\/p>\n<p>Whether you're celebrating a retirement or looking to decorate a large-scale event with tropical plants, we have exactly what you need!<\/p>\n\t<\/div>\n<\/div>\n\n\n\n\n<div class=\"wpb_text_column wpb_content_element\" >\n\t<div class=\"wpb_wrapper\">\n\t\t<h5>Get in touch with our sales consultants to discuss the many personalized options available to suit your needs.<\/h5>\n\t<\/div>\n<\/div>\n\n\n\n<a class=\"nectar-button large see-through-2  has-icon\"  style=\"margin-top: 20px; \"  href=\"https:\/\/www.cactusfleuri.ca\/en\/contact\/\" data-color-override=\"false\" data-hover-color-override=\"false\" data-hover-text-color-override=\"#ffffff\"><span>Contact<\/span><i  class=\"icon-button-arrow\"><\/i><\/a><div class=\"img-with-aniamtion-wrap\" data-max-width=\"100%\" data-max-width-mobile=\"default\" data-shadow=\"small_depth\" data-animation=\"none\" >\n      <div class=\"inner\">\n        <div class=\"hover-wrap\"> \n          <div class=\"hover-wrap-inner\">\n            <img loading=\"lazy\" decoding=\"async\" class=\"img-with-animation skip-lazy\" data-delay=\"0\" height=\"1200\" width=\"2560\" data-animation=\"none\" src=\"https:\/\/www.cactusfleuri.ca\/wp-content\/uploads\/2022\/07\/Corpo2-scaled.jpg\" alt=\"Centres de table\" srcset=\"https:\/\/www.cactusfleuri.ca\/wp-content\/uploads\/2022\/07\/Corpo2-scaled.jpg 2560w, https:\/\/www.cactusfleuri.ca\/wp-content\/uploads\/2022\/07\/Corpo2-600x281.jpg 600w, https:\/\/www.cactusfleuri.ca\/wp-content\/uploads\/2022\/07\/Corpo2-300x141.jpg 300w, https:\/\/www.cactusfleuri.ca\/wp-content\/uploads\/2022\/07\/Corpo2-1024x480.jpg 1024w, https:\/\/www.cactusfleuri.ca\/wp-content\/uploads\/2022\/07\/Corpo2-768x360.jpg 768w, https:\/\/www.cactusfleuri.ca\/wp-content\/uploads\/2022\/07\/Corpo2-1536x720.jpg 1536w, https:\/\/www.cactusfleuri.ca\/wp-content\/uploads\/2022\/07\/Corpo2-2048x960.jpg 2048w, https:\/\/www.cactusfleuri.ca\/wp-content\/uploads\/2022\/07\/Corpo2-18x8.jpg 18w\" sizes=\"auto, (max-width: 2560px) 100vw, 2560px\" \/>\n          <\/div>\n        <\/div>\n      <\/div>\n    <\/div><div class=\"img-with-aniamtion-wrap\" data-max-width=\"100%\" data-max-width-mobile=\"default\" data-shadow=\"small_depth\" data-animation=\"none\" >\n      <div class=\"inner\">\n        <div class=\"hover-wrap\"> \n          <div class=\"hover-wrap-inner\">\n            <img loading=\"lazy\" decoding=\"async\" class=\"img-with-animation skip-lazy\" data-delay=\"0\" height=\"1920\" width=\"1774\" data-animation=\"none\" src=\"https:\/\/www.cactusfleuri.ca\/wp-content\/uploads\/2025\/07\/Cactus-Pot-8-crop-1920pxCOMP.jpg\" alt=\"cactus pot 8&#039;&#039; crop 1920pxcomp\" srcset=\"https:\/\/www.cactusfleuri.ca\/wp-content\/uploads\/2025\/07\/Cactus-Pot-8-crop-1920pxCOMP.jpg 1774w, https:\/\/www.cactusfleuri.ca\/wp-content\/uploads\/2025\/07\/Cactus-Pot-8-crop-1920pxCOMP-600x649.jpg 600w, https:\/\/www.cactusfleuri.ca\/wp-content\/uploads\/2025\/07\/Cactus-Pot-8-crop-1920pxCOMP-277x300.jpg 277w, https:\/\/www.cactusfleuri.ca\/wp-content\/uploads\/2025\/07\/Cactus-Pot-8-crop-1920pxCOMP-946x1024.jpg 946w, https:\/\/www.cactusfleuri.ca\/wp-content\/uploads\/2025\/07\/Cactus-Pot-8-crop-1920pxCOMP-768x831.jpg 768w, https:\/\/www.cactusfleuri.ca\/wp-content\/uploads\/2025\/07\/Cactus-Pot-8-crop-1920pxCOMP-1419x1536.jpg 1419w, https:\/\/www.cactusfleuri.ca\/wp-content\/uploads\/2025\/07\/Cactus-Pot-8-crop-1920pxCOMP-11x12.jpg 11w\" sizes=\"auto, (max-width: 1774px) 100vw, 1774px\" \/>\n          <\/div>\n        <\/div>\n      <\/div>\n    <\/div>\n\t\t<\/div> \n\t<\/div>\n\t<\/div> \n\n\t<div  class=\"vc_col-sm-6 wpb_column column_container vc_column_container col child_column no-extra-padding el_spacing_10px inherit_tablet inherit_phone\"   data-padding-pos=\"all\" data-has-bg-color=\"false\" data-bg-color=\"\" data-bg-opacity=\"1\" data-animation=\"\" data-delay=\"0\" >\n\t\t<div class=\"vc_column-inner\" >\n\t\t<div class=\"wpb_wrapper\">\n\t\t\t<div class=\"img-with-aniamtion-wrap\" data-max-width=\"100%\" data-max-width-mobile=\"default\" data-shadow=\"small_depth\" data-animation=\"none\" >\n      <div class=\"inner\">\n        <div class=\"hover-wrap\"> \n          <div class=\"hover-wrap-inner\">\n            <img loading=\"lazy\" decoding=\"async\" class=\"img-with-animation skip-lazy\" data-delay=\"0\" height=\"886\" width=\"1920\" data-animation=\"none\" src=\"https:\/\/www.cactusfleuri.ca\/wp-content\/uploads\/2025\/07\/Cactus-bandeau-4-LE-Cactus-Fleuri-1920pxCOMP.jpg\" alt=\"cactus bandeau 4&#039;&#039; le cactus fleuri 1920pxcomp\" srcset=\"https:\/\/www.cactusfleuri.ca\/wp-content\/uploads\/2025\/07\/Cactus-bandeau-4-LE-Cactus-Fleuri-1920pxCOMP.jpg 1920w, https:\/\/www.cactusfleuri.ca\/wp-content\/uploads\/2025\/07\/Cactus-bandeau-4-LE-Cactus-Fleuri-1920pxCOMP-600x277.jpg 600w, https:\/\/www.cactusfleuri.ca\/wp-content\/uploads\/2025\/07\/Cactus-bandeau-4-LE-Cactus-Fleuri-1920pxCOMP-300x138.jpg 300w, https:\/\/www.cactusfleuri.ca\/wp-content\/uploads\/2025\/07\/Cactus-bandeau-4-LE-Cactus-Fleuri-1920pxCOMP-1024x473.jpg 1024w, https:\/\/www.cactusfleuri.ca\/wp-content\/uploads\/2025\/07\/Cactus-bandeau-4-LE-Cactus-Fleuri-1920pxCOMP-768x354.jpg 768w, https:\/\/www.cactusfleuri.ca\/wp-content\/uploads\/2025\/07\/Cactus-bandeau-4-LE-Cactus-Fleuri-1920pxCOMP-1536x709.jpg 1536w, https:\/\/www.cactusfleuri.ca\/wp-content\/uploads\/2025\/07\/Cactus-bandeau-4-LE-Cactus-Fleuri-1920pxCOMP-18x8.jpg 18w\" sizes=\"auto, (max-width: 1920px) 100vw, 1920px\" \/>\n          <\/div>\n        <\/div>\n      <\/div>\n    <\/div><div class=\"img-with-aniamtion-wrap\" data-max-width=\"100%\" data-max-width-mobile=\"default\" data-shadow=\"small_depth\" data-animation=\"none\" >\n      <div class=\"inner\">\n        <div class=\"hover-wrap\"> \n          <div class=\"hover-wrap-inner\">\n            <img loading=\"lazy\" decoding=\"async\" class=\"img-with-animation skip-lazy\" data-delay=\"0\" height=\"1108\" width=\"1920\" data-animation=\"none\" src=\"https:\/\/www.cactusfleuri.ca\/wp-content\/uploads\/2025\/07\/succulentes-assortie-25f-1920pxCOMP.jpg\" alt=\"succulentes assortie 2,5&#039;&#039;f 1920pxcomp\" srcset=\"https:\/\/www.cactusfleuri.ca\/wp-content\/uploads\/2025\/07\/succulentes-assortie-25f-1920pxCOMP.jpg 1920w, https:\/\/www.cactusfleuri.ca\/wp-content\/uploads\/2025\/07\/succulentes-assortie-25f-1920pxCOMP-600x346.jpg 600w, https:\/\/www.cactusfleuri.ca\/wp-content\/uploads\/2025\/07\/succulentes-assortie-25f-1920pxCOMP-300x173.jpg 300w, https:\/\/www.cactusfleuri.ca\/wp-content\/uploads\/2025\/07\/succulentes-assortie-25f-1920pxCOMP-1024x591.jpg 1024w, https:\/\/www.cactusfleuri.ca\/wp-content\/uploads\/2025\/07\/succulentes-assortie-25f-1920pxCOMP-768x443.jpg 768w, https:\/\/www.cactusfleuri.ca\/wp-content\/uploads\/2025\/07\/succulentes-assortie-25f-1920pxCOMP-1536x886.jpg 1536w, https:\/\/www.cactusfleuri.ca\/wp-content\/uploads\/2025\/07\/succulentes-assortie-25f-1920pxCOMP-18x10.jpg 18w\" sizes=\"auto, (max-width: 1920px) 100vw, 1920px\" \/>\n          <\/div>\n        <\/div>\n      <\/div>\n    <\/div><div class=\"img-with-aniamtion-wrap\" data-max-width=\"100%\" data-max-width-mobile=\"default\" data-shadow=\"small_depth\" data-animation=\"none\" >\n      <div class=\"inner\">\n        <div class=\"hover-wrap\"> \n          <div class=\"hover-wrap-inner\">\n            <img loading=\"lazy\" decoding=\"async\" class=\"img-with-animation skip-lazy\" data-delay=\"0\" height=\"1577\" width=\"1920\" data-animation=\"none\" src=\"https:\/\/www.cactusfleuri.ca\/wp-content\/uploads\/2025\/07\/succulentes-assortie-25e-1920pxCOMP.jpg\" alt=\"succulentes assortie 2,5&#039;&#039;e 1920pxcomp\" srcset=\"https:\/\/www.cactusfleuri.ca\/wp-content\/uploads\/2025\/07\/succulentes-assortie-25e-1920pxCOMP.jpg 1920w, https:\/\/www.cactusfleuri.ca\/wp-content\/uploads\/2025\/07\/succulentes-assortie-25e-1920pxCOMP-600x493.jpg 600w, https:\/\/www.cactusfleuri.ca\/wp-content\/uploads\/2025\/07\/succulentes-assortie-25e-1920pxCOMP-300x246.jpg 300w, https:\/\/www.cactusfleuri.ca\/wp-content\/uploads\/2025\/07\/succulentes-assortie-25e-1920pxCOMP-1024x841.jpg 1024w, https:\/\/www.cactusfleuri.ca\/wp-content\/uploads\/2025\/07\/succulentes-assortie-25e-1920pxCOMP-768x631.jpg 768w, https:\/\/www.cactusfleuri.ca\/wp-content\/uploads\/2025\/07\/succulentes-assortie-25e-1920pxCOMP-1536x1262.jpg 1536w, https:\/\/www.cactusfleuri.ca\/wp-content\/uploads\/2025\/07\/succulentes-assortie-25e-1920pxCOMP-15x12.jpg 15w\" sizes=\"auto, (max-width: 1920px) 100vw, 1920px\" \/>\n          <\/div>\n        <\/div>\n      <\/div>\n    <\/div><div class=\"img-with-aniamtion-wrap\" data-max-width=\"100%\" data-max-width-mobile=\"default\" data-shadow=\"small_depth\" data-animation=\"none\" >\n      <div class=\"inner\">\n        <div class=\"hover-wrap\"> \n          <div class=\"hover-wrap-inner\">\n            <img loading=\"lazy\" decoding=\"async\" class=\"img-with-animation skip-lazy\" data-delay=\"0\" height=\"1280\" width=\"1920\" data-animation=\"none\" src=\"https:\/\/www.cactusfleuri.ca\/wp-content\/uploads\/2025\/06\/Jardin-desertique-concours-1920-pxComp.jpg\" alt=\"Jardin d\u00e9sertique - Cadeau corporatif - Le Cactus Fleuri\" srcset=\"https:\/\/www.cactusfleuri.ca\/wp-content\/uploads\/2025\/06\/Jardin-desertique-concours-1920-pxComp.jpg 1920w, https:\/\/www.cactusfleuri.ca\/wp-content\/uploads\/2025\/06\/Jardin-desertique-concours-1920-pxComp-600x400.jpg 600w, https:\/\/www.cactusfleuri.ca\/wp-content\/uploads\/2025\/06\/Jardin-desertique-concours-1920-pxComp-300x200.jpg 300w, https:\/\/www.cactusfleuri.ca\/wp-content\/uploads\/2025\/06\/Jardin-desertique-concours-1920-pxComp-1024x683.jpg 1024w, https:\/\/www.cactusfleuri.ca\/wp-content\/uploads\/2025\/06\/Jardin-desertique-concours-1920-pxComp-768x512.jpg 768w, https:\/\/www.cactusfleuri.ca\/wp-content\/uploads\/2025\/06\/Jardin-desertique-concours-1920-pxComp-1536x1024.jpg 1536w, https:\/\/www.cactusfleuri.ca\/wp-content\/uploads\/2025\/06\/Jardin-desertique-concours-1920-pxComp-18x12.jpg 18w, https:\/\/www.cactusfleuri.ca\/wp-content\/uploads\/2025\/06\/Jardin-desertique-concours-1920-pxComp-900x600.jpg 900w\" sizes=\"auto, (max-width: 1920px) 100vw, 1920px\" \/>\n          <\/div>\n        <\/div>\n      <\/div>\n    <\/div>\n\t\t<\/div> \n\t<\/div>\n\t<\/div> \n<\/div><\/div>\n\t\t\t<\/div> \n\t\t<\/div>\n\t<\/div> \n\n\t<div  class=\"vc_col-sm-12 wpb_column column_container vc_column_container col no-extra-padding inherit_tablet inherit_phone\"  data-padding-pos=\"all\" data-has-bg-color=\"false\" data-bg-color=\"\" data-bg-opacity=\"1\" data-animation=\"\" data-delay=\"0\" >\n\t\t<div class=\"vc_column-inner\" >\n\t\t\t<div class=\"wpb_wrapper\">\n\t\t\t\t\n\t\t\t<\/div> \n\t\t<\/div>\n\t<\/div> \n<\/div><\/div>","protected":false},"excerpt":{"rendered":"Pour une ambiance qui sort de l'ordinaire, d\u00e9marquez-vous! D\u00e9cors tropicaux &amp; cadeaux personnalis\u00e9s Salles de banquet Festivals Expositions Galas Prix de pr\u00e9sence Cadeaux corporatifs Faites comme eux Contactez-nous pour donner...","protected":false},"author":3,"featured_media":0,"parent":0,"menu_order":0,"comment_status":"closed","ping_status":"closed","template":"","meta":{"_seopress_robots_primary_cat":"","_seopress_titles_title":"\u00c9v\u00e8nements Corporatifs | Le Cactus Fleuri","_seopress_titles_desc":"Cadeaux pour employ\u00e9s et clients, d\u00e9coration de salles de banquet ou de gala, prix de pr\u00e9sence pour les \u00e9v\u00e9nements. Festivals et expositions.","_seopress_robots_index":"","_seopress_analysis_target_kw":"cadeaux,centre de table,d\u00e9coration de salle,prix de pr\u00e9sence,partys de bureau,\u00e9v\u00e9nement corporatif,salle de banquet,festivals,expositions","footnotes":""},"class_list":["post-12679","page","type-page","status-publish"],"_links":{"self":[{"href":"https:\/\/www.cactusfleuri.ca\/en\/wp-json\/wp\/v2\/pages\/12679","targetHints":{"allow":["GET"]}}],"collection":[{"href":"https:\/\/www.cactusfleuri.ca\/en\/wp-json\/wp\/v2\/pages"}],"about":[{"href":"https:\/\/www.cactusfleuri.ca\/en\/wp-json\/wp\/v2\/types\/page"}],"author":[{"embeddable":true,"href":"https:\/\/www.cactusfleuri.ca\/en\/wp-json\/wp\/v2\/users\/3"}],"replies":[{"embeddable":true,"href":"https:\/\/www.cactusfleuri.ca\/en\/wp-json\/wp\/v2\/comments?post=12679"}],"version-history":[{"count":52,"href":"https:\/\/www.cactusfleuri.ca\/en\/wp-json\/wp\/v2\/pages\/12679\/revisions"}],"predecessor-version":[{"id":14923,"href":"https:\/\/www.cactusfleuri.ca\/en\/wp-json\/wp\/v2\/pages\/12679\/revisions\/14923"}],"wp:attachment":[{"href":"https:\/\/www.cactusfleuri.ca\/en\/wp-json\/wp\/v2\/media?parent=12679"}],"curies":[{"name":"wp","href":"https:\/\/api.w.org\/{rel}","templated":true}]}}